{"id":26823,"date":"2025-11-09T10:23:02","date_gmt":"2025-11-09T09:23:02","guid":{"rendered":"https:\/\/www.ebra-semoir.fr\/?page_id=26823"},"modified":"2026-02-02T10:50:17","modified_gmt":"2026-02-02T09:50:17","slug":"boutique-semoirs","status":"publish","type":"page","link":"https:\/\/www.ebra-semoir.fr\/en\/boutique-semoirs\/","title":{"rendered":"Boutique semoirs"},"content":{"rendered":"<div class=\"wp-block-columns is-layout-flex wp-container-core-columns-is-layout-9d6595d7 wp-block-columns-is-layout-flex\">\n<div class=\"wp-block-column is-layout-flow wp-block-column-is-layout-flow\" style=\"flex-basis:100%\">\n<div class=\"wp-block-cover is-light wp-duotone-dark-grayscale\" style=\"min-height:160px;aspect-ratio:unset;\"><img fetchpriority=\"high\" decoding=\"async\" width=\"1800\" height=\"333\" class=\"wp-block-cover__image-background wp-image-25492\" alt=\"\" src=\"https:\/\/www.ebra-semoir.fr\/wp-content\/uploads\/2024\/05\/heroes-fond-champ-1800x333jpg.jpg\" data-object-fit=\"cover\" srcset=\"https:\/\/www.ebra-semoir.fr\/wp-content\/uploads\/2024\/05\/heroes-fond-champ-1800x333jpg.jpg 1800w, https:\/\/www.ebra-semoir.fr\/wp-content\/uploads\/2024\/05\/heroes-fond-champ-1800x333jpg-300x56.jpg 300w, https:\/\/www.ebra-semoir.fr\/wp-content\/uploads\/2024\/05\/heroes-fond-champ-1800x333jpg-1024x189.jpg 1024w, https:\/\/www.ebra-semoir.fr\/wp-content\/uploads\/2024\/05\/heroes-fond-champ-1800x333jpg-768x142.jpg 768w, https:\/\/www.ebra-semoir.fr\/wp-content\/uploads\/2024\/05\/heroes-fond-champ-1800x333jpg-1536x284.jpg 1536w, https:\/\/www.ebra-semoir.fr\/wp-content\/uploads\/2024\/05\/heroes-fond-champ-1800x333jpg-18x3.jpg 18w, https:\/\/www.ebra-semoir.fr\/wp-content\/uploads\/2024\/05\/heroes-fond-champ-1800x333jpg-500x93.jpg 500w\" sizes=\"(max-width: 1800px) 100vw, 1800px\" \/><span aria-hidden=\"true\" class=\"wp-block-cover__background has-background-dim\" style=\"background-color:#8a9b73\"><\/span><div class=\"wp-block-cover__inner-container is-layout-constrained wp-block-cover-is-layout-constrained\">\n<p class=\"has-text-align-center has-white-color has-text-color has-link-color has-x-large-font-size wp-elements-399d5db43c907077fcd48b68365079de\"><strong>SHOP<\/strong><\/p>\n\n\n\n<p class=\"has-text-align-center has-white-color has-text-color has-link-color has-x-large-font-size wp-elements-023fc87fa757dedda1dd5da209b5a7b3\"><strong>SEMOIRS<\/strong><\/p>\n<\/div><\/div>\n\n\n\n<div style=\"height:20px\" aria-hidden=\"true\" class=\"wp-block-spacer\"><\/div>\n\n\n\n<div class=\"wp-block-columns is-layout-flex wp-container-core-columns-is-layout-9d6595d7 wp-block-columns-is-layout-flex\">\n<div class=\"wp-block-column is-layout-flow wp-block-column-is-layout-flow\" style=\"flex-basis:5%\"><\/div>\n\n\n\n<div class=\"wp-block-column is-layout-flow wp-block-column-is-layout-flow\" style=\"flex-basis:90%\">\n<div class=\"wp-block-columns is-layout-flex wp-container-core-columns-is-layout-9d6595d7 wp-block-columns-is-layout-flex\">\n<div class=\"wp-block-column is-layout-flow wp-block-column-is-layout-flow\">\n<div class=\"wp-block-buttons is-content-justification-center is-layout-flex wp-container-core-buttons-is-layout-16018d1d wp-block-buttons-is-layout-flex\">\n<div class=\"wp-block-button has-custom-width wp-block-button__width-100\"><a class=\"wp-block-button__link has-vivid-red-background-color has-background has-custom-font-size wp-element-button\" href=\"\/en\/choix-du-modele-sj\/\" style=\"font-size:10px\">Semoirs manuels<br>gamme SJ<\/a><\/div>\n<\/div>\n\n\n\n<div style=\"height:20px\" aria-hidden=\"true\" class=\"wp-block-spacer\"><\/div>\n\n\n<div class=\"wp-block-image\">\n<figure class=\"aligncenter size-large is-resized\"><a href=\"\/en\/choix-du-modele-sj\/\"><img decoding=\"async\" width=\"1024\" height=\"708\" src=\"https:\/\/www.ebra-semoir.fr\/wp-content\/uploads\/2025\/11\/Semoir-Manuel-EBRA-SJ-Expert-1024x708.jpg\" alt=\"\" class=\"wp-image-27024\" style=\"aspect-ratio:1;object-fit:cover;width:240px\" srcset=\"https:\/\/www.ebra-semoir.fr\/wp-content\/uploads\/2025\/11\/Semoir-Manuel-EBRA-SJ-Expert-1024x708.jpg 1024w, https:\/\/www.ebra-semoir.fr\/wp-content\/uploads\/2025\/11\/Semoir-Manuel-EBRA-SJ-Expert-300x208.jpg 300w, https:\/\/www.ebra-semoir.fr\/wp-content\/uploads\/2025\/11\/Semoir-Manuel-EBRA-SJ-Expert-768x531.jpg 768w, https:\/\/www.ebra-semoir.fr\/wp-content\/uploads\/2025\/11\/Semoir-Manuel-EBRA-SJ-Expert-18x12.jpg 18w, https:\/\/www.ebra-semoir.fr\/wp-content\/uploads\/2025\/11\/Semoir-Manuel-EBRA-SJ-Expert-500x346.jpg 500w, https:\/\/www.ebra-semoir.fr\/wp-content\/uploads\/2025\/11\/Semoir-Manuel-EBRA-SJ-Expert.jpg 1333w\" sizes=\"(max-width: 1024px) 100vw, 1024px\" \/><\/a><\/figure>\n<\/div>\n\n\n<p class=\"has-text-align-center has-medium-font-size\"><br><strong>SJ range<\/strong><\/p>\n\n\n\n<p class=\"has-text-align-center\"><strong>Des semoirs manuels Pro<\/strong><\/p>\n\n\n\n<p class=\"has-text-align-center\"><strong>m\u00eame pour les petites surfaces<\/strong><\/p>\n<\/div>\n\n\n\n<div class=\"wp-block-column is-layout-flow wp-block-column-is-layout-flow\">\n<div class=\"wp-block-buttons is-layout-flex wp-block-buttons-is-layout-flex\">\n<div class=\"wp-block-button\"><a class=\"wp-block-button__link has-vivid-red-background-color has-background has-custom-font-size wp-element-button\" href=\"\/en\/choix-du-modele-ms21\/\" style=\"font-size:10px\">Semoirs attel\u00e9s pour terres finement pr\u00e9par\u00e9es<\/a><\/div>\n<\/div>\n\n\n\n<div style=\"height:20px\" aria-hidden=\"true\" class=\"wp-block-spacer\"><\/div>\n\n\n<div class=\"wp-block-image\">\n<figure class=\"aligncenter size-large is-resized\"><a href=\"\/en\/choix-du-modele-ms21\/\"><img decoding=\"async\" width=\"1024\" height=\"743\" src=\"https:\/\/www.ebra-semoir.fr\/wp-content\/uploads\/2025\/11\/MS-21-Expert-1024x743.jpg\" alt=\"Semoir attel\u00e9 Ebra MS 21\" class=\"wp-image-27039\" style=\"aspect-ratio:1;object-fit:cover;width:240px\" srcset=\"https:\/\/www.ebra-semoir.fr\/wp-content\/uploads\/2025\/11\/MS-21-Expert-1024x743.jpg 1024w, https:\/\/www.ebra-semoir.fr\/wp-content\/uploads\/2025\/11\/MS-21-Expert-300x218.jpg 300w, https:\/\/www.ebra-semoir.fr\/wp-content\/uploads\/2025\/11\/MS-21-Expert-768x557.jpg 768w, https:\/\/www.ebra-semoir.fr\/wp-content\/uploads\/2025\/11\/MS-21-Expert-1536x1115.jpg 1536w, https:\/\/www.ebra-semoir.fr\/wp-content\/uploads\/2025\/11\/MS-21-Expert-18x12.jpg 18w, https:\/\/www.ebra-semoir.fr\/wp-content\/uploads\/2025\/11\/MS-21-Expert-500x363.jpg 500w, https:\/\/www.ebra-semoir.fr\/wp-content\/uploads\/2025\/11\/MS-21-Expert.jpg 1721w\" sizes=\"(max-width: 1024px) 100vw, 1024px\" \/><\/a><\/figure>\n<\/div>\n\n\n<p class=\"has-text-align-center has-medium-font-size\"><br><strong>MS 21 range<\/strong><\/p>\n\n\n\n<p class=\"has-text-align-center\"><strong>Le semoir attel\u00e9 de r\u00e9f\u00e9rence<\/strong><\/p>\n\n\n\n<p class=\"has-text-align-center\"><strong>pour terres fines et bien pr\u00e9par\u00e9es<\/strong><\/p>\n<\/div>\n\n\n\n<div class=\"wp-block-column is-layout-flow wp-block-column-is-layout-flow\">\n<div class=\"wp-block-buttons is-layout-flex wp-container-core-buttons-is-layout-132b0da8 wp-block-buttons-is-layout-flex\">\n<div class=\"wp-block-button\"><a class=\"wp-block-button__link has-vivid-red-background-color has-background has-custom-font-size wp-element-button\" href=\"\/en\/choix-du-modele-su201\/\" style=\"font-size:10px\">Semoirs attel\u00e9s pour plein champ<\/a><\/div>\n<\/div>\n\n\n\n<div style=\"height:20px\" aria-hidden=\"true\" class=\"wp-block-spacer\"><\/div>\n\n\n<div class=\"wp-block-image\">\n<figure class=\"aligncenter size-large is-resized\"><a href=\"\/en\/choix-du-modele-su201\/\"><img loading=\"lazy\" decoding=\"async\" width=\"1024\" height=\"728\" src=\"https:\/\/www.ebra-semoir.fr\/wp-content\/uploads\/2025\/11\/SU-201-Expert-1024x728.jpg\" alt=\"\" class=\"wp-image-27040\" style=\"aspect-ratio:1;object-fit:cover;width:240px\" srcset=\"https:\/\/www.ebra-semoir.fr\/wp-content\/uploads\/2025\/11\/SU-201-Expert-1024x728.jpg 1024w, https:\/\/www.ebra-semoir.fr\/wp-content\/uploads\/2025\/11\/SU-201-Expert-300x213.jpg 300w, https:\/\/www.ebra-semoir.fr\/wp-content\/uploads\/2025\/11\/SU-201-Expert-768x546.jpg 768w, https:\/\/www.ebra-semoir.fr\/wp-content\/uploads\/2025\/11\/SU-201-Expert-18x12.jpg 18w, https:\/\/www.ebra-semoir.fr\/wp-content\/uploads\/2025\/11\/SU-201-Expert-500x355.jpg 500w, https:\/\/www.ebra-semoir.fr\/wp-content\/uploads\/2025\/11\/SU-201-Expert.jpg 1487w\" sizes=\"(max-width: 1024px) 100vw, 1024px\" \/><\/a><\/figure>\n<\/div>\n\n\n<p class=\"has-text-align-center has-medium-font-size\"><br><strong>SU 201 range<\/strong><\/p>\n\n\n\n<p class=\"has-text-align-center\"><strong>Le semoir attel\u00e9<\/strong><\/p>\n\n\n\n<p class=\"has-text-align-center\"><strong>pour conditions difficiles<\/strong><\/p>\n<\/div>\n\n\n\n<div class=\"wp-block-column is-layout-flow wp-block-column-is-layout-flow\">\n<div class=\"wp-block-buttons is-layout-flex wp-block-buttons-is-layout-flex\">\n<div class=\"wp-block-button\"><a class=\"wp-block-button__link has-vivid-red-background-color has-background has-custom-font-size wp-element-button\" href=\"\/en\/choix-du-modele-ms23\/\" style=\"font-size:10px\">Semoirs attel\u00e9s pour rangs serr\u00e9s<\/a><\/div>\n<\/div>\n\n\n\n<div style=\"height:20px\" aria-hidden=\"true\" class=\"wp-block-spacer\"><\/div>\n\n\n<div class=\"wp-block-image\">\n<figure class=\"aligncenter size-large is-resized\"><a href=\"\/en\/choix-du-modele-ms23\/\"><img loading=\"lazy\" decoding=\"async\" width=\"1024\" height=\"726\" src=\"https:\/\/www.ebra-semoir.fr\/wp-content\/uploads\/2025\/11\/MS-23-Expert-1024x726.jpg\" alt=\"\" class=\"wp-image-27041\" style=\"aspect-ratio:1;object-fit:cover;width:240px\" srcset=\"https:\/\/www.ebra-semoir.fr\/wp-content\/uploads\/2025\/11\/MS-23-Expert-1024x726.jpg 1024w, https:\/\/www.ebra-semoir.fr\/wp-content\/uploads\/2025\/11\/MS-23-Expert-300x213.jpg 300w, https:\/\/www.ebra-semoir.fr\/wp-content\/uploads\/2025\/11\/MS-23-Expert-768x545.jpg 768w, https:\/\/www.ebra-semoir.fr\/wp-content\/uploads\/2025\/11\/MS-23-Expert-1536x1089.jpg 1536w, https:\/\/www.ebra-semoir.fr\/wp-content\/uploads\/2025\/11\/MS-23-Expert-18x12.jpg 18w, https:\/\/www.ebra-semoir.fr\/wp-content\/uploads\/2025\/11\/MS-23-Expert-500x355.jpg 500w, https:\/\/www.ebra-semoir.fr\/wp-content\/uploads\/2025\/11\/MS-23-Expert.jpg 1950w\" sizes=\"(max-width: 1024px) 100vw, 1024px\" \/><\/a><\/figure>\n<\/div>\n\n\n<p class=\"has-text-align-center has-medium-font-size\"><br><strong>MS 23 range<\/strong><\/p>\n\n\n\n<p class=\"has-text-align-center\"><strong>La version compacte,<\/strong><\/p>\n\n\n\n<p class=\"has-text-align-center\"><strong>pour des inter-rangs r\u00e9duits<\/strong><\/p>\n<\/div>\n\n\n\n<div class=\"wp-block-column is-layout-flow wp-block-column-is-layout-flow\">\n<div class=\"wp-block-buttons is-layout-flex wp-container-core-buttons-is-layout-132b0da8 wp-block-buttons-is-layout-flex\">\n<div class=\"wp-block-button\"><a class=\"wp-block-button__link has-vivid-red-background-color has-background has-custom-font-size wp-element-button\" href=\"\/en\/choix-du-modele-ms22\/\" style=\"font-size:10px\">Semoirs attel\u00e9s pour motoculteurs<\/a><\/div>\n<\/div>\n\n\n\n<div style=\"height:20px\" aria-hidden=\"true\" class=\"wp-block-spacer\"><\/div>\n\n\n<div class=\"wp-block-image\">\n<figure class=\"aligncenter size-large is-resized\"><a href=\"\/en\/choix-du-modele-ms22\/\"><img loading=\"lazy\" decoding=\"async\" width=\"1024\" height=\"768\" src=\"https:\/\/www.ebra-semoir.fr\/wp-content\/uploads\/2025\/11\/MS-22-Expert-1024x768.jpg\" alt=\"\" class=\"wp-image-27042\" style=\"aspect-ratio:1;object-fit:cover;width:240px\" srcset=\"https:\/\/www.ebra-semoir.fr\/wp-content\/uploads\/2025\/11\/MS-22-Expert-1024x768.jpg 1024w, https:\/\/www.ebra-semoir.fr\/wp-content\/uploads\/2025\/11\/MS-22-Expert-300x225.jpg 300w, https:\/\/www.ebra-semoir.fr\/wp-content\/uploads\/2025\/11\/MS-22-Expert-768x576.jpg 768w, https:\/\/www.ebra-semoir.fr\/wp-content\/uploads\/2025\/11\/MS-22-Expert-1536x1152.jpg 1536w, https:\/\/www.ebra-semoir.fr\/wp-content\/uploads\/2025\/11\/MS-22-Expert-2048x1536.jpg 2048w, https:\/\/www.ebra-semoir.fr\/wp-content\/uploads\/2025\/11\/MS-22-Expert-16x12.jpg 16w, https:\/\/www.ebra-semoir.fr\/wp-content\/uploads\/2025\/11\/MS-22-Expert-500x375.jpg 500w\" sizes=\"(max-width: 1024px) 100vw, 1024px\" \/><\/a><\/figure>\n<\/div>\n\n\n<p class=\"has-text-align-center has-medium-font-size\"><br><strong>MS 22 range<\/strong><\/p>\n\n\n\n<p class=\"has-text-align-center\"><strong>La version compacte<\/strong><\/p>\n\n\n\n<p class=\"has-text-align-center\"><strong>pour un attelage sur motoculteurs<\/strong><\/p>\n<\/div>\n<\/div>\n<\/div>\n\n\n\n<div class=\"wp-block-column is-layout-flow wp-block-column-is-layout-flow\" style=\"flex-basis:5%\"><\/div>\n<\/div>\n\n\n\n<div class=\"wp-block-columns is-layout-flex wp-container-core-columns-is-layout-9d6595d7 wp-block-columns-is-layout-flex\">\n<div class=\"wp-block-column is-layout-flow wp-block-column-is-layout-flow\" style=\"flex-basis:5%\"><\/div>\n\n\n\n<div class=\"wp-block-column is-layout-flow wp-block-column-is-layout-flow\" style=\"flex-basis:5%\"><\/div>\n<\/div>\n<\/div>\n<\/div>\n\n\n\n<p><\/p>","protected":false},"excerpt":{"rendered":"<p>Gamme SJ Des semoirs manuels Pro m\u00eame pour les petites surfaces Gamme MS 21 Le semoir attel\u00e9 de r\u00e9f\u00e9rence pour terres fines et bien pr\u00e9par\u00e9es Gamme SU 201 Le semoir attel\u00e9 pour conditions difficiles Gamme MS 23 La version compacte, pour des inter-rangs r\u00e9duits Gamme MS 22 La version compacte pour un attelage sur motoculteurs<\/p>","protected":false},"author":19,"featured_media":0,"parent":0,"menu_order":0,"comment_status":"closed","ping_status":"closed","template":"","meta":{"_gspb_post_css":"","footnotes":""},"class_list":["post-26823","page","type-page","status-publish","hentry","entry","owp-thumbs-layout-horizontal","owp-btn-normal","owp-tabs-layout-horizontal","has-no-thumbnails"],"yoast_head":"<!-- This site is optimized with the Yoast SEO plugin v27.3 - https:\/\/yoast.com\/product\/yoast-seo-wordpress\/ -->\n<title>Boutique semoirs - Semoirs Ebra<\/title>\n<meta name=\"robots\" content=\"index, follow, max-snippet:-1, max-image-preview:large, max-video-preview:-1\" \/>\n<link rel=\"canonical\" href=\"https:\/\/www.ebra-semoir.fr\/en\/boutique-semoirs\/\" \/>\n<meta property=\"og:locale\" content=\"en_US\" \/>\n<meta property=\"og:type\" content=\"article\" \/>\n<meta property=\"og:title\" content=\"Boutique semoirs - Semoirs Ebra\" \/>\n<meta property=\"og:description\" content=\"Gamme SJ Des semoirs manuels Pro m\u00eame pour les petites surfaces Gamme MS 21 Le semoir attel\u00e9 de r\u00e9f\u00e9rence pour terres fines et bien pr\u00e9par\u00e9es Gamme SU 201 Le semoir attel\u00e9 pour conditions difficiles Gamme MS 23 La version compacte, pour des inter-rangs r\u00e9duits Gamme MS 22 La version compacte pour un attelage sur motoculteurs\" \/>\n<meta property=\"og:url\" content=\"https:\/\/www.ebra-semoir.fr\/en\/boutique-semoirs\/\" \/>\n<meta property=\"og:site_name\" content=\"Semoirs Ebra\" \/>\n<meta property=\"article:modified_time\" content=\"2026-02-02T09:50:17+00:00\" \/>\n<meta property=\"og:image\" content=\"https:\/\/www.ebra-semoir.fr\/wp-content\/uploads\/2024\/05\/heroes-fond-champ-1800x333jpg.jpg\" \/>\n\t<meta property=\"og:image:width\" content=\"1800\" \/>\n\t<meta property=\"og:image:height\" content=\"333\" \/>\n\t<meta property=\"og:image:type\" content=\"image\/jpeg\" \/>\n<meta name=\"twitter:card\" content=\"summary_large_image\" \/>\n<meta name=\"twitter:label1\" content=\"Est. reading time\" \/>\n\t<meta name=\"twitter:data1\" content=\"2 minutes\" \/>\n<script type=\"application\/ld+json\" class=\"yoast-schema-graph\">{\"@context\":\"https:\\\/\\\/schema.org\",\"@graph\":[{\"@type\":\"WebPage\",\"@id\":\"https:\\\/\\\/www.ebra-semoir.fr\\\/boutique-semoirs\\\/\",\"url\":\"https:\\\/\\\/www.ebra-semoir.fr\\\/boutique-semoirs\\\/\",\"name\":\"Boutique semoirs - Semoirs Ebra\",\"isPartOf\":{\"@id\":\"https:\\\/\\\/www.ebra-semoir.fr\\\/#website\"},\"primaryImageOfPage\":{\"@id\":\"https:\\\/\\\/www.ebra-semoir.fr\\\/boutique-semoirs\\\/#primaryimage\"},\"image\":{\"@id\":\"https:\\\/\\\/www.ebra-semoir.fr\\\/boutique-semoirs\\\/#primaryimage\"},\"thumbnailUrl\":\"https:\\\/\\\/www.ebra-semoir.fr\\\/wp-content\\\/uploads\\\/2024\\\/05\\\/heroes-fond-champ-1800x333jpg.jpg\",\"datePublished\":\"2025-11-09T09:23:02+00:00\",\"dateModified\":\"2026-02-02T09:50:17+00:00\",\"breadcrumb\":{\"@id\":\"https:\\\/\\\/www.ebra-semoir.fr\\\/boutique-semoirs\\\/#breadcrumb\"},\"inLanguage\":\"en-US\",\"potentialAction\":[{\"@type\":\"ReadAction\",\"target\":[\"https:\\\/\\\/www.ebra-semoir.fr\\\/boutique-semoirs\\\/\"]}]},{\"@type\":\"ImageObject\",\"inLanguage\":\"en-US\",\"@id\":\"https:\\\/\\\/www.ebra-semoir.fr\\\/boutique-semoirs\\\/#primaryimage\",\"url\":\"https:\\\/\\\/www.ebra-semoir.fr\\\/wp-content\\\/uploads\\\/2024\\\/05\\\/heroes-fond-champ-1800x333jpg.jpg\",\"contentUrl\":\"https:\\\/\\\/www.ebra-semoir.fr\\\/wp-content\\\/uploads\\\/2024\\\/05\\\/heroes-fond-champ-1800x333jpg.jpg\"},{\"@type\":\"BreadcrumbList\",\"@id\":\"https:\\\/\\\/www.ebra-semoir.fr\\\/boutique-semoirs\\\/#breadcrumb\",\"itemListElement\":[{\"@type\":\"ListItem\",\"position\":1,\"name\":\"Accueil\",\"item\":\"https:\\\/\\\/www.ebra-semoir.fr\\\/\"},{\"@type\":\"ListItem\",\"position\":2,\"name\":\"Boutique semoirs\"}]},{\"@type\":\"WebSite\",\"@id\":\"https:\\\/\\\/www.ebra-semoir.fr\\\/#website\",\"url\":\"https:\\\/\\\/www.ebra-semoir.fr\\\/\",\"name\":\"Semoirs Ebra\",\"description\":\"Ebra - Les Semoirs de Pr\u00e9cision\",\"publisher\":{\"@id\":\"https:\\\/\\\/www.ebra-semoir.fr\\\/#organization\"},\"potentialAction\":[{\"@type\":\"SearchAction\",\"target\":{\"@type\":\"EntryPoint\",\"urlTemplate\":\"https:\\\/\\\/www.ebra-semoir.fr\\\/?s={search_term_string}\"},\"query-input\":{\"@type\":\"PropertyValueSpecification\",\"valueRequired\":true,\"valueName\":\"search_term_string\"}}],\"inLanguage\":\"en-US\"},{\"@type\":\"Organization\",\"@id\":\"https:\\\/\\\/www.ebra-semoir.fr\\\/#organization\",\"name\":\"Semoirs Ebra\",\"url\":\"https:\\\/\\\/www.ebra-semoir.fr\\\/\",\"logo\":{\"@type\":\"ImageObject\",\"inLanguage\":\"en-US\",\"@id\":\"https:\\\/\\\/www.ebra-semoir.fr\\\/#\\\/schema\\\/logo\\\/image\\\/\",\"url\":\"https:\\\/\\\/www.ebra-semoir.fr\\\/wp-content\\\/uploads\\\/2018\\\/05\\\/logo-ebra-white.png\",\"contentUrl\":\"https:\\\/\\\/www.ebra-semoir.fr\\\/wp-content\\\/uploads\\\/2018\\\/05\\\/logo-ebra-white.png\",\"width\":208,\"height\":78,\"caption\":\"Semoirs Ebra\"},\"image\":{\"@id\":\"https:\\\/\\\/www.ebra-semoir.fr\\\/#\\\/schema\\\/logo\\\/image\\\/\"}}]}<\/script>\n<!-- \/ Yoast SEO plugin. -->","yoast_head_json":{"title":"Boutique semoirs - Semoirs Ebra","robots":{"index":"index","follow":"follow","max-snippet":"max-snippet:-1","max-image-preview":"max-image-preview:large","max-video-preview":"max-video-preview:-1"},"canonical":"https:\/\/www.ebra-semoir.fr\/en\/boutique-semoirs\/","og_locale":"en_US","og_type":"article","og_title":"Boutique semoirs - Semoirs Ebra","og_description":"Gamme SJ Des semoirs manuels Pro m\u00eame pour les petites surfaces Gamme MS 21 Le semoir attel\u00e9 de r\u00e9f\u00e9rence pour terres fines et bien pr\u00e9par\u00e9es Gamme SU 201 Le semoir attel\u00e9 pour conditions difficiles Gamme MS 23 La version compacte, pour des inter-rangs r\u00e9duits Gamme MS 22 La version compacte pour un attelage sur motoculteurs","og_url":"https:\/\/www.ebra-semoir.fr\/en\/boutique-semoirs\/","og_site_name":"Semoirs Ebra","article_modified_time":"2026-02-02T09:50:17+00:00","og_image":[{"width":1800,"height":333,"url":"https:\/\/www.ebra-semoir.fr\/wp-content\/uploads\/2024\/05\/heroes-fond-champ-1800x333jpg.jpg","type":"image\/jpeg"}],"twitter_card":"summary_large_image","twitter_misc":{"Est. reading time":"2 minutes"},"schema":{"@context":"https:\/\/schema.org","@graph":[{"@type":"WebPage","@id":"https:\/\/www.ebra-semoir.fr\/boutique-semoirs\/","url":"https:\/\/www.ebra-semoir.fr\/boutique-semoirs\/","name":"Boutique semoirs - Semoirs Ebra","isPartOf":{"@id":"https:\/\/www.ebra-semoir.fr\/#website"},"primaryImageOfPage":{"@id":"https:\/\/www.ebra-semoir.fr\/boutique-semoirs\/#primaryimage"},"image":{"@id":"https:\/\/www.ebra-semoir.fr\/boutique-semoirs\/#primaryimage"},"thumbnailUrl":"https:\/\/www.ebra-semoir.fr\/wp-content\/uploads\/2024\/05\/heroes-fond-champ-1800x333jpg.jpg","datePublished":"2025-11-09T09:23:02+00:00","dateModified":"2026-02-02T09:50:17+00:00","breadcrumb":{"@id":"https:\/\/www.ebra-semoir.fr\/boutique-semoirs\/#breadcrumb"},"inLanguage":"en-US","potentialAction":[{"@type":"ReadAction","target":["https:\/\/www.ebra-semoir.fr\/boutique-semoirs\/"]}]},{"@type":"ImageObject","inLanguage":"en-US","@id":"https:\/\/www.ebra-semoir.fr\/boutique-semoirs\/#primaryimage","url":"https:\/\/www.ebra-semoir.fr\/wp-content\/uploads\/2024\/05\/heroes-fond-champ-1800x333jpg.jpg","contentUrl":"https:\/\/www.ebra-semoir.fr\/wp-content\/uploads\/2024\/05\/heroes-fond-champ-1800x333jpg.jpg"},{"@type":"BreadcrumbList","@id":"https:\/\/www.ebra-semoir.fr\/boutique-semoirs\/#breadcrumb","itemListElement":[{"@type":"ListItem","position":1,"name":"Accueil","item":"https:\/\/www.ebra-semoir.fr\/"},{"@type":"ListItem","position":2,"name":"Boutique semoirs"}]},{"@type":"WebSite","@id":"https:\/\/www.ebra-semoir.fr\/#website","url":"https:\/\/www.ebra-semoir.fr\/","name":"Semoirs Ebra","description":"Ebra - Les Semoirs de Pr\u00e9cision","publisher":{"@id":"https:\/\/www.ebra-semoir.fr\/#organization"},"potentialAction":[{"@type":"SearchAction","target":{"@type":"EntryPoint","urlTemplate":"https:\/\/www.ebra-semoir.fr\/?s={search_term_string}"},"query-input":{"@type":"PropertyValueSpecification","valueRequired":true,"valueName":"search_term_string"}}],"inLanguage":"en-US"},{"@type":"Organization","@id":"https:\/\/www.ebra-semoir.fr\/#organization","name":"Semoirs Ebra","url":"https:\/\/www.ebra-semoir.fr\/","logo":{"@type":"ImageObject","inLanguage":"en-US","@id":"https:\/\/www.ebra-semoir.fr\/#\/schema\/logo\/image\/","url":"https:\/\/www.ebra-semoir.fr\/wp-content\/uploads\/2018\/05\/logo-ebra-white.png","contentUrl":"https:\/\/www.ebra-semoir.fr\/wp-content\/uploads\/2018\/05\/logo-ebra-white.png","width":208,"height":78,"caption":"Semoirs Ebra"},"image":{"@id":"https:\/\/www.ebra-semoir.fr\/#\/schema\/logo\/image\/"}}]}},"_links":{"self":[{"href":"https:\/\/www.ebra-semoir.fr\/en\/wp-json\/wp\/v2\/pages\/26823","targetHints":{"allow":["GET"]}}],"collection":[{"href":"https:\/\/www.ebra-semoir.fr\/en\/wp-json\/wp\/v2\/pages"}],"about":[{"href":"https:\/\/www.ebra-semoir.fr\/en\/wp-json\/wp\/v2\/types\/page"}],"author":[{"embeddable":true,"href":"https:\/\/www.ebra-semoir.fr\/en\/wp-json\/wp\/v2\/users\/19"}],"replies":[{"embeddable":true,"href":"https:\/\/www.ebra-semoir.fr\/en\/wp-json\/wp\/v2\/comments?post=26823"}],"version-history":[{"count":59,"href":"https:\/\/www.ebra-semoir.fr\/en\/wp-json\/wp\/v2\/pages\/26823\/revisions"}],"predecessor-version":[{"id":28663,"href":"https:\/\/www.ebra-semoir.fr\/en\/wp-json\/wp\/v2\/pages\/26823\/revisions\/28663"}],"wp:attachment":[{"href":"https:\/\/www.ebra-semoir.fr\/en\/wp-json\/wp\/v2\/media?parent=26823"}],"curies":[{"name":"wp","href":"https:\/\/api.w.org\/{rel}","templated":true}]}}