{"id":26983,"date":"2025-11-19T15:22:20","date_gmt":"2025-11-19T14:22:20","guid":{"rendered":"https:\/\/www.ebra-semoir.fr\/?page_id=26983"},"modified":"2026-02-08T21:00:35","modified_gmt":"2026-02-08T20:00:35","slug":"boutique-disques","status":"publish","type":"page","link":"https:\/\/www.ebra-semoir.fr\/en\/boutique-disques\/","title":{"rendered":"Boutique disques"},"content":{"rendered":"<div class=\"wp-block-cover is-light wp-duotone-dark-grayscale\" style=\"min-height:160px;aspect-ratio:unset;\"><img fetchpriority=\"high\" decoding=\"async\" width=\"1800\" height=\"333\" class=\"wp-block-cover__image-background wp-image-25492\" alt=\"\" src=\"https:\/\/www.ebra-semoir.fr\/wp-content\/uploads\/2024\/05\/heroes-fond-champ-1800x333jpg.jpg\" data-object-fit=\"cover\" srcset=\"https:\/\/www.ebra-semoir.fr\/wp-content\/uploads\/2024\/05\/heroes-fond-champ-1800x333jpg.jpg 1800w, https:\/\/www.ebra-semoir.fr\/wp-content\/uploads\/2024\/05\/heroes-fond-champ-1800x333jpg-300x56.jpg 300w, https:\/\/www.ebra-semoir.fr\/wp-content\/uploads\/2024\/05\/heroes-fond-champ-1800x333jpg-1024x189.jpg 1024w, https:\/\/www.ebra-semoir.fr\/wp-content\/uploads\/2024\/05\/heroes-fond-champ-1800x333jpg-768x142.jpg 768w, https:\/\/www.ebra-semoir.fr\/wp-content\/uploads\/2024\/05\/heroes-fond-champ-1800x333jpg-1536x284.jpg 1536w, https:\/\/www.ebra-semoir.fr\/wp-content\/uploads\/2024\/05\/heroes-fond-champ-1800x333jpg-18x3.jpg 18w, https:\/\/www.ebra-semoir.fr\/wp-content\/uploads\/2024\/05\/heroes-fond-champ-1800x333jpg-500x93.jpg 500w\" sizes=\"(max-width: 1800px) 100vw, 1800px\" \/><span aria-hidden=\"true\" class=\"wp-block-cover__background has-background-dim\" style=\"background-color:#8a9b73\"><\/span><div class=\"wp-block-cover__inner-container is-layout-constrained wp-block-cover-is-layout-constrained\">\n<p class=\"has-text-align-center has-white-color has-text-color has-link-color has-x-large-font-size wp-elements-399d5db43c907077fcd48b68365079de\"><strong>SHOP<\/strong><\/p>\n\n\n\n<p class=\"has-text-align-center has-white-color has-text-color has-link-color has-x-large-font-size wp-elements-e74cac0bed40bbdc2013d325a4e1a69e\"><strong>DISQUES<\/strong><\/p>\n<\/div><\/div>\n\n\n\n<table class=\"gsbp-1b73909\">\n<tr>\n<th class=\"gsbp-dd19b07\">\u00c9TAPE 1<\/th>\n\n\n\n<th class=\"gsbp-0eb1ccd\">\u00c9TAPE 2<\/th>\n\n\n\n<th class=\"gsbp-10d7f4d\">\u00c9TAPE 3<\/th>\n\n\n\n<th class=\"gsbp-27d1991\">\u00c9TAPE 4<\/th>\n\n\n\n<th class=\"gsbp-357e305\">\u00c9TAPE 5<\/th>\n<\/tr>\n\n\n\n<tr>\n<td class=\"gsbp-2e7efaa\">Choisissez le mod\u00e8le de votre semoir<\/td>\n\n\n\n<td class=\"gsbp-edefb87\">Choisissez vos accessoires<\/td>\n\n\n\n<td class=\"gsbp-8798a74\">Choisissez vos disques distributeurs<\/td>\n\n\n\n<td class=\"gsbp-fd333e8\">Passez votre commande<\/td>\n\n\n\n<td class=\"gsbp-bd7a424\">Effectuez votre paiement<\/td>\n<\/tr>\n<\/table>\n\n\n\n<div style=\"height:10px\" aria-hidden=\"true\" class=\"wp-block-spacer\"><\/div>\n\n\n\n<div class=\"wp-block-columns is-layout-flex wp-container-core-columns-is-layout-9d6595d7 wp-block-columns-is-layout-flex\">\n<div class=\"wp-block-column is-layout-flow wp-block-column-is-layout-flow\" style=\"flex-basis:5px\"><\/div>\n\n\n\n<div class=\"wp-block-column is-layout-flow wp-block-column-is-layout-flow\"><\/div>\n\n\n\n<div class=\"wp-block-column is-layout-flow wp-block-column-is-layout-flow\" style=\"flex-basis:30%\">\n<div style=\"height:10px\" aria-hidden=\"true\" class=\"wp-block-spacer\"><\/div>\n\n\n\n<p class=\"has-text-align-center has-normal-font-size\"><strong>How to find the disc corresponding to your requirement ?&nbsp;<\/strong>?<\/p>\n\n\n\n<ul class=\"wp-block-list\">\n<li>Please have a look at the <a href=\"#categories-de-disques\">discs categories<\/a> in this page<\/li>\n<\/ul>\n\n\n\n<ul class=\"wp-block-list\">\n<li> Refer to the <a href=\"\/en\/disques-distributeurs\/#tableau-des-disques\">discs table<\/a><\/li>\n<\/ul>\n\n\n\n<ul class=\"wp-block-list\">\n<li>For a fast search :<\/li>\n<\/ul>\n\n\n\t\t<div class=\"ysm-search-widget ysm-search-widget-1\">\n\t\t\t<form data-id=\"1\" role=\"search\" method=\"get\" class=\"search-form\" action=\"https:\/\/www.ebra-semoir.fr\/en\/\" data-trp-original-action=\"https:\/\/www.ebra-semoir.fr\/en\/\">\n\t\t\t\t<div class=\"ysm-smart-search-input-holder\">\n\t\t\t\t\t<label for=\"ysm-smart-search-1-69de3c09b4502\">\n\t\t\t\t\t\t<span class=\"screen-reader-text\">Rechercher...<\/span>\n                        <input type=\"search\" name=\"s\" value=\"\" id=\"ysm-smart-search-1-69de3c09b4502\" class=\"search-field\" placeholder=\"Rechercher...\" \/>\n                    <\/label>\n\t\t\t\t\t<input type=\"hidden\" name=\"search_id\" value=\"1\" \/>\n\t\t\t\t\t\t\t\t\t\t\t<input type=\"hidden\" name=\"post_type\" value=\"product\" \/>\n\t\t\t\t\t\t\t\t\t\t\t\t\t\t\t<button type=\"submit\" class=\"search-submit\" aria-label=\"Search\"><span class=\"screen-reader-text\">Search<\/span><\/button>\n\t\t\t\t<\/div>\n\t\t\t<input type=\"hidden\" name=\"trp-form-language\" value=\"en\"\/><\/form>\n\t\t<\/div>\n\t\t\n\n\n\n<p class=\"has-text-align-center\" style=\"font-size:14px\">If the result of your search gives several discs, please click on each disc picture to get a detailed description. Feel free to contact us for assistance.<\/p>\n\n\n\n<p><\/p>\n<\/div>\n\n\n\n<div class=\"wp-block-column is-layout-flow wp-block-column-is-layout-flow\" style=\"flex-basis:5px\"><\/div>\n\n\n\n<div class=\"wp-block-column is-layout-flow wp-block-column-is-layout-flow\" style=\"flex-basis:60%\">\n<h3 class=\"wp-block-heading has-text-align-center\" id=\"les-categories-de-disques\">Les cat\u00e9gories de disques<\/h3>\n\n\n\n<div style=\"height:20px\" aria-hidden=\"true\" class=\"wp-block-spacer\"><\/div>\n\n\n\n<div class=\"wp-block-columns is-layout-flex wp-container-core-columns-is-layout-9d6595d7 wp-block-columns-is-layout-flex\">\n<div class=\"wp-block-column is-layout-flow wp-block-column-is-layout-flow\">\n<div class=\"wp-block-buttons is-content-justification-center is-layout-flex wp-container-core-buttons-is-layout-16018d1d wp-block-buttons-is-layout-flex\">\n<div class=\"wp-block-button has-custom-width wp-block-button__width-100\"><a class=\"wp-block-button__link has-vivid-red-background-color has-background wp-element-button\" href=\"\/en\/tres-petites-graines\/\">Discs for very small seeds<\/a><\/div>\n<\/div>\n<\/div>\n\n\n\n<div class=\"wp-block-column is-vertically-aligned-center is-layout-flow wp-block-column-is-layout-flow\">\n<div class=\"wp-block-buttons is-content-justification-center is-layout-flex wp-container-core-buttons-is-layout-16018d1d wp-block-buttons-is-layout-flex\">\n<div class=\"wp-block-button has-custom-width wp-block-button__width-100\"><a class=\"wp-block-button__link has-vivid-red-background-color has-background wp-element-button\" href=\"\/en\/petites-graines\/\">Discs for small seeds<\/a><\/div>\n<\/div>\n<\/div>\n<\/div>\n\n\n\n<div style=\"height:20px\" aria-hidden=\"true\" class=\"wp-block-spacer\"><\/div>\n\n\n\n<div class=\"wp-block-columns is-layout-flex wp-container-core-columns-is-layout-9d6595d7 wp-block-columns-is-layout-flex\">\n<div class=\"wp-block-column is-layout-flow wp-block-column-is-layout-flow\">\n<div class=\"wp-block-buttons is-content-justification-center is-layout-flex wp-container-core-buttons-is-layout-16018d1d wp-block-buttons-is-layout-flex\">\n<div class=\"wp-block-button has-custom-width wp-block-button__width-100\"><a class=\"wp-block-button__link has-vivid-red-background-color has-background wp-element-button\" href=\"\/en\/graines-moyennes-rondes\/\">Discs for round and medium-size seeds<\/a><\/div>\n<\/div>\n<\/div>\n\n\n\n<div class=\"wp-block-column is-layout-flow wp-block-column-is-layout-flow\">\n<div class=\"wp-block-buttons is-content-justification-center is-layout-flex wp-container-core-buttons-is-layout-16018d1d wp-block-buttons-is-layout-flex\">\n<div class=\"wp-block-button has-custom-width wp-block-button__width-100\"><a class=\"wp-block-button__link has-vivid-red-background-color has-background wp-element-button\" href=\"\/en\/haricots\/\">Discs for beans<\/a><\/div>\n<\/div>\n<\/div>\n<\/div>\n\n\n\n<div style=\"height:20px\" aria-hidden=\"true\" class=\"wp-block-spacer\"><\/div>\n\n\n\n<div class=\"wp-block-columns is-layout-flex wp-container-core-columns-is-layout-9d6595d7 wp-block-columns-is-layout-flex\">\n<div class=\"wp-block-column is-layout-flow wp-block-column-is-layout-flow\">\n<div class=\"wp-block-buttons is-content-justification-center is-layout-flex wp-container-core-buttons-is-layout-16018d1d wp-block-buttons-is-layout-flex\">\n<div class=\"wp-block-button has-custom-width wp-block-button__width-100\"><a class=\"wp-block-button__link has-vivid-red-background-color has-background has-text-align-center wp-element-button\" href=\"\/en\/feves-et-bulbilles\/\">Discs for broad beans and bulblets<\/a><\/div>\n<\/div>\n<\/div>\n\n\n\n<div class=\"wp-block-column is-layout-flow wp-block-column-is-layout-flow\">\n<div class=\"wp-block-buttons is-content-justification-center is-layout-flex wp-container-core-buttons-is-layout-16018d1d wp-block-buttons-is-layout-flex\">\n<div class=\"wp-block-button has-custom-width wp-block-button__width-100\"><a class=\"wp-block-button__link has-vivid-red-background-color has-background wp-element-button\" href=\"\/en\/graines-allongees-plates\/\">Discs for extended and flat seeds<\/a><\/div>\n<\/div>\n<\/div>\n<\/div>\n\n\n\n<div style=\"height:20px\" aria-hidden=\"true\" class=\"wp-block-spacer\"><\/div>\n\n\n\n<div class=\"wp-block-columns is-layout-flex wp-container-core-columns-is-layout-9d6595d7 wp-block-columns-is-layout-flex\">\n<div class=\"wp-block-column is-layout-flow wp-block-column-is-layout-flow\">\n<div class=\"wp-block-buttons is-content-justification-center is-layout-flex wp-container-core-buttons-is-layout-16018d1d wp-block-buttons-is-layout-flex\">\n<div class=\"wp-block-button has-custom-width wp-block-button__width-100\"><a class=\"wp-block-button__link has-vivid-red-background-color has-background wp-element-button\" href=\"\/en\/mais\/\">Discs for corn<\/a><\/div>\n<\/div>\n<\/div>\n\n\n\n<div class=\"wp-block-column is-layout-flow wp-block-column-is-layout-flow\">\n<div class=\"wp-block-buttons is-content-justification-center is-layout-flex wp-container-core-buttons-is-layout-16018d1d wp-block-buttons-is-layout-flex\">\n<div class=\"wp-block-button has-custom-width wp-block-button__width-100\"><a class=\"wp-block-button__link has-vivid-red-background-color has-background wp-element-button\" href=\"\/en\/cereales-soja\/\">Discs for cereals and soy<\/a><\/div>\n<\/div>\n<\/div>\n<\/div>\n<\/div>\n\n\n\n<div class=\"wp-block-column is-layout-flow wp-block-column-is-layout-flow\" style=\"flex-basis:5px\"><\/div>\n<\/div>\n\n\n\n<p><\/p>","protected":false},"excerpt":{"rendered":"<p>Comment trouver le disque dont vous avez besoin&nbsp;? Si plusieurs disques s&rsquo;affichent en r\u00e9ponse \u00e0 votre recherche, cliquer sur l&rsquo;image de chaque disque pour voir sa description d\u00e9taill\u00e9e. En cas d&rsquo;h\u00e9sitation, nous contacter. Les cat\u00e9gories de disques<\/p>","protected":false},"author":19,"featured_media":0,"parent":0,"menu_order":0,"comment_status":"closed","ping_status":"closed","template":"","meta":{"_gspb_post_css":".gsbp-1b73909{border-collapse:collapse;table-layout:fixed;width:100%}.gsbp-1b73909 td,.gsbp-1b73909 th{padding:6px 12px;border-style:solid;border-width:1px;border-color:var(--wp--preset--color--border, #00000012);font-size:14px}.gsbp-1b73909 th{font-size:16px;background-color:var(--wp--preset--color--lightbg, #cddceb21)}table th.gsbp-dd19b07{background-color:var(--wp--preset--color--white, #ffffff);color:var(--wp--preset--color--black, #000000)}table th.gsbp-0eb1ccd,table th.gsbp-10d7f4d,table th.gsbp-dd19b07{text-align:center;border-width:1px;border-color:var(--wp--preset--color--black, #000000);font-size:12px;font-weight:800}table th.gsbp-0eb1ccd{background-color:var(--wp--preset--color--white, #ffffff);color:var(--wp--preset--color--black, #000000)}table th.gsbp-10d7f4d{background-color:var(--wp--preset--color--vivid-red, #cf2e2e);color:var(--wp--preset--color--white, #ffffff)}table th.gsbp-27d1991{font-weight:800}table td.gsbp-2e7efaa,table td.gsbp-edefb87,table th.gsbp-27d1991,table th.gsbp-357e305{font-size:12px;text-align:center;border-width:1px;border-color:var(--wp--preset--color--black, #000000)}table th.gsbp-357e305{font-weight:800}table td.gsbp-2e7efaa,table td.gsbp-edefb87{background-color:var(--wp--preset--color--white, #ffffff);color:var(--wp--preset--color--black, #000000)}table td.gsbp-8798a74{background-color:var(--wp--preset--color--vivid-red, #cf2e2e);color:var(--wp--preset--color--white, #ffffff)}table td.gsbp-8798a74,table td.gsbp-bd7a424,table td.gsbp-fd333e8{font-size:12px;text-align:center;border-width:1px;border-color:var(--wp--preset--color--black, #000000)}","footnotes":""},"class_list":["post-26983","page","type-page","status-publish","hentry","entry","owp-thumbs-layout-horizontal","owp-btn-normal","owp-tabs-layout-horizontal","has-no-thumbnails"],"yoast_head":"<!-- This site is optimized with the Yoast SEO plugin v27.3 - https:\/\/yoast.com\/product\/yoast-seo-wordpress\/ -->\n<title>Boutique disques - Semoirs Ebra<\/title>\n<meta name=\"robots\" content=\"index, follow, max-snippet:-1, max-image-preview:large, max-video-preview:-1\" \/>\n<link rel=\"canonical\" href=\"https:\/\/www.ebra-semoir.fr\/en\/boutique-disques\/\" \/>\n<meta property=\"og:locale\" content=\"en_US\" \/>\n<meta property=\"og:type\" content=\"article\" \/>\n<meta property=\"og:title\" content=\"Boutique disques - Semoirs Ebra\" \/>\n<meta property=\"og:description\" content=\"Comment trouver le disque dont vous avez besoin&nbsp;? Si plusieurs disques s&rsquo;affichent en r\u00e9ponse \u00e0 votre recherche, cliquer sur l&rsquo;image de chaque disque pour voir sa description d\u00e9taill\u00e9e. En cas d&rsquo;h\u00e9sitation, nous contacter. Les cat\u00e9gories de disques\" \/>\n<meta property=\"og:url\" content=\"https:\/\/www.ebra-semoir.fr\/en\/boutique-disques\/\" \/>\n<meta property=\"og:site_name\" content=\"Semoirs Ebra\" \/>\n<meta property=\"article:modified_time\" content=\"2026-02-08T20:00:35+00:00\" \/>\n<meta property=\"og:image\" content=\"https:\/\/www.ebra-semoir.fr\/wp-content\/uploads\/2024\/05\/heroes-fond-champ-1800x333jpg.jpg\" \/>\n\t<meta property=\"og:image:width\" content=\"1800\" \/>\n\t<meta property=\"og:image:height\" content=\"333\" \/>\n\t<meta property=\"og:image:type\" content=\"image\/jpeg\" \/>\n<meta name=\"twitter:card\" content=\"summary_large_image\" \/>\n<meta name=\"twitter:label1\" content=\"Est. reading time\" \/>\n\t<meta name=\"twitter:data1\" content=\"1 minute\" \/>\n<script type=\"application\/ld+json\" class=\"yoast-schema-graph\">{\"@context\":\"https:\\\/\\\/schema.org\",\"@graph\":[{\"@type\":\"WebPage\",\"@id\":\"https:\\\/\\\/www.ebra-semoir.fr\\\/boutique-disques\\\/\",\"url\":\"https:\\\/\\\/www.ebra-semoir.fr\\\/boutique-disques\\\/\",\"name\":\"Boutique disques - Semoirs Ebra\",\"isPartOf\":{\"@id\":\"https:\\\/\\\/www.ebra-semoir.fr\\\/#website\"},\"primaryImageOfPage\":{\"@id\":\"https:\\\/\\\/www.ebra-semoir.fr\\\/boutique-disques\\\/#primaryimage\"},\"image\":{\"@id\":\"https:\\\/\\\/www.ebra-semoir.fr\\\/boutique-disques\\\/#primaryimage\"},\"thumbnailUrl\":\"https:\\\/\\\/www.ebra-semoir.fr\\\/wp-content\\\/uploads\\\/2024\\\/05\\\/heroes-fond-champ-1800x333jpg.jpg\",\"datePublished\":\"2025-11-19T14:22:20+00:00\",\"dateModified\":\"2026-02-08T20:00:35+00:00\",\"breadcrumb\":{\"@id\":\"https:\\\/\\\/www.ebra-semoir.fr\\\/boutique-disques\\\/#breadcrumb\"},\"inLanguage\":\"en-US\",\"potentialAction\":[{\"@type\":\"ReadAction\",\"target\":[\"https:\\\/\\\/www.ebra-semoir.fr\\\/boutique-disques\\\/\"]}]},{\"@type\":\"ImageObject\",\"inLanguage\":\"en-US\",\"@id\":\"https:\\\/\\\/www.ebra-semoir.fr\\\/boutique-disques\\\/#primaryimage\",\"url\":\"https:\\\/\\\/www.ebra-semoir.fr\\\/wp-content\\\/uploads\\\/2024\\\/05\\\/heroes-fond-champ-1800x333jpg.jpg\",\"contentUrl\":\"https:\\\/\\\/www.ebra-semoir.fr\\\/wp-content\\\/uploads\\\/2024\\\/05\\\/heroes-fond-champ-1800x333jpg.jpg\"},{\"@type\":\"BreadcrumbList\",\"@id\":\"https:\\\/\\\/www.ebra-semoir.fr\\\/boutique-disques\\\/#breadcrumb\",\"itemListElement\":[{\"@type\":\"ListItem\",\"position\":1,\"name\":\"Accueil\",\"item\":\"https:\\\/\\\/www.ebra-semoir.fr\\\/\"},{\"@type\":\"ListItem\",\"position\":2,\"name\":\"Boutique disques\"}]},{\"@type\":\"WebSite\",\"@id\":\"https:\\\/\\\/www.ebra-semoir.fr\\\/#website\",\"url\":\"https:\\\/\\\/www.ebra-semoir.fr\\\/\",\"name\":\"Semoirs Ebra\",\"description\":\"Ebra - Les Semoirs de Pr\u00e9cision\",\"publisher\":{\"@id\":\"https:\\\/\\\/www.ebra-semoir.fr\\\/#organization\"},\"potentialAction\":[{\"@type\":\"SearchAction\",\"target\":{\"@type\":\"EntryPoint\",\"urlTemplate\":\"https:\\\/\\\/www.ebra-semoir.fr\\\/?s={search_term_string}\"},\"query-input\":{\"@type\":\"PropertyValueSpecification\",\"valueRequired\":true,\"valueName\":\"search_term_string\"}}],\"inLanguage\":\"en-US\"},{\"@type\":\"Organization\",\"@id\":\"https:\\\/\\\/www.ebra-semoir.fr\\\/#organization\",\"name\":\"Semoirs Ebra\",\"url\":\"https:\\\/\\\/www.ebra-semoir.fr\\\/\",\"logo\":{\"@type\":\"ImageObject\",\"inLanguage\":\"en-US\",\"@id\":\"https:\\\/\\\/www.ebra-semoir.fr\\\/#\\\/schema\\\/logo\\\/image\\\/\",\"url\":\"https:\\\/\\\/www.ebra-semoir.fr\\\/wp-content\\\/uploads\\\/2018\\\/05\\\/logo-ebra-white.png\",\"contentUrl\":\"https:\\\/\\\/www.ebra-semoir.fr\\\/wp-content\\\/uploads\\\/2018\\\/05\\\/logo-ebra-white.png\",\"width\":208,\"height\":78,\"caption\":\"Semoirs Ebra\"},\"image\":{\"@id\":\"https:\\\/\\\/www.ebra-semoir.fr\\\/#\\\/schema\\\/logo\\\/image\\\/\"}}]}<\/script>\n<!-- \/ Yoast SEO plugin. -->","yoast_head_json":{"title":"Boutique disques - Semoirs Ebra","robots":{"index":"index","follow":"follow","max-snippet":"max-snippet:-1","max-image-preview":"max-image-preview:large","max-video-preview":"max-video-preview:-1"},"canonical":"https:\/\/www.ebra-semoir.fr\/en\/boutique-disques\/","og_locale":"en_US","og_type":"article","og_title":"Boutique disques - Semoirs Ebra","og_description":"Comment trouver le disque dont vous avez besoin&nbsp;? Si plusieurs disques s&rsquo;affichent en r\u00e9ponse \u00e0 votre recherche, cliquer sur l&rsquo;image de chaque disque pour voir sa description d\u00e9taill\u00e9e. En cas d&rsquo;h\u00e9sitation, nous contacter. Les cat\u00e9gories de disques","og_url":"https:\/\/www.ebra-semoir.fr\/en\/boutique-disques\/","og_site_name":"Semoirs Ebra","article_modified_time":"2026-02-08T20:00:35+00:00","og_image":[{"width":1800,"height":333,"url":"https:\/\/www.ebra-semoir.fr\/wp-content\/uploads\/2024\/05\/heroes-fond-champ-1800x333jpg.jpg","type":"image\/jpeg"}],"twitter_card":"summary_large_image","twitter_misc":{"Est. reading time":"1 minute"},"schema":{"@context":"https:\/\/schema.org","@graph":[{"@type":"WebPage","@id":"https:\/\/www.ebra-semoir.fr\/boutique-disques\/","url":"https:\/\/www.ebra-semoir.fr\/boutique-disques\/","name":"Boutique disques - Semoirs Ebra","isPartOf":{"@id":"https:\/\/www.ebra-semoir.fr\/#website"},"primaryImageOfPage":{"@id":"https:\/\/www.ebra-semoir.fr\/boutique-disques\/#primaryimage"},"image":{"@id":"https:\/\/www.ebra-semoir.fr\/boutique-disques\/#primaryimage"},"thumbnailUrl":"https:\/\/www.ebra-semoir.fr\/wp-content\/uploads\/2024\/05\/heroes-fond-champ-1800x333jpg.jpg","datePublished":"2025-11-19T14:22:20+00:00","dateModified":"2026-02-08T20:00:35+00:00","breadcrumb":{"@id":"https:\/\/www.ebra-semoir.fr\/boutique-disques\/#breadcrumb"},"inLanguage":"en-US","potentialAction":[{"@type":"ReadAction","target":["https:\/\/www.ebra-semoir.fr\/boutique-disques\/"]}]},{"@type":"ImageObject","inLanguage":"en-US","@id":"https:\/\/www.ebra-semoir.fr\/boutique-disques\/#primaryimage","url":"https:\/\/www.ebra-semoir.fr\/wp-content\/uploads\/2024\/05\/heroes-fond-champ-1800x333jpg.jpg","contentUrl":"https:\/\/www.ebra-semoir.fr\/wp-content\/uploads\/2024\/05\/heroes-fond-champ-1800x333jpg.jpg"},{"@type":"BreadcrumbList","@id":"https:\/\/www.ebra-semoir.fr\/boutique-disques\/#breadcrumb","itemListElement":[{"@type":"ListItem","position":1,"name":"Accueil","item":"https:\/\/www.ebra-semoir.fr\/"},{"@type":"ListItem","position":2,"name":"Boutique disques"}]},{"@type":"WebSite","@id":"https:\/\/www.ebra-semoir.fr\/#website","url":"https:\/\/www.ebra-semoir.fr\/","name":"Semoirs Ebra","description":"Ebra - Les Semoirs de Pr\u00e9cision","publisher":{"@id":"https:\/\/www.ebra-semoir.fr\/#organization"},"potentialAction":[{"@type":"SearchAction","target":{"@type":"EntryPoint","urlTemplate":"https:\/\/www.ebra-semoir.fr\/?s={search_term_string}"},"query-input":{"@type":"PropertyValueSpecification","valueRequired":true,"valueName":"search_term_string"}}],"inLanguage":"en-US"},{"@type":"Organization","@id":"https:\/\/www.ebra-semoir.fr\/#organization","name":"Semoirs Ebra","url":"https:\/\/www.ebra-semoir.fr\/","logo":{"@type":"ImageObject","inLanguage":"en-US","@id":"https:\/\/www.ebra-semoir.fr\/#\/schema\/logo\/image\/","url":"https:\/\/www.ebra-semoir.fr\/wp-content\/uploads\/2018\/05\/logo-ebra-white.png","contentUrl":"https:\/\/www.ebra-semoir.fr\/wp-content\/uploads\/2018\/05\/logo-ebra-white.png","width":208,"height":78,"caption":"Semoirs Ebra"},"image":{"@id":"https:\/\/www.ebra-semoir.fr\/#\/schema\/logo\/image\/"}}]}},"_links":{"self":[{"href":"https:\/\/www.ebra-semoir.fr\/en\/wp-json\/wp\/v2\/pages\/26983","targetHints":{"allow":["GET"]}}],"collection":[{"href":"https:\/\/www.ebra-semoir.fr\/en\/wp-json\/wp\/v2\/pages"}],"about":[{"href":"https:\/\/www.ebra-semoir.fr\/en\/wp-json\/wp\/v2\/types\/page"}],"author":[{"embeddable":true,"href":"https:\/\/www.ebra-semoir.fr\/en\/wp-json\/wp\/v2\/users\/19"}],"replies":[{"embeddable":true,"href":"https:\/\/www.ebra-semoir.fr\/en\/wp-json\/wp\/v2\/comments?post=26983"}],"version-history":[{"count":16,"href":"https:\/\/www.ebra-semoir.fr\/en\/wp-json\/wp\/v2\/pages\/26983\/revisions"}],"predecessor-version":[{"id":28828,"href":"https:\/\/www.ebra-semoir.fr\/en\/wp-json\/wp\/v2\/pages\/26983\/revisions\/28828"}],"wp:attachment":[{"href":"https:\/\/www.ebra-semoir.fr\/en\/wp-json\/wp\/v2\/media?parent=26983"}],"curies":[{"name":"wp","href":"https:\/\/api.w.org\/{rel}","templated":true}]}}