{"id":27163,"date":"2025-11-22T15:33:41","date_gmt":"2025-11-22T14:33:41","guid":{"rendered":"https:\/\/www.ebra-semoir.fr\/?page_id=27163"},"modified":"2026-01-28T11:48:40","modified_gmt":"2026-01-28T10:48:40","slug":"boutique-microgranulateurs-et-fertiliseurs","status":"publish","type":"page","link":"https:\/\/www.ebra-semoir.fr\/en\/boutique-microgranulateurs-et-fertiliseurs\/","title":{"rendered":"Boutique microgranulateurs et fertiliseurs"},"content":{"rendered":"<div class=\"wp-block-cover is-light wp-duotone-dark-grayscale\" style=\"min-height:160px;aspect-ratio:unset;\"><img fetchpriority=\"high\" decoding=\"async\" width=\"1800\" height=\"333\" class=\"wp-block-cover__image-background wp-image-25492\" alt=\"\" src=\"https:\/\/www.ebra-semoir.fr\/wp-content\/uploads\/2024\/05\/heroes-fond-champ-1800x333jpg.jpg\" data-object-fit=\"cover\" srcset=\"https:\/\/www.ebra-semoir.fr\/wp-content\/uploads\/2024\/05\/heroes-fond-champ-1800x333jpg.jpg 1800w, https:\/\/www.ebra-semoir.fr\/wp-content\/uploads\/2024\/05\/heroes-fond-champ-1800x333jpg-300x56.jpg 300w, https:\/\/www.ebra-semoir.fr\/wp-content\/uploads\/2024\/05\/heroes-fond-champ-1800x333jpg-1024x189.jpg 1024w, https:\/\/www.ebra-semoir.fr\/wp-content\/uploads\/2024\/05\/heroes-fond-champ-1800x333jpg-768x142.jpg 768w, https:\/\/www.ebra-semoir.fr\/wp-content\/uploads\/2024\/05\/heroes-fond-champ-1800x333jpg-1536x284.jpg 1536w, https:\/\/www.ebra-semoir.fr\/wp-content\/uploads\/2024\/05\/heroes-fond-champ-1800x333jpg-18x3.jpg 18w, https:\/\/www.ebra-semoir.fr\/wp-content\/uploads\/2024\/05\/heroes-fond-champ-1800x333jpg-500x93.jpg 500w\" sizes=\"(max-width: 1800px) 100vw, 1800px\" \/><span aria-hidden=\"true\" class=\"wp-block-cover__background has-background-dim\" style=\"background-color:#8a9b73\"><\/span><div class=\"wp-block-cover__inner-container is-layout-constrained wp-block-cover-is-layout-constrained\">\n<p class=\"has-text-align-center has-white-color has-text-color has-link-color has-x-large-font-size wp-elements-399d5db43c907077fcd48b68365079de\"><strong>SHOP<\/strong><\/p>\n\n\n\n<p class=\"has-text-align-center has-white-color has-text-color has-link-color has-medium-font-size wp-elements-03c56d6e6daab5382a37b1f5c75ce324\"><strong>MICROGRANULATEURS ET FERTILISEURS<\/strong><\/p>\n<\/div><\/div>\n\n\n\n<div style=\"height:0px\" aria-hidden=\"true\" class=\"wp-block-spacer\"><\/div>\n\n\n\n<div style=\"height:10px\" aria-hidden=\"true\" class=\"wp-block-spacer\"><\/div>\n\n\n\n<div class=\"wp-block-columns is-layout-flex wp-container-core-columns-is-layout-9d6595d7 wp-block-columns-is-layout-flex\">\n<div class=\"wp-block-column is-layout-flow wp-block-column-is-layout-flow\" style=\"flex-basis:18%\"><\/div>\n\n\n\n<div class=\"wp-block-column is-layout-flow wp-block-column-is-layout-flow\" style=\"flex-basis:64%\">\n<p style=\"text-align:center;color:#cf2e2e;font-weight:bold;font-size:20px;padding-left:10px;padding-right:10px;\">\nLa marque <img decoding=\"async\" src=\"\/wp-content\/uploads\/2026\/01\/logo-ebra-18x36-1.jpeg\" > est associ\u00e9e \u00e0 la marque <img decoding=\"async\" src=\"\/wp-content\/uploads\/2026\/01\/logo-sepeba-18X55.jpeg\" > pour offrir aux agriculteurs et mara\u00eechers un outil complet permettant d&rsquo;accomplir plusieurs op\u00e9rations en un seul passage<\/p>\n<p style=\"text-align:center;font-size:18px;padding-left:10px;padding-right:10px;\">Nous int\u00e9grons aux semoirs EBRA les appareils SEPEBA, pour la distribution de microgranul\u00e9s, granul\u00e9s et engrais. Vous disposez ainsi d\u2019un appareil ergonomique, de haute pr\u00e9cision, polyvalent, \u00e9volutif et fiable.<\/p>\n\n\n\n<table class=\"gsbp-cdbb1da\">\n<tr>\n<th class=\"gsbp-53f7ed0\">MICROGRANULATEURS<\/th>\n\n\n\n<th class=\"gsbp-26a6266\">FERTILISEURS<\/th>\n<\/tr>\n\n\n\n<tr>\n<td>Les kits microgranulateurs sont propos\u00e9s sp\u00e9cifiquement pour nos semoirs. Ils sont compos\u00e9s de :<\/td>\n\n\n\n<td>Les kits fertiliseurs sont propos\u00e9s sp\u00e9cifiquement pour nos semoirs. Ils sont compos\u00e9s de :<\/td>\n<\/tr>\n\n\n\n<tr>\n<td>\n<ul class=\"wp-block-list\">\n<li>1 microgranulateur \u00e0 rotor inox 6 litres (1 distributeur pour 1 ou 2 rangs)<\/li>\n\n\n\n<li>1 ch\u00e2ssis support pris directement sur l\u2019\u00e9l\u00e9ment semeur<\/li>\n\n\n\n<li>1 entra\u00eenement pris sur la roue motrice de l\u2019\u00e9l\u00e9ment semeur<\/li>\n\n\n\n<li>1 tuyau de descente par rang<\/li>\n<\/ul>\n<\/td>\n\n\n\n<td>\n<ul class=\"wp-block-list\">\n<li>1 distributeur Poly\u2019Doseur 2 \u00ab M \u00bb SEPEBA, tr\u00e9mie 130 litres (1 distributeur pour 1 \u00e0 4 rangs, 2 pour 6 \u00e0 8 rangs)<\/li>\n\n\n\n<li>1 poutre de fixation mont\u00e9e sur le ch\u00e2ssis poutre du semoir<\/li>\n\n\n\n<li>1 entra\u00eenement \u00e9lectrique avec bo\u00eetier non DPA (en option bo\u00eetier \u00e0 vitesse auto-r\u00e9gul\u00e9e)<\/li>\n\n\n\n<li>1 tuyau avec descente t\u00e9lescopique par rang<\/li>\n<\/ul>\n<\/td>\n<\/tr>\n\n\n\n<tr>\n<td>\n<div class=\"wp-block-buttons is-content-justification-center is-layout-flex wp-container-core-buttons-is-layout-16018d1d wp-block-buttons-is-layout-flex\">\n<div class=\"wp-block-button\"><a class=\"wp-block-button__link has-vivid-red-background-color has-background wp-element-button\" href=\"\/en\/product\/microgranulateur\/\">Configuration et prix<\/a><\/div>\n<\/div>\n<\/td>\n\n\n\n<td>\n<div class=\"wp-block-buttons is-content-justification-center is-layout-flex wp-container-core-buttons-is-layout-16018d1d wp-block-buttons-is-layout-flex\">\n<div class=\"wp-block-button\"><a class=\"wp-block-button__link has-vivid-red-background-color has-background wp-element-button\" href=\"\/en\/product\/fertiliseur\/\">Configuration et prix<\/a><\/div>\n<\/div>\n<\/td>\n<\/tr>\n<\/table>\n<\/div>\n\n\n\n<div class=\"wp-block-column is-layout-flow wp-block-column-is-layout-flow\" style=\"flex-basis:18%\"><\/div>\n<\/div>\n\n\n\n<p><\/p>","protected":false},"excerpt":{"rendered":"<p>La marque est associ\u00e9e \u00e0 la marque pour offrir aux agriculteurs et mara\u00eechers un outil complet permettant d&rsquo;accomplir plusieurs op\u00e9rations en un seul passage Nous int\u00e9grons aux semoirs EBRA les appareils SEPEBA, pour la distribution de microgranul\u00e9s, granul\u00e9s et engrais. Vous disposez ainsi d\u2019un appareil ergonomique, de haute pr\u00e9cision, polyvalent, \u00e9volutif et fiable.<\/p>","protected":false},"author":19,"featured_media":0,"parent":0,"menu_order":0,"comment_status":"closed","ping_status":"closed","template":"","meta":{"_gspb_post_css":".gsbp-cdbb1da{border-collapse:collapse;table-layout:fixed;width:100%}.gsbp-cdbb1da td,.gsbp-cdbb1da th{padding:6px 12px;border-style:solid;border-width:1px;border-color:var(--wp--preset--color--border, #00000012);font-size:14px}.gsbp-cdbb1da th{font-size:16px;background-color:var(--wp--preset--color--lightbg, #cddceb21)}table th.gsbp-26a6266,table th.gsbp-53f7ed0{text-align:center;font-size:14px;color:var(--wp--preset--color--vivid-red, #cf2e2e);font-weight:800}","footnotes":""},"class_list":["post-27163","page","type-page","status-publish","hentry","entry","owp-thumbs-layout-horizontal","owp-btn-normal","owp-tabs-layout-horizontal","has-no-thumbnails"],"yoast_head":"<!-- This site is optimized with the Yoast SEO plugin v27.3 - https:\/\/yoast.com\/product\/yoast-seo-wordpress\/ -->\n<title>Boutique microgranulateurs et fertiliseurs - Semoirs Ebra<\/title>\n<meta name=\"description\" content=\"Nous int\u00e9grons aux semoirs EBRA les microgranulateurs et fertiliseurs SEPEBA, pour la distribution de microgranul\u00e9s, granul\u00e9s et engrais.\" \/>\n<meta name=\"robots\" content=\"index, follow, max-snippet:-1, max-image-preview:large, max-video-preview:-1\" \/>\n<link rel=\"canonical\" href=\"https:\/\/www.ebra-semoir.fr\/en\/boutique-microgranulateurs-et-fertiliseurs\/\" \/>\n<meta property=\"og:locale\" content=\"en_US\" \/>\n<meta property=\"og:type\" content=\"article\" \/>\n<meta property=\"og:title\" content=\"Boutique microgranulateurs et fertiliseurs - Semoirs Ebra\" \/>\n<meta property=\"og:description\" content=\"Nous int\u00e9grons aux semoirs EBRA les microgranulateurs et fertiliseurs SEPEBA, pour la distribution de microgranul\u00e9s, granul\u00e9s et engrais.\" \/>\n<meta property=\"og:url\" content=\"https:\/\/www.ebra-semoir.fr\/en\/boutique-microgranulateurs-et-fertiliseurs\/\" \/>\n<meta property=\"og:site_name\" content=\"Semoirs Ebra\" \/>\n<meta property=\"article:modified_time\" content=\"2026-01-28T10:48:40+00:00\" \/>\n<meta property=\"og:image\" content=\"https:\/\/www.ebra-semoir.fr\/wp-content\/uploads\/2024\/05\/heroes-fond-champ-1800x333jpg.jpg\" \/>\n\t<meta property=\"og:image:width\" content=\"1800\" \/>\n\t<meta property=\"og:image:height\" content=\"333\" \/>\n\t<meta property=\"og:image:type\" content=\"image\/jpeg\" \/>\n<meta name=\"twitter:card\" content=\"summary_large_image\" \/>\n<meta name=\"twitter:label1\" content=\"Est. reading time\" \/>\n\t<meta name=\"twitter:data1\" content=\"2 minutes\" \/>\n<script type=\"application\/ld+json\" class=\"yoast-schema-graph\">{\"@context\":\"https:\\\/\\\/schema.org\",\"@graph\":[{\"@type\":\"WebPage\",\"@id\":\"https:\\\/\\\/www.ebra-semoir.fr\\\/boutique-microgranulateurs-et-fertiliseurs\\\/\",\"url\":\"https:\\\/\\\/www.ebra-semoir.fr\\\/boutique-microgranulateurs-et-fertiliseurs\\\/\",\"name\":\"Boutique microgranulateurs et fertiliseurs - Semoirs Ebra\",\"isPartOf\":{\"@id\":\"https:\\\/\\\/www.ebra-semoir.fr\\\/#website\"},\"primaryImageOfPage\":{\"@id\":\"https:\\\/\\\/www.ebra-semoir.fr\\\/boutique-microgranulateurs-et-fertiliseurs\\\/#primaryimage\"},\"image\":{\"@id\":\"https:\\\/\\\/www.ebra-semoir.fr\\\/boutique-microgranulateurs-et-fertiliseurs\\\/#primaryimage\"},\"thumbnailUrl\":\"https:\\\/\\\/www.ebra-semoir.fr\\\/wp-content\\\/uploads\\\/2024\\\/05\\\/heroes-fond-champ-1800x333jpg.jpg\",\"datePublished\":\"2025-11-22T14:33:41+00:00\",\"dateModified\":\"2026-01-28T10:48:40+00:00\",\"description\":\"Nous int\u00e9grons aux semoirs EBRA les microgranulateurs et fertiliseurs SEPEBA, pour la distribution de microgranul\u00e9s, granul\u00e9s et engrais.\",\"breadcrumb\":{\"@id\":\"https:\\\/\\\/www.ebra-semoir.fr\\\/boutique-microgranulateurs-et-fertiliseurs\\\/#breadcrumb\"},\"inLanguage\":\"en-US\",\"potentialAction\":[{\"@type\":\"ReadAction\",\"target\":[\"https:\\\/\\\/www.ebra-semoir.fr\\\/boutique-microgranulateurs-et-fertiliseurs\\\/\"]}]},{\"@type\":\"ImageObject\",\"inLanguage\":\"en-US\",\"@id\":\"https:\\\/\\\/www.ebra-semoir.fr\\\/boutique-microgranulateurs-et-fertiliseurs\\\/#primaryimage\",\"url\":\"https:\\\/\\\/www.ebra-semoir.fr\\\/wp-content\\\/uploads\\\/2024\\\/05\\\/heroes-fond-champ-1800x333jpg.jpg\",\"contentUrl\":\"https:\\\/\\\/www.ebra-semoir.fr\\\/wp-content\\\/uploads\\\/2024\\\/05\\\/heroes-fond-champ-1800x333jpg.jpg\"},{\"@type\":\"BreadcrumbList\",\"@id\":\"https:\\\/\\\/www.ebra-semoir.fr\\\/boutique-microgranulateurs-et-fertiliseurs\\\/#breadcrumb\",\"itemListElement\":[{\"@type\":\"ListItem\",\"position\":1,\"name\":\"Accueil\",\"item\":\"https:\\\/\\\/www.ebra-semoir.fr\\\/\"},{\"@type\":\"ListItem\",\"position\":2,\"name\":\"Boutique microgranulateurs et fertiliseurs\"}]},{\"@type\":\"WebSite\",\"@id\":\"https:\\\/\\\/www.ebra-semoir.fr\\\/#website\",\"url\":\"https:\\\/\\\/www.ebra-semoir.fr\\\/\",\"name\":\"Semoirs Ebra\",\"description\":\"Ebra - Les Semoirs de Pr\u00e9cision\",\"publisher\":{\"@id\":\"https:\\\/\\\/www.ebra-semoir.fr\\\/#organization\"},\"potentialAction\":[{\"@type\":\"SearchAction\",\"target\":{\"@type\":\"EntryPoint\",\"urlTemplate\":\"https:\\\/\\\/www.ebra-semoir.fr\\\/?s={search_term_string}\"},\"query-input\":{\"@type\":\"PropertyValueSpecification\",\"valueRequired\":true,\"valueName\":\"search_term_string\"}}],\"inLanguage\":\"en-US\"},{\"@type\":\"Organization\",\"@id\":\"https:\\\/\\\/www.ebra-semoir.fr\\\/#organization\",\"name\":\"Semoirs Ebra\",\"url\":\"https:\\\/\\\/www.ebra-semoir.fr\\\/\",\"logo\":{\"@type\":\"ImageObject\",\"inLanguage\":\"en-US\",\"@id\":\"https:\\\/\\\/www.ebra-semoir.fr\\\/#\\\/schema\\\/logo\\\/image\\\/\",\"url\":\"https:\\\/\\\/www.ebra-semoir.fr\\\/wp-content\\\/uploads\\\/2018\\\/05\\\/logo-ebra-white.png\",\"contentUrl\":\"https:\\\/\\\/www.ebra-semoir.fr\\\/wp-content\\\/uploads\\\/2018\\\/05\\\/logo-ebra-white.png\",\"width\":208,\"height\":78,\"caption\":\"Semoirs Ebra\"},\"image\":{\"@id\":\"https:\\\/\\\/www.ebra-semoir.fr\\\/#\\\/schema\\\/logo\\\/image\\\/\"}}]}<\/script>\n<!-- \/ Yoast SEO plugin. -->","yoast_head_json":{"title":"Boutique microgranulateurs et fertiliseurs - Semoirs Ebra","description":"Nous int\u00e9grons aux semoirs EBRA les microgranulateurs et fertiliseurs SEPEBA, pour la distribution de microgranul\u00e9s, granul\u00e9s et engrais.","robots":{"index":"index","follow":"follow","max-snippet":"max-snippet:-1","max-image-preview":"max-image-preview:large","max-video-preview":"max-video-preview:-1"},"canonical":"https:\/\/www.ebra-semoir.fr\/en\/boutique-microgranulateurs-et-fertiliseurs\/","og_locale":"en_US","og_type":"article","og_title":"Boutique microgranulateurs et fertiliseurs - Semoirs Ebra","og_description":"Nous int\u00e9grons aux semoirs EBRA les microgranulateurs et fertiliseurs SEPEBA, pour la distribution de microgranul\u00e9s, granul\u00e9s et engrais.","og_url":"https:\/\/www.ebra-semoir.fr\/en\/boutique-microgranulateurs-et-fertiliseurs\/","og_site_name":"Semoirs Ebra","article_modified_time":"2026-01-28T10:48:40+00:00","og_image":[{"width":1800,"height":333,"url":"https:\/\/www.ebra-semoir.fr\/wp-content\/uploads\/2024\/05\/heroes-fond-champ-1800x333jpg.jpg","type":"image\/jpeg"}],"twitter_card":"summary_large_image","twitter_misc":{"Est. reading time":"2 minutes"},"schema":{"@context":"https:\/\/schema.org","@graph":[{"@type":"WebPage","@id":"https:\/\/www.ebra-semoir.fr\/boutique-microgranulateurs-et-fertiliseurs\/","url":"https:\/\/www.ebra-semoir.fr\/boutique-microgranulateurs-et-fertiliseurs\/","name":"Boutique microgranulateurs et fertiliseurs - Semoirs Ebra","isPartOf":{"@id":"https:\/\/www.ebra-semoir.fr\/#website"},"primaryImageOfPage":{"@id":"https:\/\/www.ebra-semoir.fr\/boutique-microgranulateurs-et-fertiliseurs\/#primaryimage"},"image":{"@id":"https:\/\/www.ebra-semoir.fr\/boutique-microgranulateurs-et-fertiliseurs\/#primaryimage"},"thumbnailUrl":"https:\/\/www.ebra-semoir.fr\/wp-content\/uploads\/2024\/05\/heroes-fond-champ-1800x333jpg.jpg","datePublished":"2025-11-22T14:33:41+00:00","dateModified":"2026-01-28T10:48:40+00:00","description":"Nous int\u00e9grons aux semoirs EBRA les microgranulateurs et fertiliseurs SEPEBA, pour la distribution de microgranul\u00e9s, granul\u00e9s et engrais.","breadcrumb":{"@id":"https:\/\/www.ebra-semoir.fr\/boutique-microgranulateurs-et-fertiliseurs\/#breadcrumb"},"inLanguage":"en-US","potentialAction":[{"@type":"ReadAction","target":["https:\/\/www.ebra-semoir.fr\/boutique-microgranulateurs-et-fertiliseurs\/"]}]},{"@type":"ImageObject","inLanguage":"en-US","@id":"https:\/\/www.ebra-semoir.fr\/boutique-microgranulateurs-et-fertiliseurs\/#primaryimage","url":"https:\/\/www.ebra-semoir.fr\/wp-content\/uploads\/2024\/05\/heroes-fond-champ-1800x333jpg.jpg","contentUrl":"https:\/\/www.ebra-semoir.fr\/wp-content\/uploads\/2024\/05\/heroes-fond-champ-1800x333jpg.jpg"},{"@type":"BreadcrumbList","@id":"https:\/\/www.ebra-semoir.fr\/boutique-microgranulateurs-et-fertiliseurs\/#breadcrumb","itemListElement":[{"@type":"ListItem","position":1,"name":"Accueil","item":"https:\/\/www.ebra-semoir.fr\/"},{"@type":"ListItem","position":2,"name":"Boutique microgranulateurs et fertiliseurs"}]},{"@type":"WebSite","@id":"https:\/\/www.ebra-semoir.fr\/#website","url":"https:\/\/www.ebra-semoir.fr\/","name":"Semoirs Ebra","description":"Ebra - Les Semoirs de Pr\u00e9cision","publisher":{"@id":"https:\/\/www.ebra-semoir.fr\/#organization"},"potentialAction":[{"@type":"SearchAction","target":{"@type":"EntryPoint","urlTemplate":"https:\/\/www.ebra-semoir.fr\/?s={search_term_string}"},"query-input":{"@type":"PropertyValueSpecification","valueRequired":true,"valueName":"search_term_string"}}],"inLanguage":"en-US"},{"@type":"Organization","@id":"https:\/\/www.ebra-semoir.fr\/#organization","name":"Semoirs Ebra","url":"https:\/\/www.ebra-semoir.fr\/","logo":{"@type":"ImageObject","inLanguage":"en-US","@id":"https:\/\/www.ebra-semoir.fr\/#\/schema\/logo\/image\/","url":"https:\/\/www.ebra-semoir.fr\/wp-content\/uploads\/2018\/05\/logo-ebra-white.png","contentUrl":"https:\/\/www.ebra-semoir.fr\/wp-content\/uploads\/2018\/05\/logo-ebra-white.png","width":208,"height":78,"caption":"Semoirs Ebra"},"image":{"@id":"https:\/\/www.ebra-semoir.fr\/#\/schema\/logo\/image\/"}}]}},"_links":{"self":[{"href":"https:\/\/www.ebra-semoir.fr\/en\/wp-json\/wp\/v2\/pages\/27163","targetHints":{"allow":["GET"]}}],"collection":[{"href":"https:\/\/www.ebra-semoir.fr\/en\/wp-json\/wp\/v2\/pages"}],"about":[{"href":"https:\/\/www.ebra-semoir.fr\/en\/wp-json\/wp\/v2\/types\/page"}],"author":[{"embeddable":true,"href":"https:\/\/www.ebra-semoir.fr\/en\/wp-json\/wp\/v2\/users\/19"}],"replies":[{"embeddable":true,"href":"https:\/\/www.ebra-semoir.fr\/en\/wp-json\/wp\/v2\/comments?post=27163"}],"version-history":[{"count":77,"href":"https:\/\/www.ebra-semoir.fr\/en\/wp-json\/wp\/v2\/pages\/27163\/revisions"}],"predecessor-version":[{"id":28553,"href":"https:\/\/www.ebra-semoir.fr\/en\/wp-json\/wp\/v2\/pages\/27163\/revisions\/28553"}],"wp:attachment":[{"href":"https:\/\/www.ebra-semoir.fr\/en\/wp-json\/wp\/v2\/media?parent=27163"}],"curies":[{"name":"wp","href":"https:\/\/api.w.org\/{rel}","templated":true}]}}