{"id":13598,"date":"2020-02-02T18:43:46","date_gmt":"2020-02-02T17:43:46","guid":{"rendered":"https:\/\/sepeba-ebra.com\/?post_type=product&#038;p=13598"},"modified":"2026-03-03T12:00:47","modified_gmt":"2026-03-03T11:00:47","slug":"40pep","status":"publish","type":"product","link":"https:\/\/www.ebra-semoir.fr\/en\/product\/40pep\/","title":{"rendered":"40PEP"},"content":{"rendered":"<p><strong>Name :<\/strong> 40 PEP<\/p>\n<p><strong>Type :<\/strong> disc with notches<\/p>\n<p><strong>Number of teeth, notches or holes :<\/strong> 40<\/p>\n<p><strong>Spacing between seeds or pockets of seeds (theoretical value, excluding slippage)<br \/>\n<\/strong>For MS-SJ seeders (since 2017) : from 1.7 to 10.7 cm - from 0.7 to 4.2 in<br \/>\nFor SU 201 seeders (since 1994) : from 2.2 to 14.0 cm - from 0.9 to 5.5 in<br \/>\nFor MS-SJ seeders (since 1994 to 2017) : from 1.9 to 11.0 cm - from 0.7 to 4.3 in<\/p>\n<p><strong>For bare seeds :<\/strong> very very small seeds : parsley (low density sowing), chamomile, some varieties of thin carrots<\/p>\n<p><strong>Notice :<\/strong> this disc is quite fragile in case of shock, due to its extreme thinness.<\/p>","protected":false},"excerpt":{"rendered":"<p>Nom : 40 PEP Type : disque \u00e0 dents Nombre de dents, encoches ou trous : 40 Espacement entre graines ou groupes de graines (donn\u00e9es th\u00e9oriques sans patinage) : Pour semoirs MS-SJ (\u00e0 partir de 2017) : de 1.7 \u00e0 10.7 cm Pour semoirs SU 201 (\u00e0 partir de 1994) : de 2.2 \u00e0 14.0 [&hellip;]<\/p>\n","protected":false},"featured_media":15326,"comment_status":"closed","ping_status":"closed","template":"","meta":{"_gspb_post_css":""},"product_brand":[],"product_cat":[253,171],"product_tag":[],"class_list":{"0":"post-13598","1":"product","2":"type-product","3":"status-publish","4":"has-post-thumbnail","6":"product_cat-disque","7":"product_cat-disques-tres-petites-graines","9":"entry","10":"has-media","12":"first","13":"instock","14":"taxable","15":"shipping-taxable","16":"purchasable","17":"product-type-simple","18":"col","19":"span_1_of_5","20":"owp-content-center","21":"owp-thumbs-layout-horizontal","22":"owp-btn-normal","23":"owp-tabs-layout-horizontal","24":"has-no-thumbnails"},"yoast_head":"<!-- This site is optimized with the Yoast SEO plugin v27.4 - https:\/\/yoast.com\/product\/yoast-seo-wordpress\/ -->\n<title>40PEP - Semoirs Ebra<\/title>\n<meta name=\"robots\" content=\"index, follow, max-snippet:-1, max-image-preview:large, max-video-preview:-1\" \/>\n<link rel=\"canonical\" href=\"https:\/\/www.ebra-semoir.fr\/en\/product\/40pep\/\" \/>\n<meta property=\"og:locale\" content=\"en_US\" \/>\n<meta property=\"og:type\" content=\"article\" \/>\n<meta property=\"og:title\" content=\"40PEP - Semoirs Ebra\" \/>\n<meta property=\"og:description\" content=\"Nom : 40 PEP Type : disque \u00e0 dents Nombre de dents, encoches ou trous : 40 Espacement entre graines ou groupes de graines (donn\u00e9es th\u00e9oriques sans patinage) : Pour semoirs MS-SJ (\u00e0 partir de 2017) : de 1.7 \u00e0 10.7 cm Pour semoirs SU 201 (\u00e0 partir de 1994) : de 2.2 \u00e0 14.0 [&hellip;]\" \/>\n<meta property=\"og:url\" content=\"https:\/\/www.ebra-semoir.fr\/en\/product\/40pep\/\" \/>\n<meta property=\"og:site_name\" content=\"Semoirs Ebra\" \/>\n<meta property=\"article:modified_time\" content=\"2026-03-03T11:00:47+00:00\" \/>\n<meta property=\"og:image\" content=\"https:\/\/www.ebra-semoir.fr\/wp-content\/uploads\/2021\/04\/40PEP.jpg\" \/>\n\t<meta property=\"og:image:width\" content=\"500\" \/>\n\t<meta property=\"og:image:height\" content=\"500\" \/>\n\t<meta property=\"og:image:type\" content=\"image\/jpeg\" \/>\n<meta name=\"twitter:card\" content=\"summary_large_image\" \/>\n<meta name=\"twitter:label1\" content=\"Est. reading time\" \/>\n\t<meta name=\"twitter:data1\" content=\"1 minute\" \/>\n<script type=\"application\/ld+json\" class=\"yoast-schema-graph\">{\"@context\":\"https:\\\/\\\/schema.org\",\"@graph\":[{\"@type\":\"WebPage\",\"@id\":\"https:\\\/\\\/www.ebra-semoir.fr\\\/produit\\\/40pep\\\/\",\"url\":\"https:\\\/\\\/www.ebra-semoir.fr\\\/produit\\\/40pep\\\/\",\"name\":\"40PEP - Semoirs Ebra\",\"isPartOf\":{\"@id\":\"https:\\\/\\\/www.ebra-semoir.fr\\\/#website\"},\"primaryImageOfPage\":{\"@id\":\"https:\\\/\\\/www.ebra-semoir.fr\\\/produit\\\/40pep\\\/#primaryimage\"},\"image\":{\"@id\":\"https:\\\/\\\/www.ebra-semoir.fr\\\/produit\\\/40pep\\\/#primaryimage\"},\"thumbnailUrl\":\"https:\\\/\\\/www.ebra-semoir.fr\\\/wp-content\\\/uploads\\\/2021\\\/04\\\/40PEP.jpg\",\"datePublished\":\"2020-02-02T17:43:46+00:00\",\"dateModified\":\"2026-03-03T11:00:47+00:00\",\"breadcrumb\":{\"@id\":\"https:\\\/\\\/www.ebra-semoir.fr\\\/produit\\\/40pep\\\/#breadcrumb\"},\"inLanguage\":\"en-US\",\"potentialAction\":[{\"@type\":\"ReadAction\",\"target\":[\"https:\\\/\\\/www.ebra-semoir.fr\\\/produit\\\/40pep\\\/\"]}]},{\"@type\":\"ImageObject\",\"inLanguage\":\"en-US\",\"@id\":\"https:\\\/\\\/www.ebra-semoir.fr\\\/produit\\\/40pep\\\/#primaryimage\",\"url\":\"https:\\\/\\\/www.ebra-semoir.fr\\\/wp-content\\\/uploads\\\/2021\\\/04\\\/40PEP.jpg\",\"contentUrl\":\"https:\\\/\\\/www.ebra-semoir.fr\\\/wp-content\\\/uploads\\\/2021\\\/04\\\/40PEP.jpg\",\"width\":500,\"height\":500},{\"@type\":\"BreadcrumbList\",\"@id\":\"https:\\\/\\\/www.ebra-semoir.fr\\\/produit\\\/40pep\\\/#breadcrumb\",\"itemListElement\":[{\"@type\":\"ListItem\",\"position\":1,\"name\":\"Accueil\",\"item\":\"https:\\\/\\\/www.ebra-semoir.fr\\\/\"},{\"@type\":\"ListItem\",\"position\":2,\"name\":\"Boutique en ligne\",\"item\":\"https:\\\/\\\/www.ebra-semoir.fr\\\/boutique-en-ligne\\\/\"},{\"@type\":\"ListItem\",\"position\":3,\"name\":\"40PEP\"}]},{\"@type\":\"WebSite\",\"@id\":\"https:\\\/\\\/www.ebra-semoir.fr\\\/#website\",\"url\":\"https:\\\/\\\/www.ebra-semoir.fr\\\/\",\"name\":\"Semoirs Ebra\",\"description\":\"Ebra - Les Semoirs de Pr\u00e9cision\",\"publisher\":{\"@id\":\"https:\\\/\\\/www.ebra-semoir.fr\\\/#organization\"},\"potentialAction\":[{\"@type\":\"SearchAction\",\"target\":{\"@type\":\"EntryPoint\",\"urlTemplate\":\"https:\\\/\\\/www.ebra-semoir.fr\\\/?s={search_term_string}\"},\"query-input\":{\"@type\":\"PropertyValueSpecification\",\"valueRequired\":true,\"valueName\":\"search_term_string\"}}],\"inLanguage\":\"en-US\"},{\"@type\":\"Organization\",\"@id\":\"https:\\\/\\\/www.ebra-semoir.fr\\\/#organization\",\"name\":\"Semoirs Ebra\",\"url\":\"https:\\\/\\\/www.ebra-semoir.fr\\\/\",\"logo\":{\"@type\":\"ImageObject\",\"inLanguage\":\"en-US\",\"@id\":\"https:\\\/\\\/www.ebra-semoir.fr\\\/#\\\/schema\\\/logo\\\/image\\\/\",\"url\":\"https:\\\/\\\/www.ebra-semoir.fr\\\/wp-content\\\/uploads\\\/2018\\\/05\\\/logo-ebra-white.png\",\"contentUrl\":\"https:\\\/\\\/www.ebra-semoir.fr\\\/wp-content\\\/uploads\\\/2018\\\/05\\\/logo-ebra-white.png\",\"width\":208,\"height\":78,\"caption\":\"Semoirs Ebra\"},\"image\":{\"@id\":\"https:\\\/\\\/www.ebra-semoir.fr\\\/#\\\/schema\\\/logo\\\/image\\\/\"}}]}<\/script>\n<!-- \/ Yoast SEO plugin. -->","yoast_head_json":{"title":"40PEP - Semoirs Ebra","robots":{"index":"index","follow":"follow","max-snippet":"max-snippet:-1","max-image-preview":"max-image-preview:large","max-video-preview":"max-video-preview:-1"},"canonical":"https:\/\/www.ebra-semoir.fr\/en\/product\/40pep\/","og_locale":"en_US","og_type":"article","og_title":"40PEP - Semoirs Ebra","og_description":"Nom : 40 PEP Type : disque \u00e0 dents Nombre de dents, encoches ou trous : 40 Espacement entre graines ou groupes de graines (donn\u00e9es th\u00e9oriques sans patinage) : Pour semoirs MS-SJ (\u00e0 partir de 2017) : de 1.7 \u00e0 10.7 cm Pour semoirs SU 201 (\u00e0 partir de 1994) : de 2.2 \u00e0 14.0 [&hellip;]","og_url":"https:\/\/www.ebra-semoir.fr\/en\/product\/40pep\/","og_site_name":"Semoirs Ebra","article_modified_time":"2026-03-03T11:00:47+00:00","og_image":[{"width":500,"height":500,"url":"https:\/\/www.ebra-semoir.fr\/wp-content\/uploads\/2021\/04\/40PEP.jpg","type":"image\/jpeg"}],"twitter_card":"summary_large_image","twitter_misc":{"Est. reading time":"1 minute"},"schema":{"@context":"https:\/\/schema.org","@graph":[{"@type":"WebPage","@id":"https:\/\/www.ebra-semoir.fr\/produit\/40pep\/","url":"https:\/\/www.ebra-semoir.fr\/produit\/40pep\/","name":"40PEP - Semoirs Ebra","isPartOf":{"@id":"https:\/\/www.ebra-semoir.fr\/#website"},"primaryImageOfPage":{"@id":"https:\/\/www.ebra-semoir.fr\/produit\/40pep\/#primaryimage"},"image":{"@id":"https:\/\/www.ebra-semoir.fr\/produit\/40pep\/#primaryimage"},"thumbnailUrl":"https:\/\/www.ebra-semoir.fr\/wp-content\/uploads\/2021\/04\/40PEP.jpg","datePublished":"2020-02-02T17:43:46+00:00","dateModified":"2026-03-03T11:00:47+00:00","breadcrumb":{"@id":"https:\/\/www.ebra-semoir.fr\/produit\/40pep\/#breadcrumb"},"inLanguage":"en-US","potentialAction":[{"@type":"ReadAction","target":["https:\/\/www.ebra-semoir.fr\/produit\/40pep\/"]}]},{"@type":"ImageObject","inLanguage":"en-US","@id":"https:\/\/www.ebra-semoir.fr\/produit\/40pep\/#primaryimage","url":"https:\/\/www.ebra-semoir.fr\/wp-content\/uploads\/2021\/04\/40PEP.jpg","contentUrl":"https:\/\/www.ebra-semoir.fr\/wp-content\/uploads\/2021\/04\/40PEP.jpg","width":500,"height":500},{"@type":"BreadcrumbList","@id":"https:\/\/www.ebra-semoir.fr\/produit\/40pep\/#breadcrumb","itemListElement":[{"@type":"ListItem","position":1,"name":"Accueil","item":"https:\/\/www.ebra-semoir.fr\/"},{"@type":"ListItem","position":2,"name":"Boutique en ligne","item":"https:\/\/www.ebra-semoir.fr\/boutique-en-ligne\/"},{"@type":"ListItem","position":3,"name":"40PEP"}]},{"@type":"WebSite","@id":"https:\/\/www.ebra-semoir.fr\/#website","url":"https:\/\/www.ebra-semoir.fr\/","name":"Semoirs Ebra","description":"Ebra - Les Semoirs de Pr\u00e9cision","publisher":{"@id":"https:\/\/www.ebra-semoir.fr\/#organization"},"potentialAction":[{"@type":"SearchAction","target":{"@type":"EntryPoint","urlTemplate":"https:\/\/www.ebra-semoir.fr\/?s={search_term_string}"},"query-input":{"@type":"PropertyValueSpecification","valueRequired":true,"valueName":"search_term_string"}}],"inLanguage":"en-US"},{"@type":"Organization","@id":"https:\/\/www.ebra-semoir.fr\/#organization","name":"Semoirs Ebra","url":"https:\/\/www.ebra-semoir.fr\/","logo":{"@type":"ImageObject","inLanguage":"en-US","@id":"https:\/\/www.ebra-semoir.fr\/#\/schema\/logo\/image\/","url":"https:\/\/www.ebra-semoir.fr\/wp-content\/uploads\/2018\/05\/logo-ebra-white.png","contentUrl":"https:\/\/www.ebra-semoir.fr\/wp-content\/uploads\/2018\/05\/logo-ebra-white.png","width":208,"height":78,"caption":"Semoirs Ebra"},"image":{"@id":"https:\/\/www.ebra-semoir.fr\/#\/schema\/logo\/image\/"}}]}},"_links":{"self":[{"href":"https:\/\/www.ebra-semoir.fr\/en\/wp-json\/wp\/v2\/product\/13598","targetHints":{"allow":["GET"]}}],"collection":[{"href":"https:\/\/www.ebra-semoir.fr\/en\/wp-json\/wp\/v2\/product"}],"about":[{"href":"https:\/\/www.ebra-semoir.fr\/en\/wp-json\/wp\/v2\/types\/product"}],"replies":[{"embeddable":true,"href":"https:\/\/www.ebra-semoir.fr\/en\/wp-json\/wp\/v2\/comments?post=13598"}],"version-history":[{"count":2,"href":"https:\/\/www.ebra-semoir.fr\/en\/wp-json\/wp\/v2\/product\/13598\/revisions"}],"predecessor-version":[{"id":25222,"href":"https:\/\/www.ebra-semoir.fr\/en\/wp-json\/wp\/v2\/product\/13598\/revisions\/25222"}],"wp:featuredmedia":[{"embeddable":true,"href":"https:\/\/www.ebra-semoir.fr\/en\/wp-json\/wp\/v2\/media\/15326"}],"wp:attachment":[{"href":"https:\/\/www.ebra-semoir.fr\/en\/wp-json\/wp\/v2\/media?parent=13598"}],"wp:term":[{"taxonomy":"product_brand","embeddable":true,"href":"https:\/\/www.ebra-semoir.fr\/en\/wp-json\/wp\/v2\/product_brand?post=13598"},{"taxonomy":"product_cat","embeddable":true,"href":"https:\/\/www.ebra-semoir.fr\/en\/wp-json\/wp\/v2\/product_cat?post=13598"},{"taxonomy":"product_tag","embeddable":true,"href":"https:\/\/www.ebra-semoir.fr\/en\/wp-json\/wp\/v2\/product_tag?post=13598"}],"curies":[{"name":"wp","href":"https:\/\/api.w.org\/{rel}","templated":true}]}}