{"id":13628,"date":"2020-02-02T19:37:54","date_gmt":"2020-02-02T18:37:54","guid":{"rendered":"https:\/\/sepeba-ebra.com\/?post_type=product&#038;p=13628"},"modified":"2026-03-03T11:18:25","modified_gmt":"2026-03-03T10:18:25","slug":"24p3","status":"publish","type":"product","link":"https:\/\/www.ebra-semoir.fr\/en\/product\/24p3\/","title":{"rendered":"24P3"},"content":{"rendered":"<p><strong>Name :<\/strong> 24 P3<\/p>\n<p><strong>Type :<\/strong> disc with notches<\/p>\n<p><strong>Number of teeth, notches or holes :<\/strong> 24 - thickness 3 mm (0.12 in)<\/p>\n<p><strong>Spacing between seeds or pockets of seeds (theoretical value, excluding slippage)<\/strong><br \/>\nFor MS-SJ seeders (since 2017) : from 2.9 to 17.9 cm - from 1.1 to 7.0 in<br \/>\nFor SU 201 seeders (since 1994) : from 3.7 to 23.3 cm - from 1.5 to 9.2 in<br \/>\nFor MS-SJ seeders (from 1994 to 2017) : from 3.2 to 18.3 cm - from 1.3 to 7.2 in<\/p>\n<p><strong>For bare seeds :<\/strong> scorsonera (light sowing). Depending on the size of the seeds, scorsonera may require disc 24 P2 (thickness 2mm - 0.08in) . We can do trials with your samples to validate the right disc.<\/p>\n<p><strong>Notice :<\/strong> Rarely sold disc, suitable for very specific cases.<\/p>\n<p>Caution : this disc is for seeds with very special shape. Then, please consider that sowing accuracy (duplicates or missing seeds) is not as good as for seeds with regular shapes.<\/p>","protected":false},"excerpt":{"rendered":"<p>Nom : 24 P3 Type : disque \u00e0 dents Nombre de dents, encoches ou trous : 24 &#8211; \u00e9paisseur 3 mm Espacement entre graines ou groupes de graines (donn\u00e9es th\u00e9oriques sans patinage) : Pour semoirs MS-SJ (\u00e0 partir de 2017) : de 2.9 \u00e0 17.9 cm Pour semoirs SU 201 (\u00e0 partir de 1994) : [&hellip;]<\/p>\n","protected":false},"featured_media":15317,"comment_status":"closed","ping_status":"closed","template":"","meta":{"_gspb_post_css":""},"product_brand":[],"product_cat":[253,174],"product_tag":[],"class_list":{"0":"post-13628","1":"product","2":"type-product","3":"status-publish","4":"has-post-thumbnail","6":"product_cat-disque","7":"product_cat-disques-graines-allongees-plates","9":"entry","10":"has-media","12":"first","13":"instock","14":"taxable","15":"shipping-taxable","16":"purchasable","17":"product-type-simple","18":"col","19":"span_1_of_5","20":"owp-content-center","21":"owp-thumbs-layout-horizontal","22":"owp-btn-normal","23":"owp-tabs-layout-horizontal","24":"has-no-thumbnails"},"yoast_head":"<!-- This site is optimized with the Yoast SEO plugin v27.4 - https:\/\/yoast.com\/product\/yoast-seo-wordpress\/ -->\n<title>24P3 - Semoirs Ebra<\/title>\n<meta name=\"robots\" content=\"index, follow, max-snippet:-1, max-image-preview:large, max-video-preview:-1\" \/>\n<link rel=\"canonical\" href=\"https:\/\/www.ebra-semoir.fr\/en\/product\/24p3\/\" \/>\n<meta property=\"og:locale\" content=\"en_US\" \/>\n<meta property=\"og:type\" content=\"article\" \/>\n<meta property=\"og:title\" content=\"24P3 - Semoirs Ebra\" \/>\n<meta property=\"og:description\" content=\"Nom : 24 P3 Type : disque \u00e0 dents Nombre de dents, encoches ou trous : 24 &#8211; \u00e9paisseur 3 mm Espacement entre graines ou groupes de graines (donn\u00e9es th\u00e9oriques sans patinage) : Pour semoirs MS-SJ (\u00e0 partir de 2017) : de 2.9 \u00e0 17.9 cm Pour semoirs SU 201 (\u00e0 partir de 1994) : [&hellip;]\" \/>\n<meta property=\"og:url\" content=\"https:\/\/www.ebra-semoir.fr\/en\/product\/24p3\/\" \/>\n<meta property=\"og:site_name\" content=\"Semoirs Ebra\" \/>\n<meta property=\"article:modified_time\" content=\"2026-03-03T10:18:25+00:00\" \/>\n<meta property=\"og:image\" content=\"https:\/\/www.ebra-semoir.fr\/wp-content\/uploads\/2021\/04\/24P3.jpg\" \/>\n\t<meta property=\"og:image:width\" content=\"500\" \/>\n\t<meta property=\"og:image:height\" content=\"500\" \/>\n\t<meta property=\"og:image:type\" content=\"image\/jpeg\" \/>\n<meta name=\"twitter:card\" content=\"summary_large_image\" \/>\n<meta name=\"twitter:label1\" content=\"Est. reading time\" \/>\n\t<meta name=\"twitter:data1\" content=\"1 minute\" \/>\n<script type=\"application\/ld+json\" class=\"yoast-schema-graph\">{\"@context\":\"https:\\\/\\\/schema.org\",\"@graph\":[{\"@type\":\"WebPage\",\"@id\":\"https:\\\/\\\/www.ebra-semoir.fr\\\/produit\\\/24p3\\\/\",\"url\":\"https:\\\/\\\/www.ebra-semoir.fr\\\/produit\\\/24p3\\\/\",\"name\":\"24P3 - Semoirs Ebra\",\"isPartOf\":{\"@id\":\"https:\\\/\\\/www.ebra-semoir.fr\\\/#website\"},\"primaryImageOfPage\":{\"@id\":\"https:\\\/\\\/www.ebra-semoir.fr\\\/produit\\\/24p3\\\/#primaryimage\"},\"image\":{\"@id\":\"https:\\\/\\\/www.ebra-semoir.fr\\\/produit\\\/24p3\\\/#primaryimage\"},\"thumbnailUrl\":\"https:\\\/\\\/www.ebra-semoir.fr\\\/wp-content\\\/uploads\\\/2021\\\/04\\\/24P3.jpg\",\"datePublished\":\"2020-02-02T18:37:54+00:00\",\"dateModified\":\"2026-03-03T10:18:25+00:00\",\"breadcrumb\":{\"@id\":\"https:\\\/\\\/www.ebra-semoir.fr\\\/produit\\\/24p3\\\/#breadcrumb\"},\"inLanguage\":\"en-US\",\"potentialAction\":[{\"@type\":\"ReadAction\",\"target\":[\"https:\\\/\\\/www.ebra-semoir.fr\\\/produit\\\/24p3\\\/\"]}]},{\"@type\":\"ImageObject\",\"inLanguage\":\"en-US\",\"@id\":\"https:\\\/\\\/www.ebra-semoir.fr\\\/produit\\\/24p3\\\/#primaryimage\",\"url\":\"https:\\\/\\\/www.ebra-semoir.fr\\\/wp-content\\\/uploads\\\/2021\\\/04\\\/24P3.jpg\",\"contentUrl\":\"https:\\\/\\\/www.ebra-semoir.fr\\\/wp-content\\\/uploads\\\/2021\\\/04\\\/24P3.jpg\",\"width\":500,\"height\":500},{\"@type\":\"BreadcrumbList\",\"@id\":\"https:\\\/\\\/www.ebra-semoir.fr\\\/produit\\\/24p3\\\/#breadcrumb\",\"itemListElement\":[{\"@type\":\"ListItem\",\"position\":1,\"name\":\"Accueil\",\"item\":\"https:\\\/\\\/www.ebra-semoir.fr\\\/\"},{\"@type\":\"ListItem\",\"position\":2,\"name\":\"Boutique en ligne\",\"item\":\"https:\\\/\\\/www.ebra-semoir.fr\\\/boutique-en-ligne\\\/\"},{\"@type\":\"ListItem\",\"position\":3,\"name\":\"24P3\"}]},{\"@type\":\"WebSite\",\"@id\":\"https:\\\/\\\/www.ebra-semoir.fr\\\/#website\",\"url\":\"https:\\\/\\\/www.ebra-semoir.fr\\\/\",\"name\":\"Semoirs Ebra\",\"description\":\"Ebra - Les Semoirs de Pr\u00e9cision\",\"publisher\":{\"@id\":\"https:\\\/\\\/www.ebra-semoir.fr\\\/#organization\"},\"potentialAction\":[{\"@type\":\"SearchAction\",\"target\":{\"@type\":\"EntryPoint\",\"urlTemplate\":\"https:\\\/\\\/www.ebra-semoir.fr\\\/?s={search_term_string}\"},\"query-input\":{\"@type\":\"PropertyValueSpecification\",\"valueRequired\":true,\"valueName\":\"search_term_string\"}}],\"inLanguage\":\"en-US\"},{\"@type\":\"Organization\",\"@id\":\"https:\\\/\\\/www.ebra-semoir.fr\\\/#organization\",\"name\":\"Semoirs Ebra\",\"url\":\"https:\\\/\\\/www.ebra-semoir.fr\\\/\",\"logo\":{\"@type\":\"ImageObject\",\"inLanguage\":\"en-US\",\"@id\":\"https:\\\/\\\/www.ebra-semoir.fr\\\/#\\\/schema\\\/logo\\\/image\\\/\",\"url\":\"https:\\\/\\\/www.ebra-semoir.fr\\\/wp-content\\\/uploads\\\/2018\\\/05\\\/logo-ebra-white.png\",\"contentUrl\":\"https:\\\/\\\/www.ebra-semoir.fr\\\/wp-content\\\/uploads\\\/2018\\\/05\\\/logo-ebra-white.png\",\"width\":208,\"height\":78,\"caption\":\"Semoirs Ebra\"},\"image\":{\"@id\":\"https:\\\/\\\/www.ebra-semoir.fr\\\/#\\\/schema\\\/logo\\\/image\\\/\"}}]}<\/script>\n<!-- \/ Yoast SEO plugin. -->","yoast_head_json":{"title":"24P3 - Semoirs Ebra","robots":{"index":"index","follow":"follow","max-snippet":"max-snippet:-1","max-image-preview":"max-image-preview:large","max-video-preview":"max-video-preview:-1"},"canonical":"https:\/\/www.ebra-semoir.fr\/en\/product\/24p3\/","og_locale":"en_US","og_type":"article","og_title":"24P3 - Semoirs Ebra","og_description":"Nom : 24 P3 Type : disque \u00e0 dents Nombre de dents, encoches ou trous : 24 &#8211; \u00e9paisseur 3 mm Espacement entre graines ou groupes de graines (donn\u00e9es th\u00e9oriques sans patinage) : Pour semoirs MS-SJ (\u00e0 partir de 2017) : de 2.9 \u00e0 17.9 cm Pour semoirs SU 201 (\u00e0 partir de 1994) : [&hellip;]","og_url":"https:\/\/www.ebra-semoir.fr\/en\/product\/24p3\/","og_site_name":"Semoirs Ebra","article_modified_time":"2026-03-03T10:18:25+00:00","og_image":[{"width":500,"height":500,"url":"https:\/\/www.ebra-semoir.fr\/wp-content\/uploads\/2021\/04\/24P3.jpg","type":"image\/jpeg"}],"twitter_card":"summary_large_image","twitter_misc":{"Est. reading time":"1 minute"},"schema":{"@context":"https:\/\/schema.org","@graph":[{"@type":"WebPage","@id":"https:\/\/www.ebra-semoir.fr\/produit\/24p3\/","url":"https:\/\/www.ebra-semoir.fr\/produit\/24p3\/","name":"24P3 - Semoirs Ebra","isPartOf":{"@id":"https:\/\/www.ebra-semoir.fr\/#website"},"primaryImageOfPage":{"@id":"https:\/\/www.ebra-semoir.fr\/produit\/24p3\/#primaryimage"},"image":{"@id":"https:\/\/www.ebra-semoir.fr\/produit\/24p3\/#primaryimage"},"thumbnailUrl":"https:\/\/www.ebra-semoir.fr\/wp-content\/uploads\/2021\/04\/24P3.jpg","datePublished":"2020-02-02T18:37:54+00:00","dateModified":"2026-03-03T10:18:25+00:00","breadcrumb":{"@id":"https:\/\/www.ebra-semoir.fr\/produit\/24p3\/#breadcrumb"},"inLanguage":"en-US","potentialAction":[{"@type":"ReadAction","target":["https:\/\/www.ebra-semoir.fr\/produit\/24p3\/"]}]},{"@type":"ImageObject","inLanguage":"en-US","@id":"https:\/\/www.ebra-semoir.fr\/produit\/24p3\/#primaryimage","url":"https:\/\/www.ebra-semoir.fr\/wp-content\/uploads\/2021\/04\/24P3.jpg","contentUrl":"https:\/\/www.ebra-semoir.fr\/wp-content\/uploads\/2021\/04\/24P3.jpg","width":500,"height":500},{"@type":"BreadcrumbList","@id":"https:\/\/www.ebra-semoir.fr\/produit\/24p3\/#breadcrumb","itemListElement":[{"@type":"ListItem","position":1,"name":"Accueil","item":"https:\/\/www.ebra-semoir.fr\/"},{"@type":"ListItem","position":2,"name":"Boutique en ligne","item":"https:\/\/www.ebra-semoir.fr\/boutique-en-ligne\/"},{"@type":"ListItem","position":3,"name":"24P3"}]},{"@type":"WebSite","@id":"https:\/\/www.ebra-semoir.fr\/#website","url":"https:\/\/www.ebra-semoir.fr\/","name":"Semoirs Ebra","description":"Ebra - Les Semoirs de Pr\u00e9cision","publisher":{"@id":"https:\/\/www.ebra-semoir.fr\/#organization"},"potentialAction":[{"@type":"SearchAction","target":{"@type":"EntryPoint","urlTemplate":"https:\/\/www.ebra-semoir.fr\/?s={search_term_string}"},"query-input":{"@type":"PropertyValueSpecification","valueRequired":true,"valueName":"search_term_string"}}],"inLanguage":"en-US"},{"@type":"Organization","@id":"https:\/\/www.ebra-semoir.fr\/#organization","name":"Semoirs Ebra","url":"https:\/\/www.ebra-semoir.fr\/","logo":{"@type":"ImageObject","inLanguage":"en-US","@id":"https:\/\/www.ebra-semoir.fr\/#\/schema\/logo\/image\/","url":"https:\/\/www.ebra-semoir.fr\/wp-content\/uploads\/2018\/05\/logo-ebra-white.png","contentUrl":"https:\/\/www.ebra-semoir.fr\/wp-content\/uploads\/2018\/05\/logo-ebra-white.png","width":208,"height":78,"caption":"Semoirs Ebra"},"image":{"@id":"https:\/\/www.ebra-semoir.fr\/#\/schema\/logo\/image\/"}}]}},"_links":{"self":[{"href":"https:\/\/www.ebra-semoir.fr\/en\/wp-json\/wp\/v2\/product\/13628","targetHints":{"allow":["GET"]}}],"collection":[{"href":"https:\/\/www.ebra-semoir.fr\/en\/wp-json\/wp\/v2\/product"}],"about":[{"href":"https:\/\/www.ebra-semoir.fr\/en\/wp-json\/wp\/v2\/types\/product"}],"replies":[{"embeddable":true,"href":"https:\/\/www.ebra-semoir.fr\/en\/wp-json\/wp\/v2\/comments?post=13628"}],"version-history":[{"count":1,"href":"https:\/\/www.ebra-semoir.fr\/en\/wp-json\/wp\/v2\/product\/13628\/revisions"}],"predecessor-version":[{"id":15179,"href":"https:\/\/www.ebra-semoir.fr\/en\/wp-json\/wp\/v2\/product\/13628\/revisions\/15179"}],"wp:featuredmedia":[{"embeddable":true,"href":"https:\/\/www.ebra-semoir.fr\/en\/wp-json\/wp\/v2\/media\/15317"}],"wp:attachment":[{"href":"https:\/\/www.ebra-semoir.fr\/en\/wp-json\/wp\/v2\/media?parent=13628"}],"wp:term":[{"taxonomy":"product_brand","embeddable":true,"href":"https:\/\/www.ebra-semoir.fr\/en\/wp-json\/wp\/v2\/product_brand?post=13628"},{"taxonomy":"product_cat","embeddable":true,"href":"https:\/\/www.ebra-semoir.fr\/en\/wp-json\/wp\/v2\/product_cat?post=13628"},{"taxonomy":"product_tag","embeddable":true,"href":"https:\/\/www.ebra-semoir.fr\/en\/wp-json\/wp\/v2\/product_tag?post=13628"}],"curies":[{"name":"wp","href":"https:\/\/api.w.org\/{rel}","templated":true}]}}