{"id":13700,"date":"2020-02-02T21:39:14","date_gmt":"2020-02-02T20:39:14","guid":{"rendered":"https:\/\/sepeba-ebra.com\/?post_type=product&#038;p=13700"},"modified":"2026-03-03T11:14:33","modified_gmt":"2026-03-03T10:14:33","slug":"10oc18","status":"publish","type":"product","link":"https:\/\/www.ebra-semoir.fr\/en\/product\/10oc18\/","title":{"rendered":"10OC16"},"content":{"rendered":"<p><strong>Type :<\/strong> plastic disc, special for bulblets<\/p>\n<p><strong>Number of teeth<\/strong> 10 - thickness 16 mm (0.63 in)<\/p>\n<p><strong>Spacing between seeds or pockets of seeds (theoretical value, excluding slippage)<\/strong><br \/>\nFor MS-SJ seeders (since 2017) : from 6.9 to 42.9 cm (from 2.7 to 16.9 in)<br \/>\nFor SU 201 seeders (since 1994) : from 9.6 to 65 cm (from 3.8 to 25.6 in)<br \/>\nFor MS-SJ seeders (since 1994 to 2017) : from 7.7 to 52 cm (from 3 to 20.5 in)<\/p>\n<p><strong>For bare or coated seeds :<\/strong> some small bulblets (low density sowing). Due to their size, their shape and irregularity, bulblets are difficult to sort : they may block at the outfeed of the disc. Bulblets must be small (caliber 8 to 14mm - 0.31 to 0.55 in), dry, not germinated. Trials must be done before disc validation. Bulblets require a very slow sowing forward speed.<\/p>\n<p><strong>Notice :<\/strong> Disc rarely sold, for specific cases.<\/p>","protected":false},"excerpt":{"rendered":"<p>Type : disque plastique sp\u00e9cial bulbille Nombre de dents : 10 &#8211; \u00e9paisseur 16 mm Espacement entre graines ou groupes de graines (donn\u00e9es th\u00e9oriques sans patinage) : Pour semoirs MS-SJ (\u00e0 partir de 2017) : de 6.9 \u00e0 42.9 cm Pour semoirs SU 201 (\u00e0 partir de 1994) : de 9.6 \u00e0 65 cm Pour [&hellip;]<\/p>\n","protected":false},"featured_media":25315,"comment_status":"closed","ping_status":"closed","template":"","meta":{"_gspb_post_css":""},"product_brand":[],"product_cat":[253,178],"product_tag":[],"class_list":{"0":"post-13700","1":"product","2":"type-product","3":"status-publish","4":"has-post-thumbnail","6":"product_cat-disque","7":"product_cat-disques-feves-et-bulbilles","9":"entry","10":"has-media","12":"first","13":"instock","14":"taxable","15":"shipping-taxable","16":"purchasable","17":"product-type-simple","18":"col","19":"span_1_of_5","20":"owp-content-center","21":"owp-thumbs-layout-horizontal","22":"owp-btn-normal","23":"owp-tabs-layout-horizontal","24":"has-no-thumbnails"},"yoast_head":"<!-- This site is optimized with the Yoast SEO plugin v27.4 - https:\/\/yoast.com\/product\/yoast-seo-wordpress\/ -->\n<title>10OC16 - Semoirs Ebra<\/title>\n<meta name=\"robots\" content=\"index, follow, max-snippet:-1, max-image-preview:large, max-video-preview:-1\" \/>\n<link rel=\"canonical\" href=\"https:\/\/www.ebra-semoir.fr\/en\/product\/10oc18\/\" \/>\n<meta property=\"og:locale\" content=\"en_US\" \/>\n<meta property=\"og:type\" content=\"article\" \/>\n<meta property=\"og:title\" content=\"10OC16 - Semoirs Ebra\" \/>\n<meta property=\"og:description\" content=\"Type : disque plastique sp\u00e9cial bulbille Nombre de dents : 10 &#8211; \u00e9paisseur 16 mm Espacement entre graines ou groupes de graines (donn\u00e9es th\u00e9oriques sans patinage) : Pour semoirs MS-SJ (\u00e0 partir de 2017) : de 6.9 \u00e0 42.9 cm Pour semoirs SU 201 (\u00e0 partir de 1994) : de 9.6 \u00e0 65 cm Pour [&hellip;]\" \/>\n<meta property=\"og:url\" content=\"https:\/\/www.ebra-semoir.fr\/en\/product\/10oc18\/\" \/>\n<meta property=\"og:site_name\" content=\"Semoirs Ebra\" \/>\n<meta property=\"article:modified_time\" content=\"2026-03-03T10:14:33+00:00\" \/>\n<meta property=\"og:image\" content=\"https:\/\/www.ebra-semoir.fr\/wp-content\/uploads\/2020\/02\/10-OC16.jpg\" \/>\n\t<meta property=\"og:image:width\" content=\"1492\" \/>\n\t<meta property=\"og:image:height\" content=\"1491\" \/>\n\t<meta property=\"og:image:type\" content=\"image\/jpeg\" \/>\n<meta name=\"twitter:card\" content=\"summary_large_image\" \/>\n<meta name=\"twitter:label1\" content=\"Est. reading time\" \/>\n\t<meta name=\"twitter:data1\" content=\"1 minute\" \/>\n<script type=\"application\/ld+json\" class=\"yoast-schema-graph\">{\"@context\":\"https:\\\/\\\/schema.org\",\"@graph\":[{\"@type\":\"WebPage\",\"@id\":\"https:\\\/\\\/www.ebra-semoir.fr\\\/produit\\\/10oc18\\\/\",\"url\":\"https:\\\/\\\/www.ebra-semoir.fr\\\/produit\\\/10oc18\\\/\",\"name\":\"10OC16 - Semoirs Ebra\",\"isPartOf\":{\"@id\":\"https:\\\/\\\/www.ebra-semoir.fr\\\/#website\"},\"primaryImageOfPage\":{\"@id\":\"https:\\\/\\\/www.ebra-semoir.fr\\\/produit\\\/10oc18\\\/#primaryimage\"},\"image\":{\"@id\":\"https:\\\/\\\/www.ebra-semoir.fr\\\/produit\\\/10oc18\\\/#primaryimage\"},\"thumbnailUrl\":\"https:\\\/\\\/www.ebra-semoir.fr\\\/wp-content\\\/uploads\\\/2020\\\/02\\\/10-OC16.jpg\",\"datePublished\":\"2020-02-02T20:39:14+00:00\",\"dateModified\":\"2026-03-03T10:14:33+00:00\",\"breadcrumb\":{\"@id\":\"https:\\\/\\\/www.ebra-semoir.fr\\\/produit\\\/10oc18\\\/#breadcrumb\"},\"inLanguage\":\"en-US\",\"potentialAction\":[{\"@type\":\"ReadAction\",\"target\":[\"https:\\\/\\\/www.ebra-semoir.fr\\\/produit\\\/10oc18\\\/\"]}]},{\"@type\":\"ImageObject\",\"inLanguage\":\"en-US\",\"@id\":\"https:\\\/\\\/www.ebra-semoir.fr\\\/produit\\\/10oc18\\\/#primaryimage\",\"url\":\"https:\\\/\\\/www.ebra-semoir.fr\\\/wp-content\\\/uploads\\\/2020\\\/02\\\/10-OC16.jpg\",\"contentUrl\":\"https:\\\/\\\/www.ebra-semoir.fr\\\/wp-content\\\/uploads\\\/2020\\\/02\\\/10-OC16.jpg\",\"width\":1492,\"height\":1491},{\"@type\":\"BreadcrumbList\",\"@id\":\"https:\\\/\\\/www.ebra-semoir.fr\\\/produit\\\/10oc18\\\/#breadcrumb\",\"itemListElement\":[{\"@type\":\"ListItem\",\"position\":1,\"name\":\"Accueil\",\"item\":\"https:\\\/\\\/www.ebra-semoir.fr\\\/\"},{\"@type\":\"ListItem\",\"position\":2,\"name\":\"Boutique en ligne\",\"item\":\"https:\\\/\\\/www.ebra-semoir.fr\\\/boutique-en-ligne\\\/\"},{\"@type\":\"ListItem\",\"position\":3,\"name\":\"10OC16\"}]},{\"@type\":\"WebSite\",\"@id\":\"https:\\\/\\\/www.ebra-semoir.fr\\\/#website\",\"url\":\"https:\\\/\\\/www.ebra-semoir.fr\\\/\",\"name\":\"Semoirs Ebra\",\"description\":\"Ebra - Les Semoirs de Pr\u00e9cision\",\"publisher\":{\"@id\":\"https:\\\/\\\/www.ebra-semoir.fr\\\/#organization\"},\"potentialAction\":[{\"@type\":\"SearchAction\",\"target\":{\"@type\":\"EntryPoint\",\"urlTemplate\":\"https:\\\/\\\/www.ebra-semoir.fr\\\/?s={search_term_string}\"},\"query-input\":{\"@type\":\"PropertyValueSpecification\",\"valueRequired\":true,\"valueName\":\"search_term_string\"}}],\"inLanguage\":\"en-US\"},{\"@type\":\"Organization\",\"@id\":\"https:\\\/\\\/www.ebra-semoir.fr\\\/#organization\",\"name\":\"Semoirs Ebra\",\"url\":\"https:\\\/\\\/www.ebra-semoir.fr\\\/\",\"logo\":{\"@type\":\"ImageObject\",\"inLanguage\":\"en-US\",\"@id\":\"https:\\\/\\\/www.ebra-semoir.fr\\\/#\\\/schema\\\/logo\\\/image\\\/\",\"url\":\"https:\\\/\\\/www.ebra-semoir.fr\\\/wp-content\\\/uploads\\\/2018\\\/05\\\/logo-ebra-white.png\",\"contentUrl\":\"https:\\\/\\\/www.ebra-semoir.fr\\\/wp-content\\\/uploads\\\/2018\\\/05\\\/logo-ebra-white.png\",\"width\":208,\"height\":78,\"caption\":\"Semoirs Ebra\"},\"image\":{\"@id\":\"https:\\\/\\\/www.ebra-semoir.fr\\\/#\\\/schema\\\/logo\\\/image\\\/\"}}]}<\/script>\n<!-- \/ Yoast SEO plugin. -->","yoast_head_json":{"title":"10OC16 - Semoirs Ebra","robots":{"index":"index","follow":"follow","max-snippet":"max-snippet:-1","max-image-preview":"max-image-preview:large","max-video-preview":"max-video-preview:-1"},"canonical":"https:\/\/www.ebra-semoir.fr\/en\/product\/10oc18\/","og_locale":"en_US","og_type":"article","og_title":"10OC16 - Semoirs Ebra","og_description":"Type : disque plastique sp\u00e9cial bulbille Nombre de dents : 10 &#8211; \u00e9paisseur 16 mm Espacement entre graines ou groupes de graines (donn\u00e9es th\u00e9oriques sans patinage) : Pour semoirs MS-SJ (\u00e0 partir de 2017) : de 6.9 \u00e0 42.9 cm Pour semoirs SU 201 (\u00e0 partir de 1994) : de 9.6 \u00e0 65 cm Pour [&hellip;]","og_url":"https:\/\/www.ebra-semoir.fr\/en\/product\/10oc18\/","og_site_name":"Semoirs Ebra","article_modified_time":"2026-03-03T10:14:33+00:00","og_image":[{"width":1492,"height":1491,"url":"https:\/\/www.ebra-semoir.fr\/wp-content\/uploads\/2020\/02\/10-OC16.jpg","type":"image\/jpeg"}],"twitter_card":"summary_large_image","twitter_misc":{"Est. reading time":"1 minute"},"schema":{"@context":"https:\/\/schema.org","@graph":[{"@type":"WebPage","@id":"https:\/\/www.ebra-semoir.fr\/produit\/10oc18\/","url":"https:\/\/www.ebra-semoir.fr\/produit\/10oc18\/","name":"10OC16 - Semoirs Ebra","isPartOf":{"@id":"https:\/\/www.ebra-semoir.fr\/#website"},"primaryImageOfPage":{"@id":"https:\/\/www.ebra-semoir.fr\/produit\/10oc18\/#primaryimage"},"image":{"@id":"https:\/\/www.ebra-semoir.fr\/produit\/10oc18\/#primaryimage"},"thumbnailUrl":"https:\/\/www.ebra-semoir.fr\/wp-content\/uploads\/2020\/02\/10-OC16.jpg","datePublished":"2020-02-02T20:39:14+00:00","dateModified":"2026-03-03T10:14:33+00:00","breadcrumb":{"@id":"https:\/\/www.ebra-semoir.fr\/produit\/10oc18\/#breadcrumb"},"inLanguage":"en-US","potentialAction":[{"@type":"ReadAction","target":["https:\/\/www.ebra-semoir.fr\/produit\/10oc18\/"]}]},{"@type":"ImageObject","inLanguage":"en-US","@id":"https:\/\/www.ebra-semoir.fr\/produit\/10oc18\/#primaryimage","url":"https:\/\/www.ebra-semoir.fr\/wp-content\/uploads\/2020\/02\/10-OC16.jpg","contentUrl":"https:\/\/www.ebra-semoir.fr\/wp-content\/uploads\/2020\/02\/10-OC16.jpg","width":1492,"height":1491},{"@type":"BreadcrumbList","@id":"https:\/\/www.ebra-semoir.fr\/produit\/10oc18\/#breadcrumb","itemListElement":[{"@type":"ListItem","position":1,"name":"Accueil","item":"https:\/\/www.ebra-semoir.fr\/"},{"@type":"ListItem","position":2,"name":"Boutique en ligne","item":"https:\/\/www.ebra-semoir.fr\/boutique-en-ligne\/"},{"@type":"ListItem","position":3,"name":"10OC16"}]},{"@type":"WebSite","@id":"https:\/\/www.ebra-semoir.fr\/#website","url":"https:\/\/www.ebra-semoir.fr\/","name":"Semoirs Ebra","description":"Ebra - Les Semoirs de Pr\u00e9cision","publisher":{"@id":"https:\/\/www.ebra-semoir.fr\/#organization"},"potentialAction":[{"@type":"SearchAction","target":{"@type":"EntryPoint","urlTemplate":"https:\/\/www.ebra-semoir.fr\/?s={search_term_string}"},"query-input":{"@type":"PropertyValueSpecification","valueRequired":true,"valueName":"search_term_string"}}],"inLanguage":"en-US"},{"@type":"Organization","@id":"https:\/\/www.ebra-semoir.fr\/#organization","name":"Semoirs Ebra","url":"https:\/\/www.ebra-semoir.fr\/","logo":{"@type":"ImageObject","inLanguage":"en-US","@id":"https:\/\/www.ebra-semoir.fr\/#\/schema\/logo\/image\/","url":"https:\/\/www.ebra-semoir.fr\/wp-content\/uploads\/2018\/05\/logo-ebra-white.png","contentUrl":"https:\/\/www.ebra-semoir.fr\/wp-content\/uploads\/2018\/05\/logo-ebra-white.png","width":208,"height":78,"caption":"Semoirs Ebra"},"image":{"@id":"https:\/\/www.ebra-semoir.fr\/#\/schema\/logo\/image\/"}}]}},"_links":{"self":[{"href":"https:\/\/www.ebra-semoir.fr\/en\/wp-json\/wp\/v2\/product\/13700","targetHints":{"allow":["GET"]}}],"collection":[{"href":"https:\/\/www.ebra-semoir.fr\/en\/wp-json\/wp\/v2\/product"}],"about":[{"href":"https:\/\/www.ebra-semoir.fr\/en\/wp-json\/wp\/v2\/types\/product"}],"replies":[{"embeddable":true,"href":"https:\/\/www.ebra-semoir.fr\/en\/wp-json\/wp\/v2\/comments?post=13700"}],"version-history":[{"count":4,"href":"https:\/\/www.ebra-semoir.fr\/en\/wp-json\/wp\/v2\/product\/13700\/revisions"}],"predecessor-version":[{"id":25316,"href":"https:\/\/www.ebra-semoir.fr\/en\/wp-json\/wp\/v2\/product\/13700\/revisions\/25316"}],"wp:featuredmedia":[{"embeddable":true,"href":"https:\/\/www.ebra-semoir.fr\/en\/wp-json\/wp\/v2\/media\/25315"}],"wp:attachment":[{"href":"https:\/\/www.ebra-semoir.fr\/en\/wp-json\/wp\/v2\/media?parent=13700"}],"wp:term":[{"taxonomy":"product_brand","embeddable":true,"href":"https:\/\/www.ebra-semoir.fr\/en\/wp-json\/wp\/v2\/product_brand?post=13700"},{"taxonomy":"product_cat","embeddable":true,"href":"https:\/\/www.ebra-semoir.fr\/en\/wp-json\/wp\/v2\/product_cat?post=13700"},{"taxonomy":"product_tag","embeddable":true,"href":"https:\/\/www.ebra-semoir.fr\/en\/wp-json\/wp\/v2\/product_tag?post=13700"}],"curies":[{"name":"wp","href":"https:\/\/api.w.org\/{rel}","templated":true}]}}