{"id":26783,"date":"2025-11-08T12:24:18","date_gmt":"2025-11-08T11:24:18","guid":{"rendered":"https:\/\/www.ebra-semoir.fr\/?post_type=product&#038;p=26783"},"modified":"2026-02-16T10:02:22","modified_gmt":"2026-02-16T09:02:22","slug":"semoir-sj-expert","status":"publish","type":"product","link":"https:\/\/www.ebra-semoir.fr\/en\/product\/semoir-sj-expert\/","title":{"rendered":"Semoir SJ Expert"},"content":{"rendered":"<p><span style=\"font-family: Times New Roman, serif;\"><span style=\"font-size: medium;\">Les semoirs manuels EBRA SJ sont des semoirs monorang simples d&rsquo;utilisation, robustes et totalement polyvalents.<\/span><\/span><\/p>\n<p><span style=\"font-family: Times New Roman, serif;\"><span style=\"font-size: medium;\">Mod\u00e8le d&rsquo;excellence de la gamme des semoirs manuels, et le plus pris\u00e9, le semoir EBRA SJ EXPERT est compatible avec tous types de graines gr\u00e2ce \u00e0 ses disques interchangeables.<\/span><\/span><\/p>\n<p><span style=\"font-family: Times New Roman, serif;\"><span style=\"font-size: medium;\">Le semoir SJ EXPERT int\u00e8gre de nombreuses fonctionnalit\u00e9s et options pour maximiser performances, r\u00e9gularit\u00e9 de semis et confort d&rsquo;utilisation en mara\u00eechage diversifi\u00e9.\u00a0<\/span><\/span><\/p>\n<p><span style=\"font-family: Times New Roman, serif;\"><span style=\"font-size: medium;\">La ma\u00eetrise totale de votre pr\u00e9cision au semis et des rendements au rendez-vous !<\/span><\/span><\/p>\n<p><span style=\"font-family: Times New Roman, serif;\"><span style=\"font-size: medium;\">D&rsquo;autres accessoires vous permettent de le configurer selon la nature de vos terres et de vos pratiques&#8230; Voir la page \u00ab\u00a0Accessoires\u00a0\u00bb<\/span><\/span><\/p>\n<div class=\"wp-block-button has-custom-width wp-block-button__width-100\" style=\"text-align: center;\"><a class=\"wp-block-button__link has-vivid-red-background-color has-background wp-element-button\" href=\"\/en\/accessoires-pour-sj-expert\/\">Commander les accessoires adapt\u00e9s pour ce semoir<\/a><\/div>\n<p>&nbsp;<\/p>\n<\/div>\n<div>\n<div class=\"woocommerce-product-details__short-description\">\n<p>Poids : 20 \u00e0 24 kg selon \u00e9quipement<\/p>\n<ul>\n<li><\/li>\n<\/ul>\n<\/div>\n<p><img fetchpriority=\"high\" decoding=\"async\" class=\"alignnone wp-image-26000 size-full\" src=\"https:\/\/www.ebra-semoir.fr\/wp-content\/uploads\/2021\/04\/ebra-seeder-sj-en.png\" alt=\"\" width=\"964\" height=\"600\" srcset=\"https:\/\/www.ebra-semoir.fr\/wp-content\/uploads\/2021\/04\/ebra-seeder-sj-en.png 964w, https:\/\/www.ebra-semoir.fr\/wp-content\/uploads\/2021\/04\/ebra-seeder-sj-en-300x189.png 300w, https:\/\/www.ebra-semoir.fr\/wp-content\/uploads\/2021\/04\/ebra-seeder-sj-en-768x484.png 768w, https:\/\/www.ebra-semoir.fr\/wp-content\/uploads\/2021\/04\/ebra-seeder-sj-en-16x10.png 16w, https:\/\/www.ebra-semoir.fr\/wp-content\/uploads\/2021\/04\/ebra-seeder-sj-en-500x315.png 500w\" sizes=\"(max-width: 964px) 100vw, 964px\" \/><\/p>\n<\/div>","protected":false},"excerpt":{"rendered":"<div class=\"woocommerce-product-details__short-description\">\n<p><span style=\"font-family: Times New Roman, serif;\"><span style=\"font-size: medium;\"><b>Semoir manuel SJ EXPERT: plus d&rsquo;efficacit\u00e9 et de performances<\/b><\/span><\/span><\/p>\n<\/div>","protected":false},"featured_media":27009,"comment_status":"open","ping_status":"closed","template":"","meta":{"_gspb_post_css":""},"product_brand":[],"product_cat":[221],"product_tag":[],"class_list":{"0":"post-26783","1":"product","2":"type-product","3":"status-publish","4":"has-post-thumbnail","6":"product_cat-semoir","7":"product_shipping_class-sj","9":"entry","10":"has-media","12":"first","13":"instock","14":"taxable","15":"shipping-taxable","16":"purchasable","17":"product-type-simple","18":"col","19":"span_1_of_5","20":"owp-content-center","21":"owp-thumbs-layout-horizontal","22":"owp-btn-normal","23":"owp-tabs-layout-horizontal","24":"has-no-thumbnails"},"yoast_head":"<!-- This site is optimized with the Yoast SEO plugin v27.4 - https:\/\/yoast.com\/product\/yoast-seo-wordpress\/ -->\n<title>Semoir SJ Expert - Semoirs Ebra<\/title>\n<meta name=\"description\" content=\"Le semoir EBRA SJ Expert est le plus complet des semoirs manuels EBRA SJ qui sont compatibles avec tous types de graines gr\u00e2ce aux disques interchangeables.\" \/>\n<meta name=\"robots\" content=\"index, follow, max-snippet:-1, max-image-preview:large, max-video-preview:-1\" \/>\n<link rel=\"canonical\" href=\"https:\/\/www.ebra-semoir.fr\/en\/product\/semoir-sj-expert\/\" \/>\n<meta property=\"og:locale\" content=\"en_US\" \/>\n<meta property=\"og:type\" content=\"article\" \/>\n<meta property=\"og:title\" content=\"Semoir SJ Expert - Semoirs Ebra\" \/>\n<meta property=\"og:description\" content=\"Le semoir EBRA SJ Expert est le plus complet des semoirs manuels EBRA SJ qui sont compatibles avec tous types de graines gr\u00e2ce aux disques interchangeables.\" \/>\n<meta property=\"og:url\" content=\"https:\/\/www.ebra-semoir.fr\/en\/product\/semoir-sj-expert\/\" \/>\n<meta property=\"og:site_name\" content=\"Semoirs Ebra\" \/>\n<meta property=\"article:modified_time\" content=\"2026-02-16T09:02:22+00:00\" \/>\n<meta property=\"og:image\" content=\"https:\/\/www.ebra-semoir.fr\/wp-content\/uploads\/2025\/11\/SJ-EXPERT-Detoure-scaled.jpg\" \/>\n\t<meta property=\"og:image:width\" content=\"2560\" \/>\n\t<meta property=\"og:image:height\" content=\"1663\" \/>\n\t<meta property=\"og:image:type\" content=\"image\/jpeg\" \/>\n<meta name=\"twitter:card\" content=\"summary_large_image\" \/>\n<meta name=\"twitter:label1\" content=\"Est. reading time\" \/>\n\t<meta name=\"twitter:data1\" content=\"1 minute\" \/>\n<script type=\"application\/ld+json\" class=\"yoast-schema-graph\">{\"@context\":\"https:\\\/\\\/schema.org\",\"@graph\":[{\"@type\":\"WebPage\",\"@id\":\"https:\\\/\\\/www.ebra-semoir.fr\\\/produit\\\/semoir-sj-expert\\\/\",\"url\":\"https:\\\/\\\/www.ebra-semoir.fr\\\/produit\\\/semoir-sj-expert\\\/\",\"name\":\"Semoir SJ Expert - Semoirs Ebra\",\"isPartOf\":{\"@id\":\"https:\\\/\\\/www.ebra-semoir.fr\\\/#website\"},\"primaryImageOfPage\":{\"@id\":\"https:\\\/\\\/www.ebra-semoir.fr\\\/produit\\\/semoir-sj-expert\\\/#primaryimage\"},\"image\":{\"@id\":\"https:\\\/\\\/www.ebra-semoir.fr\\\/produit\\\/semoir-sj-expert\\\/#primaryimage\"},\"thumbnailUrl\":\"https:\\\/\\\/www.ebra-semoir.fr\\\/wp-content\\\/uploads\\\/2025\\\/11\\\/SJ-EXPERT-Detoure-scaled.jpg\",\"datePublished\":\"2025-11-08T11:24:18+00:00\",\"dateModified\":\"2026-02-16T09:02:22+00:00\",\"description\":\"Le semoir EBRA SJ Expert est le plus complet des semoirs manuels EBRA SJ qui sont compatibles avec tous types de graines gr\u00e2ce aux disques interchangeables.\",\"breadcrumb\":{\"@id\":\"https:\\\/\\\/www.ebra-semoir.fr\\\/produit\\\/semoir-sj-expert\\\/#breadcrumb\"},\"inLanguage\":\"en-US\",\"potentialAction\":[{\"@type\":\"ReadAction\",\"target\":[\"https:\\\/\\\/www.ebra-semoir.fr\\\/produit\\\/semoir-sj-expert\\\/\"]}]},{\"@type\":\"ImageObject\",\"inLanguage\":\"en-US\",\"@id\":\"https:\\\/\\\/www.ebra-semoir.fr\\\/produit\\\/semoir-sj-expert\\\/#primaryimage\",\"url\":\"https:\\\/\\\/www.ebra-semoir.fr\\\/wp-content\\\/uploads\\\/2025\\\/11\\\/SJ-EXPERT-Detoure-scaled.jpg\",\"contentUrl\":\"https:\\\/\\\/www.ebra-semoir.fr\\\/wp-content\\\/uploads\\\/2025\\\/11\\\/SJ-EXPERT-Detoure-scaled.jpg\",\"width\":2560,\"height\":1663,\"caption\":\"Semoir manuel Ebra SJ Expert\"},{\"@type\":\"BreadcrumbList\",\"@id\":\"https:\\\/\\\/www.ebra-semoir.fr\\\/produit\\\/semoir-sj-expert\\\/#breadcrumb\",\"itemListElement\":[{\"@type\":\"ListItem\",\"position\":1,\"name\":\"Accueil\",\"item\":\"https:\\\/\\\/www.ebra-semoir.fr\\\/\"},{\"@type\":\"ListItem\",\"position\":2,\"name\":\"Boutique en ligne\",\"item\":\"https:\\\/\\\/www.ebra-semoir.fr\\\/boutique-en-ligne\\\/\"},{\"@type\":\"ListItem\",\"position\":3,\"name\":\"Semoir SJ Expert\"}]},{\"@type\":\"WebSite\",\"@id\":\"https:\\\/\\\/www.ebra-semoir.fr\\\/#website\",\"url\":\"https:\\\/\\\/www.ebra-semoir.fr\\\/\",\"name\":\"Semoirs Ebra\",\"description\":\"Ebra - Les Semoirs de Pr\u00e9cision\",\"publisher\":{\"@id\":\"https:\\\/\\\/www.ebra-semoir.fr\\\/#organization\"},\"potentialAction\":[{\"@type\":\"SearchAction\",\"target\":{\"@type\":\"EntryPoint\",\"urlTemplate\":\"https:\\\/\\\/www.ebra-semoir.fr\\\/?s={search_term_string}\"},\"query-input\":{\"@type\":\"PropertyValueSpecification\",\"valueRequired\":true,\"valueName\":\"search_term_string\"}}],\"inLanguage\":\"en-US\"},{\"@type\":\"Organization\",\"@id\":\"https:\\\/\\\/www.ebra-semoir.fr\\\/#organization\",\"name\":\"Semoirs Ebra\",\"url\":\"https:\\\/\\\/www.ebra-semoir.fr\\\/\",\"logo\":{\"@type\":\"ImageObject\",\"inLanguage\":\"en-US\",\"@id\":\"https:\\\/\\\/www.ebra-semoir.fr\\\/#\\\/schema\\\/logo\\\/image\\\/\",\"url\":\"https:\\\/\\\/www.ebra-semoir.fr\\\/wp-content\\\/uploads\\\/2018\\\/05\\\/logo-ebra-white.png\",\"contentUrl\":\"https:\\\/\\\/www.ebra-semoir.fr\\\/wp-content\\\/uploads\\\/2018\\\/05\\\/logo-ebra-white.png\",\"width\":208,\"height\":78,\"caption\":\"Semoirs Ebra\"},\"image\":{\"@id\":\"https:\\\/\\\/www.ebra-semoir.fr\\\/#\\\/schema\\\/logo\\\/image\\\/\"}}]}<\/script>\n<!-- \/ Yoast SEO plugin. -->","yoast_head_json":{"title":"Semoir SJ Expert - Semoirs Ebra","description":"Le semoir EBRA SJ Expert est le plus complet des semoirs manuels EBRA SJ qui sont compatibles avec tous types de graines gr\u00e2ce aux disques interchangeables.","robots":{"index":"index","follow":"follow","max-snippet":"max-snippet:-1","max-image-preview":"max-image-preview:large","max-video-preview":"max-video-preview:-1"},"canonical":"https:\/\/www.ebra-semoir.fr\/en\/product\/semoir-sj-expert\/","og_locale":"en_US","og_type":"article","og_title":"Semoir SJ Expert - Semoirs Ebra","og_description":"Le semoir EBRA SJ Expert est le plus complet des semoirs manuels EBRA SJ qui sont compatibles avec tous types de graines gr\u00e2ce aux disques interchangeables.","og_url":"https:\/\/www.ebra-semoir.fr\/en\/product\/semoir-sj-expert\/","og_site_name":"Semoirs Ebra","article_modified_time":"2026-02-16T09:02:22+00:00","og_image":[{"width":2560,"height":1663,"url":"https:\/\/www.ebra-semoir.fr\/wp-content\/uploads\/2025\/11\/SJ-EXPERT-Detoure-scaled.jpg","type":"image\/jpeg"}],"twitter_card":"summary_large_image","twitter_misc":{"Est. reading time":"1 minute"},"schema":{"@context":"https:\/\/schema.org","@graph":[{"@type":"WebPage","@id":"https:\/\/www.ebra-semoir.fr\/produit\/semoir-sj-expert\/","url":"https:\/\/www.ebra-semoir.fr\/produit\/semoir-sj-expert\/","name":"Semoir SJ Expert - Semoirs Ebra","isPartOf":{"@id":"https:\/\/www.ebra-semoir.fr\/#website"},"primaryImageOfPage":{"@id":"https:\/\/www.ebra-semoir.fr\/produit\/semoir-sj-expert\/#primaryimage"},"image":{"@id":"https:\/\/www.ebra-semoir.fr\/produit\/semoir-sj-expert\/#primaryimage"},"thumbnailUrl":"https:\/\/www.ebra-semoir.fr\/wp-content\/uploads\/2025\/11\/SJ-EXPERT-Detoure-scaled.jpg","datePublished":"2025-11-08T11:24:18+00:00","dateModified":"2026-02-16T09:02:22+00:00","description":"Le semoir EBRA SJ Expert est le plus complet des semoirs manuels EBRA SJ qui sont compatibles avec tous types de graines gr\u00e2ce aux disques interchangeables.","breadcrumb":{"@id":"https:\/\/www.ebra-semoir.fr\/produit\/semoir-sj-expert\/#breadcrumb"},"inLanguage":"en-US","potentialAction":[{"@type":"ReadAction","target":["https:\/\/www.ebra-semoir.fr\/produit\/semoir-sj-expert\/"]}]},{"@type":"ImageObject","inLanguage":"en-US","@id":"https:\/\/www.ebra-semoir.fr\/produit\/semoir-sj-expert\/#primaryimage","url":"https:\/\/www.ebra-semoir.fr\/wp-content\/uploads\/2025\/11\/SJ-EXPERT-Detoure-scaled.jpg","contentUrl":"https:\/\/www.ebra-semoir.fr\/wp-content\/uploads\/2025\/11\/SJ-EXPERT-Detoure-scaled.jpg","width":2560,"height":1663,"caption":"Semoir manuel Ebra SJ Expert"},{"@type":"BreadcrumbList","@id":"https:\/\/www.ebra-semoir.fr\/produit\/semoir-sj-expert\/#breadcrumb","itemListElement":[{"@type":"ListItem","position":1,"name":"Accueil","item":"https:\/\/www.ebra-semoir.fr\/"},{"@type":"ListItem","position":2,"name":"Boutique en ligne","item":"https:\/\/www.ebra-semoir.fr\/boutique-en-ligne\/"},{"@type":"ListItem","position":3,"name":"Semoir SJ Expert"}]},{"@type":"WebSite","@id":"https:\/\/www.ebra-semoir.fr\/#website","url":"https:\/\/www.ebra-semoir.fr\/","name":"Semoirs Ebra","description":"Ebra - Les Semoirs de Pr\u00e9cision","publisher":{"@id":"https:\/\/www.ebra-semoir.fr\/#organization"},"potentialAction":[{"@type":"SearchAction","target":{"@type":"EntryPoint","urlTemplate":"https:\/\/www.ebra-semoir.fr\/?s={search_term_string}"},"query-input":{"@type":"PropertyValueSpecification","valueRequired":true,"valueName":"search_term_string"}}],"inLanguage":"en-US"},{"@type":"Organization","@id":"https:\/\/www.ebra-semoir.fr\/#organization","name":"Semoirs Ebra","url":"https:\/\/www.ebra-semoir.fr\/","logo":{"@type":"ImageObject","inLanguage":"en-US","@id":"https:\/\/www.ebra-semoir.fr\/#\/schema\/logo\/image\/","url":"https:\/\/www.ebra-semoir.fr\/wp-content\/uploads\/2018\/05\/logo-ebra-white.png","contentUrl":"https:\/\/www.ebra-semoir.fr\/wp-content\/uploads\/2018\/05\/logo-ebra-white.png","width":208,"height":78,"caption":"Semoirs Ebra"},"image":{"@id":"https:\/\/www.ebra-semoir.fr\/#\/schema\/logo\/image\/"}}]}},"_links":{"self":[{"href":"https:\/\/www.ebra-semoir.fr\/en\/wp-json\/wp\/v2\/product\/26783","targetHints":{"allow":["GET"]}}],"collection":[{"href":"https:\/\/www.ebra-semoir.fr\/en\/wp-json\/wp\/v2\/product"}],"about":[{"href":"https:\/\/www.ebra-semoir.fr\/en\/wp-json\/wp\/v2\/types\/product"}],"replies":[{"embeddable":true,"href":"https:\/\/www.ebra-semoir.fr\/en\/wp-json\/wp\/v2\/comments?post=26783"}],"version-history":[{"count":18,"href":"https:\/\/www.ebra-semoir.fr\/en\/wp-json\/wp\/v2\/product\/26783\/revisions"}],"predecessor-version":[{"id":28876,"href":"https:\/\/www.ebra-semoir.fr\/en\/wp-json\/wp\/v2\/product\/26783\/revisions\/28876"}],"wp:featuredmedia":[{"embeddable":true,"href":"https:\/\/www.ebra-semoir.fr\/en\/wp-json\/wp\/v2\/media\/27009"}],"wp:attachment":[{"href":"https:\/\/www.ebra-semoir.fr\/en\/wp-json\/wp\/v2\/media?parent=26783"}],"wp:term":[{"taxonomy":"product_brand","embeddable":true,"href":"https:\/\/www.ebra-semoir.fr\/en\/wp-json\/wp\/v2\/product_brand?post=26783"},{"taxonomy":"product_cat","embeddable":true,"href":"https:\/\/www.ebra-semoir.fr\/en\/wp-json\/wp\/v2\/product_cat?post=26783"},{"taxonomy":"product_tag","embeddable":true,"href":"https:\/\/www.ebra-semoir.fr\/en\/wp-json\/wp\/v2\/product_tag?post=26783"}],"curies":[{"name":"wp","href":"https:\/\/api.w.org\/{rel}","templated":true}]}}