{"id":26793,"date":"2025-11-08T17:27:09","date_gmt":"2025-11-08T16:27:09","guid":{"rendered":"https:\/\/www.ebra-semoir.fr\/?post_type=product&#038;p=26793"},"modified":"2026-02-16T09:57:36","modified_gmt":"2026-02-16T08:57:36","slug":"semoir-sj-dynamic","status":"publish","type":"product","link":"https:\/\/www.ebra-semoir.fr\/en\/product\/semoir-sj-dynamic\/","title":{"rendered":"Semoir SJ Dynamic"},"content":{"rendered":"<p><span style=\"font-family: Times New Roman, serif;\"><span style=\"font-size: medium;\">Les semoirs manuels EBRA SJ sont des semoirs monorang simples d&rsquo;utilisation, robustes et totalement polyvalents.<\/span><\/span><\/p>\n<p><span style=\"font-family: Times New Roman, serif;\"><span style=\"font-size: medium;\">Version interm\u00e9diaire de la gamme des semoirs manuels, le semoir EBRA SJ DYNAMIC, s&rsquo;adapte parfaitement \u00e0 tous les types de graines gr\u00e2ce \u00e0 ses disques interchangeables.<\/span><\/span><\/p>\n<p><span style=\"font-family: Times New Roman, serif;\"><span style=\"font-size: medium;\">Dot\u00e9 de fonctionnalit\u00e9s et d&rsquo;accessoires en s\u00e9rie, pour faciliter le confort de travail et les r\u00e9glages, il am\u00e9liore la pr\u00e9cision du semis, le rendement et le confort d&rsquo;utilisation en mara\u00eechage diversifi\u00e9.<\/span><\/span><\/p>\n<p><span style=\"font-family: Times New Roman, serif;\"><span style=\"font-size: medium;\">D&rsquo;autres accessoires vous permettent de le configurer selon la nature de vos terres et de vos pratiques&#8230; Voir la page \u00ab\u00a0Accessoires\u00a0\u00bb<\/span><\/span><\/p>\n<div class=\"wp-block-button has-custom-width wp-block-button__width-100\" style=\"text-align: center;\"><a class=\"wp-block-button__link has-vivid-red-background-color has-background wp-element-button\" href=\"\/en\/accessoires-pour-sj-dynamic\/\">Commander les accessoires adapt\u00e9s pour ce semoir<\/a><\/div>\n<p>&nbsp;<\/p>\n<\/div>\n<p>&nbsp;<\/p>\n<p>Poids : 20 \u00e0 24 kg selon \u00e9quipement<\/p>\n<\/div>","protected":false},"excerpt":{"rendered":"<p><span style=\"font-family: Times New Roman, serif;\"><span style=\"font-size: medium;\"><b>Semoir manuel SJ DYNAMIC : plus d&rsquo;efficacit\u00e9 et de performances<\/b><\/span><\/span><\/p>","protected":false},"featured_media":27006,"comment_status":"open","ping_status":"closed","template":"","meta":{"_gspb_post_css":""},"product_brand":[],"product_cat":[221],"product_tag":[],"class_list":{"0":"post-26793","1":"product","2":"type-product","3":"status-publish","4":"has-post-thumbnail","6":"product_cat-semoir","7":"product_shipping_class-sj","9":"entry","10":"has-media","12":"first","13":"instock","14":"taxable","15":"shipping-taxable","16":"purchasable","17":"product-type-simple","18":"col","19":"span_1_of_5","20":"owp-content-center","21":"owp-thumbs-layout-horizontal","22":"owp-btn-normal","23":"owp-tabs-layout-horizontal","24":"has-no-thumbnails"},"yoast_head":"<!-- This site is optimized with the Yoast SEO plugin v27.4 - https:\/\/yoast.com\/product\/yoast-seo-wordpress\/ -->\n<title>Semoir SJ Dynamic - Semoirs Ebra<\/title>\n<meta name=\"description\" content=\"Le semoir Ebra SJ Dynamic est un semoir manuel b\u00e9n\u00e9ficiant de caract\u00e9ristiques avanc\u00e9es, adapt\u00e9 \u00e0 tous types de graines gr\u00e2ce aux disques interchangeables\" \/>\n<meta name=\"robots\" content=\"index, follow, max-snippet:-1, max-image-preview:large, max-video-preview:-1\" \/>\n<link rel=\"canonical\" href=\"https:\/\/www.ebra-semoir.fr\/en\/product\/semoir-sj-dynamic\/\" \/>\n<meta property=\"og:locale\" content=\"en_US\" \/>\n<meta property=\"og:type\" content=\"article\" \/>\n<meta property=\"og:title\" content=\"Semoir SJ Dynamic - Semoirs Ebra\" \/>\n<meta property=\"og:description\" content=\"Le semoir Ebra SJ Dynamic est un semoir manuel b\u00e9n\u00e9ficiant de caract\u00e9ristiques avanc\u00e9es, adapt\u00e9 \u00e0 tous types de graines gr\u00e2ce aux disques interchangeables\" \/>\n<meta property=\"og:url\" content=\"https:\/\/www.ebra-semoir.fr\/en\/product\/semoir-sj-dynamic\/\" \/>\n<meta property=\"og:site_name\" content=\"Semoirs Ebra\" \/>\n<meta property=\"article:modified_time\" content=\"2026-02-16T08:57:36+00:00\" \/>\n<meta property=\"og:image\" content=\"https:\/\/www.ebra-semoir.fr\/wp-content\/uploads\/2025\/11\/SJ-Dynamic-detoure-1-scaled.jpg\" \/>\n\t<meta property=\"og:image:width\" content=\"2560\" \/>\n\t<meta property=\"og:image:height\" content=\"1645\" \/>\n\t<meta property=\"og:image:type\" content=\"image\/jpeg\" \/>\n<meta name=\"twitter:card\" content=\"summary_large_image\" \/>\n<meta name=\"twitter:label1\" content=\"Est. reading time\" \/>\n\t<meta name=\"twitter:data1\" content=\"1 minute\" \/>\n<script type=\"application\/ld+json\" class=\"yoast-schema-graph\">{\"@context\":\"https:\\\/\\\/schema.org\",\"@graph\":[{\"@type\":\"WebPage\",\"@id\":\"https:\\\/\\\/www.ebra-semoir.fr\\\/produit\\\/semoir-sj-dynamic\\\/\",\"url\":\"https:\\\/\\\/www.ebra-semoir.fr\\\/produit\\\/semoir-sj-dynamic\\\/\",\"name\":\"Semoir SJ Dynamic - Semoirs Ebra\",\"isPartOf\":{\"@id\":\"https:\\\/\\\/www.ebra-semoir.fr\\\/#website\"},\"primaryImageOfPage\":{\"@id\":\"https:\\\/\\\/www.ebra-semoir.fr\\\/produit\\\/semoir-sj-dynamic\\\/#primaryimage\"},\"image\":{\"@id\":\"https:\\\/\\\/www.ebra-semoir.fr\\\/produit\\\/semoir-sj-dynamic\\\/#primaryimage\"},\"thumbnailUrl\":\"https:\\\/\\\/www.ebra-semoir.fr\\\/wp-content\\\/uploads\\\/2025\\\/11\\\/SJ-Dynamic-detoure-1-scaled.jpg\",\"datePublished\":\"2025-11-08T16:27:09+00:00\",\"dateModified\":\"2026-02-16T08:57:36+00:00\",\"description\":\"Le semoir Ebra SJ Dynamic est un semoir manuel b\u00e9n\u00e9ficiant de caract\u00e9ristiques avanc\u00e9es, adapt\u00e9 \u00e0 tous types de graines gr\u00e2ce aux disques interchangeables\",\"breadcrumb\":{\"@id\":\"https:\\\/\\\/www.ebra-semoir.fr\\\/produit\\\/semoir-sj-dynamic\\\/#breadcrumb\"},\"inLanguage\":\"en-US\",\"potentialAction\":[{\"@type\":\"ReadAction\",\"target\":[\"https:\\\/\\\/www.ebra-semoir.fr\\\/produit\\\/semoir-sj-dynamic\\\/\"]}]},{\"@type\":\"ImageObject\",\"inLanguage\":\"en-US\",\"@id\":\"https:\\\/\\\/www.ebra-semoir.fr\\\/produit\\\/semoir-sj-dynamic\\\/#primaryimage\",\"url\":\"https:\\\/\\\/www.ebra-semoir.fr\\\/wp-content\\\/uploads\\\/2025\\\/11\\\/SJ-Dynamic-detoure-1-scaled.jpg\",\"contentUrl\":\"https:\\\/\\\/www.ebra-semoir.fr\\\/wp-content\\\/uploads\\\/2025\\\/11\\\/SJ-Dynamic-detoure-1-scaled.jpg\",\"width\":2560,\"height\":1645,\"caption\":\"Semoir manuel Ebra SJ Dynamic\"},{\"@type\":\"BreadcrumbList\",\"@id\":\"https:\\\/\\\/www.ebra-semoir.fr\\\/produit\\\/semoir-sj-dynamic\\\/#breadcrumb\",\"itemListElement\":[{\"@type\":\"ListItem\",\"position\":1,\"name\":\"Accueil\",\"item\":\"https:\\\/\\\/www.ebra-semoir.fr\\\/\"},{\"@type\":\"ListItem\",\"position\":2,\"name\":\"Boutique en ligne\",\"item\":\"https:\\\/\\\/www.ebra-semoir.fr\\\/boutique-en-ligne\\\/\"},{\"@type\":\"ListItem\",\"position\":3,\"name\":\"Semoir SJ Dynamic\"}]},{\"@type\":\"WebSite\",\"@id\":\"https:\\\/\\\/www.ebra-semoir.fr\\\/#website\",\"url\":\"https:\\\/\\\/www.ebra-semoir.fr\\\/\",\"name\":\"Semoirs Ebra\",\"description\":\"Ebra - Les Semoirs de Pr\u00e9cision\",\"publisher\":{\"@id\":\"https:\\\/\\\/www.ebra-semoir.fr\\\/#organization\"},\"potentialAction\":[{\"@type\":\"SearchAction\",\"target\":{\"@type\":\"EntryPoint\",\"urlTemplate\":\"https:\\\/\\\/www.ebra-semoir.fr\\\/?s={search_term_string}\"},\"query-input\":{\"@type\":\"PropertyValueSpecification\",\"valueRequired\":true,\"valueName\":\"search_term_string\"}}],\"inLanguage\":\"en-US\"},{\"@type\":\"Organization\",\"@id\":\"https:\\\/\\\/www.ebra-semoir.fr\\\/#organization\",\"name\":\"Semoirs Ebra\",\"url\":\"https:\\\/\\\/www.ebra-semoir.fr\\\/\",\"logo\":{\"@type\":\"ImageObject\",\"inLanguage\":\"en-US\",\"@id\":\"https:\\\/\\\/www.ebra-semoir.fr\\\/#\\\/schema\\\/logo\\\/image\\\/\",\"url\":\"https:\\\/\\\/www.ebra-semoir.fr\\\/wp-content\\\/uploads\\\/2018\\\/05\\\/logo-ebra-white.png\",\"contentUrl\":\"https:\\\/\\\/www.ebra-semoir.fr\\\/wp-content\\\/uploads\\\/2018\\\/05\\\/logo-ebra-white.png\",\"width\":208,\"height\":78,\"caption\":\"Semoirs Ebra\"},\"image\":{\"@id\":\"https:\\\/\\\/www.ebra-semoir.fr\\\/#\\\/schema\\\/logo\\\/image\\\/\"}}]}<\/script>\n<!-- \/ Yoast SEO plugin. -->","yoast_head_json":{"title":"Semoir SJ Dynamic - Semoirs Ebra","description":"Le semoir Ebra SJ Dynamic est un semoir manuel b\u00e9n\u00e9ficiant de caract\u00e9ristiques avanc\u00e9es, adapt\u00e9 \u00e0 tous types de graines gr\u00e2ce aux disques interchangeables","robots":{"index":"index","follow":"follow","max-snippet":"max-snippet:-1","max-image-preview":"max-image-preview:large","max-video-preview":"max-video-preview:-1"},"canonical":"https:\/\/www.ebra-semoir.fr\/en\/product\/semoir-sj-dynamic\/","og_locale":"en_US","og_type":"article","og_title":"Semoir SJ Dynamic - Semoirs Ebra","og_description":"Le semoir Ebra SJ Dynamic est un semoir manuel b\u00e9n\u00e9ficiant de caract\u00e9ristiques avanc\u00e9es, adapt\u00e9 \u00e0 tous types de graines gr\u00e2ce aux disques interchangeables","og_url":"https:\/\/www.ebra-semoir.fr\/en\/product\/semoir-sj-dynamic\/","og_site_name":"Semoirs Ebra","article_modified_time":"2026-02-16T08:57:36+00:00","og_image":[{"width":2560,"height":1645,"url":"https:\/\/www.ebra-semoir.fr\/wp-content\/uploads\/2025\/11\/SJ-Dynamic-detoure-1-scaled.jpg","type":"image\/jpeg"}],"twitter_card":"summary_large_image","twitter_misc":{"Est. reading time":"1 minute"},"schema":{"@context":"https:\/\/schema.org","@graph":[{"@type":"WebPage","@id":"https:\/\/www.ebra-semoir.fr\/produit\/semoir-sj-dynamic\/","url":"https:\/\/www.ebra-semoir.fr\/produit\/semoir-sj-dynamic\/","name":"Semoir SJ Dynamic - Semoirs Ebra","isPartOf":{"@id":"https:\/\/www.ebra-semoir.fr\/#website"},"primaryImageOfPage":{"@id":"https:\/\/www.ebra-semoir.fr\/produit\/semoir-sj-dynamic\/#primaryimage"},"image":{"@id":"https:\/\/www.ebra-semoir.fr\/produit\/semoir-sj-dynamic\/#primaryimage"},"thumbnailUrl":"https:\/\/www.ebra-semoir.fr\/wp-content\/uploads\/2025\/11\/SJ-Dynamic-detoure-1-scaled.jpg","datePublished":"2025-11-08T16:27:09+00:00","dateModified":"2026-02-16T08:57:36+00:00","description":"Le semoir Ebra SJ Dynamic est un semoir manuel b\u00e9n\u00e9ficiant de caract\u00e9ristiques avanc\u00e9es, adapt\u00e9 \u00e0 tous types de graines gr\u00e2ce aux disques interchangeables","breadcrumb":{"@id":"https:\/\/www.ebra-semoir.fr\/produit\/semoir-sj-dynamic\/#breadcrumb"},"inLanguage":"en-US","potentialAction":[{"@type":"ReadAction","target":["https:\/\/www.ebra-semoir.fr\/produit\/semoir-sj-dynamic\/"]}]},{"@type":"ImageObject","inLanguage":"en-US","@id":"https:\/\/www.ebra-semoir.fr\/produit\/semoir-sj-dynamic\/#primaryimage","url":"https:\/\/www.ebra-semoir.fr\/wp-content\/uploads\/2025\/11\/SJ-Dynamic-detoure-1-scaled.jpg","contentUrl":"https:\/\/www.ebra-semoir.fr\/wp-content\/uploads\/2025\/11\/SJ-Dynamic-detoure-1-scaled.jpg","width":2560,"height":1645,"caption":"Semoir manuel Ebra SJ Dynamic"},{"@type":"BreadcrumbList","@id":"https:\/\/www.ebra-semoir.fr\/produit\/semoir-sj-dynamic\/#breadcrumb","itemListElement":[{"@type":"ListItem","position":1,"name":"Accueil","item":"https:\/\/www.ebra-semoir.fr\/"},{"@type":"ListItem","position":2,"name":"Boutique en ligne","item":"https:\/\/www.ebra-semoir.fr\/boutique-en-ligne\/"},{"@type":"ListItem","position":3,"name":"Semoir SJ Dynamic"}]},{"@type":"WebSite","@id":"https:\/\/www.ebra-semoir.fr\/#website","url":"https:\/\/www.ebra-semoir.fr\/","name":"Semoirs Ebra","description":"Ebra - Les Semoirs de Pr\u00e9cision","publisher":{"@id":"https:\/\/www.ebra-semoir.fr\/#organization"},"potentialAction":[{"@type":"SearchAction","target":{"@type":"EntryPoint","urlTemplate":"https:\/\/www.ebra-semoir.fr\/?s={search_term_string}"},"query-input":{"@type":"PropertyValueSpecification","valueRequired":true,"valueName":"search_term_string"}}],"inLanguage":"en-US"},{"@type":"Organization","@id":"https:\/\/www.ebra-semoir.fr\/#organization","name":"Semoirs Ebra","url":"https:\/\/www.ebra-semoir.fr\/","logo":{"@type":"ImageObject","inLanguage":"en-US","@id":"https:\/\/www.ebra-semoir.fr\/#\/schema\/logo\/image\/","url":"https:\/\/www.ebra-semoir.fr\/wp-content\/uploads\/2018\/05\/logo-ebra-white.png","contentUrl":"https:\/\/www.ebra-semoir.fr\/wp-content\/uploads\/2018\/05\/logo-ebra-white.png","width":208,"height":78,"caption":"Semoirs Ebra"},"image":{"@id":"https:\/\/www.ebra-semoir.fr\/#\/schema\/logo\/image\/"}}]}},"_links":{"self":[{"href":"https:\/\/www.ebra-semoir.fr\/en\/wp-json\/wp\/v2\/product\/26793","targetHints":{"allow":["GET"]}}],"collection":[{"href":"https:\/\/www.ebra-semoir.fr\/en\/wp-json\/wp\/v2\/product"}],"about":[{"href":"https:\/\/www.ebra-semoir.fr\/en\/wp-json\/wp\/v2\/types\/product"}],"replies":[{"embeddable":true,"href":"https:\/\/www.ebra-semoir.fr\/en\/wp-json\/wp\/v2\/comments?post=26793"}],"version-history":[{"count":16,"href":"https:\/\/www.ebra-semoir.fr\/en\/wp-json\/wp\/v2\/product\/26793\/revisions"}],"predecessor-version":[{"id":28875,"href":"https:\/\/www.ebra-semoir.fr\/en\/wp-json\/wp\/v2\/product\/26793\/revisions\/28875"}],"wp:featuredmedia":[{"embeddable":true,"href":"https:\/\/www.ebra-semoir.fr\/en\/wp-json\/wp\/v2\/media\/27006"}],"wp:attachment":[{"href":"https:\/\/www.ebra-semoir.fr\/en\/wp-json\/wp\/v2\/media?parent=26793"}],"wp:term":[{"taxonomy":"product_brand","embeddable":true,"href":"https:\/\/www.ebra-semoir.fr\/en\/wp-json\/wp\/v2\/product_brand?post=26793"},{"taxonomy":"product_cat","embeddable":true,"href":"https:\/\/www.ebra-semoir.fr\/en\/wp-json\/wp\/v2\/product_cat?post=26793"},{"taxonomy":"product_tag","embeddable":true,"href":"https:\/\/www.ebra-semoir.fr\/en\/wp-json\/wp\/v2\/product_tag?post=26793"}],"curies":[{"name":"wp","href":"https:\/\/api.w.org\/{rel}","templated":true}]}}