{"id":26930,"date":"2025-11-18T13:56:06","date_gmt":"2025-11-18T12:56:06","guid":{"rendered":"https:\/\/www.ebra-semoir.fr\/?post_type=product&#038;p=26930"},"modified":"2026-02-01T17:43:28","modified_gmt":"2026-02-01T16:43:28","slug":"roue-de-re-appui","status":"publish","type":"product","link":"https:\/\/www.ebra-semoir.fr\/en\/product\/roue-de-re-appui\/","title":{"rendered":"Press wheel"},"content":{"rendered":"","protected":false},"excerpt":{"rendered":"<p>Roue de r\u00e9-appui. Am\u00e9liore le contact terre &#8211; graines en appuyant la graine dans la raie de semis, avant le recouvrement du sillon.<\/p>","protected":false},"featured_media":26931,"comment_status":"open","ping_status":"closed","template":"","meta":{"_gspb_post_css":""},"product_brand":[],"product_cat":[227,228,232,233,235,224,225,229,236,170],"product_tag":[],"class_list":{"0":"post-26930","1":"product","2":"type-product","3":"status-publish","4":"has-post-thumbnail","6":"product_cat-accessoire-pour-ms21-dynamic","7":"product_cat-accessoire-pour-ms21-expert","8":"product_cat-accessoire-pour-ms22-expert","9":"product_cat-accessoire-pour-ms23-essentiel","10":"product_cat-accessoire-pour-ms23-expert","11":"product_cat-accessoire-pour-sj-dynamic","12":"product_cat-accessoire-pour-sj-expert","13":"product_cat-accessoire-pour-su201-essentiel","14":"product_cat-accessoire-pour-su201-expert","15":"product_cat-accessoires","17":"entry","18":"has-media","20":"first","21":"instock","22":"taxable","23":"shipping-taxable","24":"purchasable","25":"product-type-simple","26":"col","27":"span_1_of_5","28":"owp-content-center","29":"owp-thumbs-layout-horizontal","30":"owp-btn-normal","31":"owp-tabs-layout-horizontal","32":"has-no-thumbnails"},"yoast_head":"<!-- This site is optimized with the Yoast SEO plugin v27.4 - https:\/\/yoast.com\/product\/yoast-seo-wordpress\/ -->\n<title>Roue de r\u00e9-appui - Semoirs Ebra<\/title>\n<meta name=\"description\" content=\"Roue de r\u00e9-appui pour semoir de pr\u00e9cision Ebra. Am\u00e9liore le contact terre - graines en appuyant la graine dans la raie de semis, avant le recouvrement du sillon.\" \/>\n<meta name=\"robots\" content=\"index, follow, max-snippet:-1, max-image-preview:large, max-video-preview:-1\" \/>\n<link rel=\"canonical\" href=\"https:\/\/www.ebra-semoir.fr\/en\/product\/roue-de-re-appui\/\" \/>\n<meta property=\"og:locale\" content=\"en_US\" \/>\n<meta property=\"og:type\" content=\"article\" \/>\n<meta property=\"og:title\" content=\"Roue de r\u00e9-appui - Semoirs Ebra\" \/>\n<meta property=\"og:description\" content=\"Roue de r\u00e9-appui pour semoir de pr\u00e9cision Ebra. Am\u00e9liore le contact terre - graines en appuyant la graine dans la raie de semis, avant le recouvrement du sillon.\" \/>\n<meta property=\"og:url\" content=\"https:\/\/www.ebra-semoir.fr\/en\/product\/roue-de-re-appui\/\" \/>\n<meta property=\"og:site_name\" content=\"Semoirs Ebra\" \/>\n<meta property=\"article:modified_time\" content=\"2026-02-01T16:43:28+00:00\" \/>\n<meta property=\"og:image\" content=\"https:\/\/www.ebra-semoir.fr\/wp-content\/uploads\/2025\/11\/2-scaled.jpg\" \/>\n\t<meta property=\"og:image:width\" content=\"2560\" \/>\n\t<meta property=\"og:image:height\" content=\"1920\" \/>\n\t<meta property=\"og:image:type\" content=\"image\/jpeg\" \/>\n<meta name=\"twitter:card\" content=\"summary_large_image\" \/>\n<meta name=\"twitter:label1\" content=\"Est. reading time\" \/>\n\t<meta name=\"twitter:data1\" content=\"1 minute\" \/>\n<script type=\"application\/ld+json\" class=\"yoast-schema-graph\">{\"@context\":\"https:\\\/\\\/schema.org\",\"@graph\":[{\"@type\":\"WebPage\",\"@id\":\"https:\\\/\\\/www.ebra-semoir.fr\\\/produit\\\/roue-de-re-appui\\\/\",\"url\":\"https:\\\/\\\/www.ebra-semoir.fr\\\/produit\\\/roue-de-re-appui\\\/\",\"name\":\"Roue de r\u00e9-appui - Semoirs Ebra\",\"isPartOf\":{\"@id\":\"https:\\\/\\\/www.ebra-semoir.fr\\\/#website\"},\"primaryImageOfPage\":{\"@id\":\"https:\\\/\\\/www.ebra-semoir.fr\\\/produit\\\/roue-de-re-appui\\\/#primaryimage\"},\"image\":{\"@id\":\"https:\\\/\\\/www.ebra-semoir.fr\\\/produit\\\/roue-de-re-appui\\\/#primaryimage\"},\"thumbnailUrl\":\"https:\\\/\\\/www.ebra-semoir.fr\\\/wp-content\\\/uploads\\\/2025\\\/11\\\/2-scaled.jpg\",\"datePublished\":\"2025-11-18T12:56:06+00:00\",\"dateModified\":\"2026-02-01T16:43:28+00:00\",\"description\":\"Roue de r\u00e9-appui pour semoir de pr\u00e9cision Ebra. Am\u00e9liore le contact terre - graines en appuyant la graine dans la raie de semis, avant le recouvrement du sillon.\",\"breadcrumb\":{\"@id\":\"https:\\\/\\\/www.ebra-semoir.fr\\\/produit\\\/roue-de-re-appui\\\/#breadcrumb\"},\"inLanguage\":\"en-US\",\"potentialAction\":[{\"@type\":\"ReadAction\",\"target\":[\"https:\\\/\\\/www.ebra-semoir.fr\\\/produit\\\/roue-de-re-appui\\\/\"]}]},{\"@type\":\"ImageObject\",\"inLanguage\":\"en-US\",\"@id\":\"https:\\\/\\\/www.ebra-semoir.fr\\\/produit\\\/roue-de-re-appui\\\/#primaryimage\",\"url\":\"https:\\\/\\\/www.ebra-semoir.fr\\\/wp-content\\\/uploads\\\/2025\\\/11\\\/2-scaled.jpg\",\"contentUrl\":\"https:\\\/\\\/www.ebra-semoir.fr\\\/wp-content\\\/uploads\\\/2025\\\/11\\\/2-scaled.jpg\",\"width\":2560,\"height\":1920,\"caption\":\"KODAK DIGITAL STILL CAMERA\"},{\"@type\":\"BreadcrumbList\",\"@id\":\"https:\\\/\\\/www.ebra-semoir.fr\\\/produit\\\/roue-de-re-appui\\\/#breadcrumb\",\"itemListElement\":[{\"@type\":\"ListItem\",\"position\":1,\"name\":\"Accueil\",\"item\":\"https:\\\/\\\/www.ebra-semoir.fr\\\/\"},{\"@type\":\"ListItem\",\"position\":2,\"name\":\"Boutique en ligne\",\"item\":\"https:\\\/\\\/www.ebra-semoir.fr\\\/boutique-en-ligne\\\/\"},{\"@type\":\"ListItem\",\"position\":3,\"name\":\"Roue de r\u00e9-appui\"}]},{\"@type\":\"WebSite\",\"@id\":\"https:\\\/\\\/www.ebra-semoir.fr\\\/#website\",\"url\":\"https:\\\/\\\/www.ebra-semoir.fr\\\/\",\"name\":\"Semoirs Ebra\",\"description\":\"Ebra - Les Semoirs de Pr\u00e9cision\",\"publisher\":{\"@id\":\"https:\\\/\\\/www.ebra-semoir.fr\\\/#organization\"},\"potentialAction\":[{\"@type\":\"SearchAction\",\"target\":{\"@type\":\"EntryPoint\",\"urlTemplate\":\"https:\\\/\\\/www.ebra-semoir.fr\\\/?s={search_term_string}\"},\"query-input\":{\"@type\":\"PropertyValueSpecification\",\"valueRequired\":true,\"valueName\":\"search_term_string\"}}],\"inLanguage\":\"en-US\"},{\"@type\":\"Organization\",\"@id\":\"https:\\\/\\\/www.ebra-semoir.fr\\\/#organization\",\"name\":\"Semoirs Ebra\",\"url\":\"https:\\\/\\\/www.ebra-semoir.fr\\\/\",\"logo\":{\"@type\":\"ImageObject\",\"inLanguage\":\"en-US\",\"@id\":\"https:\\\/\\\/www.ebra-semoir.fr\\\/#\\\/schema\\\/logo\\\/image\\\/\",\"url\":\"https:\\\/\\\/www.ebra-semoir.fr\\\/wp-content\\\/uploads\\\/2018\\\/05\\\/logo-ebra-white.png\",\"contentUrl\":\"https:\\\/\\\/www.ebra-semoir.fr\\\/wp-content\\\/uploads\\\/2018\\\/05\\\/logo-ebra-white.png\",\"width\":208,\"height\":78,\"caption\":\"Semoirs Ebra\"},\"image\":{\"@id\":\"https:\\\/\\\/www.ebra-semoir.fr\\\/#\\\/schema\\\/logo\\\/image\\\/\"}}]}<\/script>\n<!-- \/ Yoast SEO plugin. -->","yoast_head_json":{"title":"Roue de r\u00e9-appui - Semoirs Ebra","description":"Roue de r\u00e9-appui pour semoir de pr\u00e9cision Ebra. Am\u00e9liore le contact terre - graines en appuyant la graine dans la raie de semis, avant le recouvrement du sillon.","robots":{"index":"index","follow":"follow","max-snippet":"max-snippet:-1","max-image-preview":"max-image-preview:large","max-video-preview":"max-video-preview:-1"},"canonical":"https:\/\/www.ebra-semoir.fr\/en\/product\/roue-de-re-appui\/","og_locale":"en_US","og_type":"article","og_title":"Roue de r\u00e9-appui - Semoirs Ebra","og_description":"Roue de r\u00e9-appui pour semoir de pr\u00e9cision Ebra. Am\u00e9liore le contact terre - graines en appuyant la graine dans la raie de semis, avant le recouvrement du sillon.","og_url":"https:\/\/www.ebra-semoir.fr\/en\/product\/roue-de-re-appui\/","og_site_name":"Semoirs Ebra","article_modified_time":"2026-02-01T16:43:28+00:00","og_image":[{"width":2560,"height":1920,"url":"https:\/\/www.ebra-semoir.fr\/wp-content\/uploads\/2025\/11\/2-scaled.jpg","type":"image\/jpeg"}],"twitter_card":"summary_large_image","twitter_misc":{"Est. reading time":"1 minute"},"schema":{"@context":"https:\/\/schema.org","@graph":[{"@type":"WebPage","@id":"https:\/\/www.ebra-semoir.fr\/produit\/roue-de-re-appui\/","url":"https:\/\/www.ebra-semoir.fr\/produit\/roue-de-re-appui\/","name":"Roue de r\u00e9-appui - Semoirs Ebra","isPartOf":{"@id":"https:\/\/www.ebra-semoir.fr\/#website"},"primaryImageOfPage":{"@id":"https:\/\/www.ebra-semoir.fr\/produit\/roue-de-re-appui\/#primaryimage"},"image":{"@id":"https:\/\/www.ebra-semoir.fr\/produit\/roue-de-re-appui\/#primaryimage"},"thumbnailUrl":"https:\/\/www.ebra-semoir.fr\/wp-content\/uploads\/2025\/11\/2-scaled.jpg","datePublished":"2025-11-18T12:56:06+00:00","dateModified":"2026-02-01T16:43:28+00:00","description":"Roue de r\u00e9-appui pour semoir de pr\u00e9cision Ebra. Am\u00e9liore le contact terre - graines en appuyant la graine dans la raie de semis, avant le recouvrement du sillon.","breadcrumb":{"@id":"https:\/\/www.ebra-semoir.fr\/produit\/roue-de-re-appui\/#breadcrumb"},"inLanguage":"en-US","potentialAction":[{"@type":"ReadAction","target":["https:\/\/www.ebra-semoir.fr\/produit\/roue-de-re-appui\/"]}]},{"@type":"ImageObject","inLanguage":"en-US","@id":"https:\/\/www.ebra-semoir.fr\/produit\/roue-de-re-appui\/#primaryimage","url":"https:\/\/www.ebra-semoir.fr\/wp-content\/uploads\/2025\/11\/2-scaled.jpg","contentUrl":"https:\/\/www.ebra-semoir.fr\/wp-content\/uploads\/2025\/11\/2-scaled.jpg","width":2560,"height":1920,"caption":"KODAK DIGITAL STILL CAMERA"},{"@type":"BreadcrumbList","@id":"https:\/\/www.ebra-semoir.fr\/produit\/roue-de-re-appui\/#breadcrumb","itemListElement":[{"@type":"ListItem","position":1,"name":"Accueil","item":"https:\/\/www.ebra-semoir.fr\/"},{"@type":"ListItem","position":2,"name":"Boutique en ligne","item":"https:\/\/www.ebra-semoir.fr\/boutique-en-ligne\/"},{"@type":"ListItem","position":3,"name":"Roue de r\u00e9-appui"}]},{"@type":"WebSite","@id":"https:\/\/www.ebra-semoir.fr\/#website","url":"https:\/\/www.ebra-semoir.fr\/","name":"Semoirs Ebra","description":"Ebra - Les Semoirs de Pr\u00e9cision","publisher":{"@id":"https:\/\/www.ebra-semoir.fr\/#organization"},"potentialAction":[{"@type":"SearchAction","target":{"@type":"EntryPoint","urlTemplate":"https:\/\/www.ebra-semoir.fr\/?s={search_term_string}"},"query-input":{"@type":"PropertyValueSpecification","valueRequired":true,"valueName":"search_term_string"}}],"inLanguage":"en-US"},{"@type":"Organization","@id":"https:\/\/www.ebra-semoir.fr\/#organization","name":"Semoirs Ebra","url":"https:\/\/www.ebra-semoir.fr\/","logo":{"@type":"ImageObject","inLanguage":"en-US","@id":"https:\/\/www.ebra-semoir.fr\/#\/schema\/logo\/image\/","url":"https:\/\/www.ebra-semoir.fr\/wp-content\/uploads\/2018\/05\/logo-ebra-white.png","contentUrl":"https:\/\/www.ebra-semoir.fr\/wp-content\/uploads\/2018\/05\/logo-ebra-white.png","width":208,"height":78,"caption":"Semoirs Ebra"},"image":{"@id":"https:\/\/www.ebra-semoir.fr\/#\/schema\/logo\/image\/"}}]}},"_links":{"self":[{"href":"https:\/\/www.ebra-semoir.fr\/en\/wp-json\/wp\/v2\/product\/26930","targetHints":{"allow":["GET"]}}],"collection":[{"href":"https:\/\/www.ebra-semoir.fr\/en\/wp-json\/wp\/v2\/product"}],"about":[{"href":"https:\/\/www.ebra-semoir.fr\/en\/wp-json\/wp\/v2\/types\/product"}],"replies":[{"embeddable":true,"href":"https:\/\/www.ebra-semoir.fr\/en\/wp-json\/wp\/v2\/comments?post=26930"}],"version-history":[{"count":1,"href":"https:\/\/www.ebra-semoir.fr\/en\/wp-json\/wp\/v2\/product\/26930\/revisions"}],"predecessor-version":[{"id":26932,"href":"https:\/\/www.ebra-semoir.fr\/en\/wp-json\/wp\/v2\/product\/26930\/revisions\/26932"}],"wp:featuredmedia":[{"embeddable":true,"href":"https:\/\/www.ebra-semoir.fr\/en\/wp-json\/wp\/v2\/media\/26931"}],"wp:attachment":[{"href":"https:\/\/www.ebra-semoir.fr\/en\/wp-json\/wp\/v2\/media?parent=26930"}],"wp:term":[{"taxonomy":"product_brand","embeddable":true,"href":"https:\/\/www.ebra-semoir.fr\/en\/wp-json\/wp\/v2\/product_brand?post=26930"},{"taxonomy":"product_cat","embeddable":true,"href":"https:\/\/www.ebra-semoir.fr\/en\/wp-json\/wp\/v2\/product_cat?post=26930"},{"taxonomy":"product_tag","embeddable":true,"href":"https:\/\/www.ebra-semoir.fr\/en\/wp-json\/wp\/v2\/product_tag?post=26930"}],"curies":[{"name":"wp","href":"https:\/\/api.w.org\/{rel}","templated":true}]}}