{"id":26954,"date":"2025-11-18T15:23:01","date_gmt":"2025-11-18T14:23:01","guid":{"rendered":"https:\/\/www.ebra-semoir.fr\/?post_type=product&#038;p=26954"},"modified":"2026-02-01T17:42:10","modified_gmt":"2026-02-01T16:42:10","slug":"racleur-roue-arriere-pour-semoir-ebra-pour-decrotter-la-roue-arriere-lisse-en-acier","status":"publish","type":"product","link":"https:\/\/www.ebra-semoir.fr\/en\/product\/racleur-roue-arriere-pour-semoir-ebra-pour-decrotter-la-roue-arriere-lisse-en-acier\/","title":{"rendered":"Racleur roue arri\u00e8re"},"content":{"rendered":"","protected":false},"excerpt":{"rendered":"<p>Racleur roue arri\u00e8re (sauf roue caoutchouc) pour d\u00e9crotter la roue arri\u00e8re lisse, en acier.<\/p>","protected":false},"featured_media":26955,"comment_status":"open","ping_status":"closed","template":"","meta":{"_gspb_post_css":""},"product_brand":[],"product_cat":[227,226,230,224,222,170],"product_tag":[],"class_list":{"0":"post-26954","1":"product","2":"type-product","3":"status-publish","4":"has-post-thumbnail","6":"product_cat-accessoire-pour-ms21-dynamic","7":"product_cat-accessoire-pour-ms21-essentiel","8":"product_cat-accessoire-pour-ms22-essentiel","9":"product_cat-accessoire-pour-sj-dynamic","10":"product_cat-accessoire-pour-sj-essentiel","11":"product_cat-accessoires","13":"entry","14":"has-media","16":"first","17":"instock","18":"taxable","19":"shipping-taxable","20":"purchasable","21":"product-type-simple","22":"col","23":"span_1_of_5","24":"owp-content-center","25":"owp-thumbs-layout-horizontal","26":"owp-btn-normal","27":"owp-tabs-layout-horizontal","28":"has-no-thumbnails"},"yoast_head":"<!-- This site is optimized with the Yoast SEO plugin v27.4 - https:\/\/yoast.com\/product\/yoast-seo-wordpress\/ -->\n<title>Racleur roue arri\u00e8re - Semoirs Ebra<\/title>\n<meta name=\"robots\" content=\"index, follow, max-snippet:-1, max-image-preview:large, max-video-preview:-1\" \/>\n<link rel=\"canonical\" href=\"https:\/\/www.ebra-semoir.fr\/en\/product\/racleur-roue-arriere-pour-semoir-ebra-pour-decrotter-la-roue-arriere-lisse-en-acier\/\" \/>\n<meta property=\"og:locale\" content=\"en_US\" \/>\n<meta property=\"og:type\" content=\"article\" \/>\n<meta property=\"og:title\" content=\"Racleur roue arri\u00e8re - Semoirs Ebra\" \/>\n<meta property=\"og:description\" content=\"Racleur roue arri\u00e8re (sauf roue caoutchouc) pour d\u00e9crotter la roue arri\u00e8re lisse, en acier.\" \/>\n<meta property=\"og:url\" content=\"https:\/\/www.ebra-semoir.fr\/en\/product\/racleur-roue-arriere-pour-semoir-ebra-pour-decrotter-la-roue-arriere-lisse-en-acier\/\" \/>\n<meta property=\"og:site_name\" content=\"Semoirs Ebra\" \/>\n<meta property=\"article:modified_time\" content=\"2026-02-01T16:42:10+00:00\" \/>\n<meta property=\"og:image\" content=\"https:\/\/www.ebra-semoir.fr\/wp-content\/uploads\/2025\/11\/10.jpg\" \/>\n\t<meta property=\"og:image:width\" content=\"2057\" \/>\n\t<meta property=\"og:image:height\" content=\"1157\" \/>\n\t<meta property=\"og:image:type\" content=\"image\/jpeg\" \/>\n<meta name=\"twitter:card\" content=\"summary_large_image\" \/>\n<meta name=\"twitter:label1\" content=\"Est. reading time\" \/>\n\t<meta name=\"twitter:data1\" content=\"1 minute\" \/>\n<script type=\"application\/ld+json\" class=\"yoast-schema-graph\">{\"@context\":\"https:\\\/\\\/schema.org\",\"@graph\":[{\"@type\":\"WebPage\",\"@id\":\"https:\\\/\\\/www.ebra-semoir.fr\\\/produit\\\/racleur-roue-arriere-pour-semoir-ebra-pour-decrotter-la-roue-arriere-lisse-en-acier\\\/\",\"url\":\"https:\\\/\\\/www.ebra-semoir.fr\\\/produit\\\/racleur-roue-arriere-pour-semoir-ebra-pour-decrotter-la-roue-arriere-lisse-en-acier\\\/\",\"name\":\"Racleur roue arri\u00e8re - Semoirs Ebra\",\"isPartOf\":{\"@id\":\"https:\\\/\\\/www.ebra-semoir.fr\\\/#website\"},\"primaryImageOfPage\":{\"@id\":\"https:\\\/\\\/www.ebra-semoir.fr\\\/produit\\\/racleur-roue-arriere-pour-semoir-ebra-pour-decrotter-la-roue-arriere-lisse-en-acier\\\/#primaryimage\"},\"image\":{\"@id\":\"https:\\\/\\\/www.ebra-semoir.fr\\\/produit\\\/racleur-roue-arriere-pour-semoir-ebra-pour-decrotter-la-roue-arriere-lisse-en-acier\\\/#primaryimage\"},\"thumbnailUrl\":\"https:\\\/\\\/www.ebra-semoir.fr\\\/wp-content\\\/uploads\\\/2025\\\/11\\\/10.jpg\",\"datePublished\":\"2025-11-18T14:23:01+00:00\",\"dateModified\":\"2026-02-01T16:42:10+00:00\",\"breadcrumb\":{\"@id\":\"https:\\\/\\\/www.ebra-semoir.fr\\\/produit\\\/racleur-roue-arriere-pour-semoir-ebra-pour-decrotter-la-roue-arriere-lisse-en-acier\\\/#breadcrumb\"},\"inLanguage\":\"en-US\",\"potentialAction\":[{\"@type\":\"ReadAction\",\"target\":[\"https:\\\/\\\/www.ebra-semoir.fr\\\/produit\\\/racleur-roue-arriere-pour-semoir-ebra-pour-decrotter-la-roue-arriere-lisse-en-acier\\\/\"]}]},{\"@type\":\"ImageObject\",\"inLanguage\":\"en-US\",\"@id\":\"https:\\\/\\\/www.ebra-semoir.fr\\\/produit\\\/racleur-roue-arriere-pour-semoir-ebra-pour-decrotter-la-roue-arriere-lisse-en-acier\\\/#primaryimage\",\"url\":\"https:\\\/\\\/www.ebra-semoir.fr\\\/wp-content\\\/uploads\\\/2025\\\/11\\\/10.jpg\",\"contentUrl\":\"https:\\\/\\\/www.ebra-semoir.fr\\\/wp-content\\\/uploads\\\/2025\\\/11\\\/10.jpg\",\"width\":2057,\"height\":1157,\"caption\":\"racleur roue arri\u00e8re pour semoir Ebra, pour d\u00e9crotter la roue arri\u00e8re lisse, en acier\"},{\"@type\":\"BreadcrumbList\",\"@id\":\"https:\\\/\\\/www.ebra-semoir.fr\\\/produit\\\/racleur-roue-arriere-pour-semoir-ebra-pour-decrotter-la-roue-arriere-lisse-en-acier\\\/#breadcrumb\",\"itemListElement\":[{\"@type\":\"ListItem\",\"position\":1,\"name\":\"Accueil\",\"item\":\"https:\\\/\\\/www.ebra-semoir.fr\\\/\"},{\"@type\":\"ListItem\",\"position\":2,\"name\":\"Boutique en ligne\",\"item\":\"https:\\\/\\\/www.ebra-semoir.fr\\\/boutique-en-ligne\\\/\"},{\"@type\":\"ListItem\",\"position\":3,\"name\":\"Racleur roue arri\u00e8re\"}]},{\"@type\":\"WebSite\",\"@id\":\"https:\\\/\\\/www.ebra-semoir.fr\\\/#website\",\"url\":\"https:\\\/\\\/www.ebra-semoir.fr\\\/\",\"name\":\"Semoirs Ebra\",\"description\":\"Ebra - Les Semoirs de Pr\u00e9cision\",\"publisher\":{\"@id\":\"https:\\\/\\\/www.ebra-semoir.fr\\\/#organization\"},\"potentialAction\":[{\"@type\":\"SearchAction\",\"target\":{\"@type\":\"EntryPoint\",\"urlTemplate\":\"https:\\\/\\\/www.ebra-semoir.fr\\\/?s={search_term_string}\"},\"query-input\":{\"@type\":\"PropertyValueSpecification\",\"valueRequired\":true,\"valueName\":\"search_term_string\"}}],\"inLanguage\":\"en-US\"},{\"@type\":\"Organization\",\"@id\":\"https:\\\/\\\/www.ebra-semoir.fr\\\/#organization\",\"name\":\"Semoirs Ebra\",\"url\":\"https:\\\/\\\/www.ebra-semoir.fr\\\/\",\"logo\":{\"@type\":\"ImageObject\",\"inLanguage\":\"en-US\",\"@id\":\"https:\\\/\\\/www.ebra-semoir.fr\\\/#\\\/schema\\\/logo\\\/image\\\/\",\"url\":\"https:\\\/\\\/www.ebra-semoir.fr\\\/wp-content\\\/uploads\\\/2018\\\/05\\\/logo-ebra-white.png\",\"contentUrl\":\"https:\\\/\\\/www.ebra-semoir.fr\\\/wp-content\\\/uploads\\\/2018\\\/05\\\/logo-ebra-white.png\",\"width\":208,\"height\":78,\"caption\":\"Semoirs Ebra\"},\"image\":{\"@id\":\"https:\\\/\\\/www.ebra-semoir.fr\\\/#\\\/schema\\\/logo\\\/image\\\/\"}}]}<\/script>\n<!-- \/ Yoast SEO plugin. -->","yoast_head_json":{"title":"Racleur roue arri\u00e8re - Semoirs Ebra","robots":{"index":"index","follow":"follow","max-snippet":"max-snippet:-1","max-image-preview":"max-image-preview:large","max-video-preview":"max-video-preview:-1"},"canonical":"https:\/\/www.ebra-semoir.fr\/en\/product\/racleur-roue-arriere-pour-semoir-ebra-pour-decrotter-la-roue-arriere-lisse-en-acier\/","og_locale":"en_US","og_type":"article","og_title":"Racleur roue arri\u00e8re - Semoirs Ebra","og_description":"Racleur roue arri\u00e8re (sauf roue caoutchouc) pour d\u00e9crotter la roue arri\u00e8re lisse, en acier.","og_url":"https:\/\/www.ebra-semoir.fr\/en\/product\/racleur-roue-arriere-pour-semoir-ebra-pour-decrotter-la-roue-arriere-lisse-en-acier\/","og_site_name":"Semoirs Ebra","article_modified_time":"2026-02-01T16:42:10+00:00","og_image":[{"width":2057,"height":1157,"url":"https:\/\/www.ebra-semoir.fr\/wp-content\/uploads\/2025\/11\/10.jpg","type":"image\/jpeg"}],"twitter_card":"summary_large_image","twitter_misc":{"Est. reading time":"1 minute"},"schema":{"@context":"https:\/\/schema.org","@graph":[{"@type":"WebPage","@id":"https:\/\/www.ebra-semoir.fr\/produit\/racleur-roue-arriere-pour-semoir-ebra-pour-decrotter-la-roue-arriere-lisse-en-acier\/","url":"https:\/\/www.ebra-semoir.fr\/produit\/racleur-roue-arriere-pour-semoir-ebra-pour-decrotter-la-roue-arriere-lisse-en-acier\/","name":"Racleur roue arri\u00e8re - Semoirs Ebra","isPartOf":{"@id":"https:\/\/www.ebra-semoir.fr\/#website"},"primaryImageOfPage":{"@id":"https:\/\/www.ebra-semoir.fr\/produit\/racleur-roue-arriere-pour-semoir-ebra-pour-decrotter-la-roue-arriere-lisse-en-acier\/#primaryimage"},"image":{"@id":"https:\/\/www.ebra-semoir.fr\/produit\/racleur-roue-arriere-pour-semoir-ebra-pour-decrotter-la-roue-arriere-lisse-en-acier\/#primaryimage"},"thumbnailUrl":"https:\/\/www.ebra-semoir.fr\/wp-content\/uploads\/2025\/11\/10.jpg","datePublished":"2025-11-18T14:23:01+00:00","dateModified":"2026-02-01T16:42:10+00:00","breadcrumb":{"@id":"https:\/\/www.ebra-semoir.fr\/produit\/racleur-roue-arriere-pour-semoir-ebra-pour-decrotter-la-roue-arriere-lisse-en-acier\/#breadcrumb"},"inLanguage":"en-US","potentialAction":[{"@type":"ReadAction","target":["https:\/\/www.ebra-semoir.fr\/produit\/racleur-roue-arriere-pour-semoir-ebra-pour-decrotter-la-roue-arriere-lisse-en-acier\/"]}]},{"@type":"ImageObject","inLanguage":"en-US","@id":"https:\/\/www.ebra-semoir.fr\/produit\/racleur-roue-arriere-pour-semoir-ebra-pour-decrotter-la-roue-arriere-lisse-en-acier\/#primaryimage","url":"https:\/\/www.ebra-semoir.fr\/wp-content\/uploads\/2025\/11\/10.jpg","contentUrl":"https:\/\/www.ebra-semoir.fr\/wp-content\/uploads\/2025\/11\/10.jpg","width":2057,"height":1157,"caption":"racleur roue arri\u00e8re pour semoir Ebra, pour d\u00e9crotter la roue arri\u00e8re lisse, en acier"},{"@type":"BreadcrumbList","@id":"https:\/\/www.ebra-semoir.fr\/produit\/racleur-roue-arriere-pour-semoir-ebra-pour-decrotter-la-roue-arriere-lisse-en-acier\/#breadcrumb","itemListElement":[{"@type":"ListItem","position":1,"name":"Accueil","item":"https:\/\/www.ebra-semoir.fr\/"},{"@type":"ListItem","position":2,"name":"Boutique en ligne","item":"https:\/\/www.ebra-semoir.fr\/boutique-en-ligne\/"},{"@type":"ListItem","position":3,"name":"Racleur roue arri\u00e8re"}]},{"@type":"WebSite","@id":"https:\/\/www.ebra-semoir.fr\/#website","url":"https:\/\/www.ebra-semoir.fr\/","name":"Semoirs Ebra","description":"Ebra - Les Semoirs de Pr\u00e9cision","publisher":{"@id":"https:\/\/www.ebra-semoir.fr\/#organization"},"potentialAction":[{"@type":"SearchAction","target":{"@type":"EntryPoint","urlTemplate":"https:\/\/www.ebra-semoir.fr\/?s={search_term_string}"},"query-input":{"@type":"PropertyValueSpecification","valueRequired":true,"valueName":"search_term_string"}}],"inLanguage":"en-US"},{"@type":"Organization","@id":"https:\/\/www.ebra-semoir.fr\/#organization","name":"Semoirs Ebra","url":"https:\/\/www.ebra-semoir.fr\/","logo":{"@type":"ImageObject","inLanguage":"en-US","@id":"https:\/\/www.ebra-semoir.fr\/#\/schema\/logo\/image\/","url":"https:\/\/www.ebra-semoir.fr\/wp-content\/uploads\/2018\/05\/logo-ebra-white.png","contentUrl":"https:\/\/www.ebra-semoir.fr\/wp-content\/uploads\/2018\/05\/logo-ebra-white.png","width":208,"height":78,"caption":"Semoirs Ebra"},"image":{"@id":"https:\/\/www.ebra-semoir.fr\/#\/schema\/logo\/image\/"}}]}},"_links":{"self":[{"href":"https:\/\/www.ebra-semoir.fr\/en\/wp-json\/wp\/v2\/product\/26954","targetHints":{"allow":["GET"]}}],"collection":[{"href":"https:\/\/www.ebra-semoir.fr\/en\/wp-json\/wp\/v2\/product"}],"about":[{"href":"https:\/\/www.ebra-semoir.fr\/en\/wp-json\/wp\/v2\/types\/product"}],"replies":[{"embeddable":true,"href":"https:\/\/www.ebra-semoir.fr\/en\/wp-json\/wp\/v2\/comments?post=26954"}],"version-history":[{"count":1,"href":"https:\/\/www.ebra-semoir.fr\/en\/wp-json\/wp\/v2\/product\/26954\/revisions"}],"predecessor-version":[{"id":26956,"href":"https:\/\/www.ebra-semoir.fr\/en\/wp-json\/wp\/v2\/product\/26954\/revisions\/26956"}],"wp:featuredmedia":[{"embeddable":true,"href":"https:\/\/www.ebra-semoir.fr\/en\/wp-json\/wp\/v2\/media\/26955"}],"wp:attachment":[{"href":"https:\/\/www.ebra-semoir.fr\/en\/wp-json\/wp\/v2\/media?parent=26954"}],"wp:term":[{"taxonomy":"product_brand","embeddable":true,"href":"https:\/\/www.ebra-semoir.fr\/en\/wp-json\/wp\/v2\/product_brand?post=26954"},{"taxonomy":"product_cat","embeddable":true,"href":"https:\/\/www.ebra-semoir.fr\/en\/wp-json\/wp\/v2\/product_cat?post=26954"},{"taxonomy":"product_tag","embeddable":true,"href":"https:\/\/www.ebra-semoir.fr\/en\/wp-json\/wp\/v2\/product_tag?post=26954"}],"curies":[{"name":"wp","href":"https:\/\/api.w.org\/{rel}","templated":true}]}}