{"id":27526,"date":"2025-12-26T20:37:54","date_gmt":"2025-12-26T19:37:54","guid":{"rendered":"https:\/\/www.ebra-semoir.fr\/?post_type=product&#038;p=27526"},"modified":"2026-02-15T18:58:16","modified_gmt":"2026-02-15T17:58:16","slug":"semoir-ms21-dynamic","status":"publish","type":"product","link":"https:\/\/www.ebra-semoir.fr\/en\/product\/semoir-ms21-dynamic\/","title":{"rendered":"Semoir MS21 Dynamic"},"content":{"rendered":"<p><span style=\"color: #111111;\"><span style=\"font-family: .SFUI-Regular, serif;\"><span style=\"font-size: medium;\">Combinant robustesse, facilit\u00e9 d\u2019utilisation et pr\u00e9cision m\u00e9canique pour r\u00e9aliser des semis r\u00e9guliers sur terres finement pr\u00e9par\u00e9es, la version DYNAMIC vous offre un r\u00e9glage simplifi\u00e9 de profondeur et de densit\u00e9, une goulotte \u00e0 grande visibilit\u00e9 et des rasettes de recouvrement, pour vous offrir un excellent \u00e9quilibre entre performance, polyvalence et confort d\u2019utilisation en mara\u00eechage diversifi\u00e9 pour des terres travaill\u00e9es.<\/span><\/span><\/span><\/p>\n<p>D&rsquo;autres accessoires vous permettent de le configurer selon la nature de vos pratiques&#8230; Voir la page \u00ab\u00a0Accessoires\u00a0\u00bb<span style=\"color: #111111;\"><span style=\"font-family: .SF UI, serif;\"><span style=\"font-size: medium;\">.<\/span><\/span><\/span><\/p>\n<h2 style=\"text-align: center;\">Produits associ\u00e9s<\/h2>\n<div class=\"wp-block-button has-custom-width wp-block-button__width-100\" style=\"text-align: center;\"><a class=\"wp-block-button__link has-vivid-red-background-color has-background wp-element-button\" href=\"\/en\/accessoires-pour-ms-21-dynamic\/\">Commander les accessoires adapt\u00e9s pour ce semoir<\/a><\/div>\n<p>&nbsp;<\/p>\n<div class=\"wp-block-button has-custom-width wp-block-button__width-100\" style=\"text-align: center;\">\n<p><a class=\"wp-block-button__link has-vivid-red-background-color has-background wp-element-button\" href=\"\/en\/product\/element-seul-pour-semoir-ms21-dynamic\/\">El\u00e9ment seul pour semoir MS21 Dynamic<\/a><\/p>\n<\/div>","protected":false},"excerpt":{"rendered":"<p><span style=\"color: #111111;\"><span style=\"font-family: .SFUI-Bold, serif;\"><span style=\"font-size: medium;\"><b>MS21 DYNAMIC : le compromis id\u00e9al entre efficacit\u00e9 et simplicit\u00e9 pour des rendements ma\u00eetris\u00e9s<\/b><\/span><\/span><\/span><\/p>\n<h4>Ce semoir n&rsquo;est pas vendu en ligne actuellement.<\/h4>\n<h4>Le prix affich\u00e9 ci-apr\u00e8s est indicatif.<br \/>\nPour commander ce semoir : <a href=\"\/en\/contact\/\"> demander un devis\u00a0 <\/a><\/h4>\n<h4><\/h4>","protected":false},"featured_media":27527,"comment_status":"open","ping_status":"closed","template":"","meta":{"_gspb_post_css":""},"product_brand":[],"product_cat":[221],"product_tag":[],"class_list":{"0":"post-27526","1":"product","2":"type-product","3":"status-publish","4":"has-post-thumbnail","6":"product_cat-semoir","8":"entry","9":"has-media","11":"first","12":"outofstock","13":"taxable","14":"shipping-taxable","15":"purchasable","16":"product-type-variable","17":"col","18":"span_1_of_5","19":"owp-content-center","20":"owp-thumbs-layout-horizontal","21":"owp-btn-normal","22":"owp-tabs-layout-horizontal","23":"has-no-thumbnails"},"yoast_head":"<!-- This site is optimized with the Yoast SEO plugin v27.3 - https:\/\/yoast.com\/product\/yoast-seo-wordpress\/ -->\n<title>Semoir MS21 Dynamic - Semoirs Ebra<\/title>\n<meta name=\"description\" content=\"Semoir attel\u00e9, b\u00e9n\u00e9ficiant de dispositifs permettant de semer avec une grande pr\u00e9cision, sur 1 \u00e0 6 rangs en terre finement pr\u00e9par\u00e9e.\" \/>\n<meta name=\"robots\" content=\"index, follow, max-snippet:-1, max-image-preview:large, max-video-preview:-1\" \/>\n<link rel=\"canonical\" href=\"https:\/\/www.ebra-semoir.fr\/en\/product\/semoir-ms21-dynamic\/\" \/>\n<meta property=\"og:locale\" content=\"en_US\" \/>\n<meta property=\"og:type\" content=\"article\" \/>\n<meta property=\"og:title\" content=\"Semoir MS21 Dynamic - Semoirs Ebra\" \/>\n<meta property=\"og:description\" content=\"Semoir attel\u00e9, b\u00e9n\u00e9ficiant de dispositifs permettant de semer avec une grande pr\u00e9cision, sur 1 \u00e0 6 rangs en terre finement pr\u00e9par\u00e9e.\" \/>\n<meta property=\"og:url\" content=\"https:\/\/www.ebra-semoir.fr\/en\/product\/semoir-ms21-dynamic\/\" \/>\n<meta property=\"og:site_name\" content=\"Semoirs Ebra\" \/>\n<meta property=\"article:modified_time\" content=\"2026-02-15T17:58:16+00:00\" \/>\n<meta property=\"og:image\" content=\"https:\/\/www.ebra-semoir.fr\/wp-content\/uploads\/2025\/12\/MS-21-Dynamic-scaled.jpg\" \/>\n\t<meta property=\"og:image:width\" content=\"2560\" \/>\n\t<meta property=\"og:image:height\" content=\"1588\" \/>\n\t<meta property=\"og:image:type\" content=\"image\/jpeg\" \/>\n<meta name=\"twitter:card\" content=\"summary_large_image\" \/>\n<meta name=\"twitter:label1\" content=\"Est. reading time\" \/>\n\t<meta name=\"twitter:data1\" content=\"1 minute\" \/>\n<script type=\"application\/ld+json\" class=\"yoast-schema-graph\">{\"@context\":\"https:\\\/\\\/schema.org\",\"@graph\":[{\"@type\":\"WebPage\",\"@id\":\"https:\\\/\\\/www.ebra-semoir.fr\\\/produit\\\/semoir-ms21-dynamic\\\/\",\"url\":\"https:\\\/\\\/www.ebra-semoir.fr\\\/produit\\\/semoir-ms21-dynamic\\\/\",\"name\":\"Semoir MS21 Dynamic - Semoirs Ebra\",\"isPartOf\":{\"@id\":\"https:\\\/\\\/www.ebra-semoir.fr\\\/#website\"},\"primaryImageOfPage\":{\"@id\":\"https:\\\/\\\/www.ebra-semoir.fr\\\/produit\\\/semoir-ms21-dynamic\\\/#primaryimage\"},\"image\":{\"@id\":\"https:\\\/\\\/www.ebra-semoir.fr\\\/produit\\\/semoir-ms21-dynamic\\\/#primaryimage\"},\"thumbnailUrl\":\"https:\\\/\\\/www.ebra-semoir.fr\\\/wp-content\\\/uploads\\\/2025\\\/12\\\/MS-21-Dynamic-scaled.jpg\",\"datePublished\":\"2025-12-26T19:37:54+00:00\",\"dateModified\":\"2026-02-15T17:58:16+00:00\",\"description\":\"Semoir attel\u00e9, b\u00e9n\u00e9ficiant de dispositifs permettant de semer avec une grande pr\u00e9cision, sur 1 \u00e0 6 rangs en terre finement pr\u00e9par\u00e9e.\",\"breadcrumb\":{\"@id\":\"https:\\\/\\\/www.ebra-semoir.fr\\\/produit\\\/semoir-ms21-dynamic\\\/#breadcrumb\"},\"inLanguage\":\"en-US\",\"potentialAction\":[{\"@type\":\"ReadAction\",\"target\":[\"https:\\\/\\\/www.ebra-semoir.fr\\\/produit\\\/semoir-ms21-dynamic\\\/\"]}]},{\"@type\":\"ImageObject\",\"inLanguage\":\"en-US\",\"@id\":\"https:\\\/\\\/www.ebra-semoir.fr\\\/produit\\\/semoir-ms21-dynamic\\\/#primaryimage\",\"url\":\"https:\\\/\\\/www.ebra-semoir.fr\\\/wp-content\\\/uploads\\\/2025\\\/12\\\/MS-21-Dynamic-scaled.jpg\",\"contentUrl\":\"https:\\\/\\\/www.ebra-semoir.fr\\\/wp-content\\\/uploads\\\/2025\\\/12\\\/MS-21-Dynamic-scaled.jpg\",\"width\":2560,\"height\":1588,\"caption\":\"Semoir MS21 Dynamic\"},{\"@type\":\"BreadcrumbList\",\"@id\":\"https:\\\/\\\/www.ebra-semoir.fr\\\/produit\\\/semoir-ms21-dynamic\\\/#breadcrumb\",\"itemListElement\":[{\"@type\":\"ListItem\",\"position\":1,\"name\":\"Accueil\",\"item\":\"https:\\\/\\\/www.ebra-semoir.fr\\\/\"},{\"@type\":\"ListItem\",\"position\":2,\"name\":\"Boutique en ligne\",\"item\":\"https:\\\/\\\/www.ebra-semoir.fr\\\/boutique-en-ligne\\\/\"},{\"@type\":\"ListItem\",\"position\":3,\"name\":\"Semoir MS21 Dynamic\"}]},{\"@type\":\"WebSite\",\"@id\":\"https:\\\/\\\/www.ebra-semoir.fr\\\/#website\",\"url\":\"https:\\\/\\\/www.ebra-semoir.fr\\\/\",\"name\":\"Semoirs Ebra\",\"description\":\"Ebra - Les Semoirs de Pr\u00e9cision\",\"publisher\":{\"@id\":\"https:\\\/\\\/www.ebra-semoir.fr\\\/#organization\"},\"potentialAction\":[{\"@type\":\"SearchAction\",\"target\":{\"@type\":\"EntryPoint\",\"urlTemplate\":\"https:\\\/\\\/www.ebra-semoir.fr\\\/?s={search_term_string}\"},\"query-input\":{\"@type\":\"PropertyValueSpecification\",\"valueRequired\":true,\"valueName\":\"search_term_string\"}}],\"inLanguage\":\"en-US\"},{\"@type\":\"Organization\",\"@id\":\"https:\\\/\\\/www.ebra-semoir.fr\\\/#organization\",\"name\":\"Semoirs Ebra\",\"url\":\"https:\\\/\\\/www.ebra-semoir.fr\\\/\",\"logo\":{\"@type\":\"ImageObject\",\"inLanguage\":\"en-US\",\"@id\":\"https:\\\/\\\/www.ebra-semoir.fr\\\/#\\\/schema\\\/logo\\\/image\\\/\",\"url\":\"https:\\\/\\\/www.ebra-semoir.fr\\\/wp-content\\\/uploads\\\/2018\\\/05\\\/logo-ebra-white.png\",\"contentUrl\":\"https:\\\/\\\/www.ebra-semoir.fr\\\/wp-content\\\/uploads\\\/2018\\\/05\\\/logo-ebra-white.png\",\"width\":208,\"height\":78,\"caption\":\"Semoirs Ebra\"},\"image\":{\"@id\":\"https:\\\/\\\/www.ebra-semoir.fr\\\/#\\\/schema\\\/logo\\\/image\\\/\"}}]}<\/script>\n<!-- \/ Yoast SEO plugin. -->","yoast_head_json":{"title":"Semoir MS21 Dynamic - Semoirs Ebra","description":"Semoir attel\u00e9, b\u00e9n\u00e9ficiant de dispositifs permettant de semer avec une grande pr\u00e9cision, sur 1 \u00e0 6 rangs en terre finement pr\u00e9par\u00e9e.","robots":{"index":"index","follow":"follow","max-snippet":"max-snippet:-1","max-image-preview":"max-image-preview:large","max-video-preview":"max-video-preview:-1"},"canonical":"https:\/\/www.ebra-semoir.fr\/en\/product\/semoir-ms21-dynamic\/","og_locale":"en_US","og_type":"article","og_title":"Semoir MS21 Dynamic - Semoirs Ebra","og_description":"Semoir attel\u00e9, b\u00e9n\u00e9ficiant de dispositifs permettant de semer avec une grande pr\u00e9cision, sur 1 \u00e0 6 rangs en terre finement pr\u00e9par\u00e9e.","og_url":"https:\/\/www.ebra-semoir.fr\/en\/product\/semoir-ms21-dynamic\/","og_site_name":"Semoirs Ebra","article_modified_time":"2026-02-15T17:58:16+00:00","og_image":[{"width":2560,"height":1588,"url":"https:\/\/www.ebra-semoir.fr\/wp-content\/uploads\/2025\/12\/MS-21-Dynamic-scaled.jpg","type":"image\/jpeg"}],"twitter_card":"summary_large_image","twitter_misc":{"Est. reading time":"1 minute"},"schema":{"@context":"https:\/\/schema.org","@graph":[{"@type":"WebPage","@id":"https:\/\/www.ebra-semoir.fr\/produit\/semoir-ms21-dynamic\/","url":"https:\/\/www.ebra-semoir.fr\/produit\/semoir-ms21-dynamic\/","name":"Semoir MS21 Dynamic - Semoirs Ebra","isPartOf":{"@id":"https:\/\/www.ebra-semoir.fr\/#website"},"primaryImageOfPage":{"@id":"https:\/\/www.ebra-semoir.fr\/produit\/semoir-ms21-dynamic\/#primaryimage"},"image":{"@id":"https:\/\/www.ebra-semoir.fr\/produit\/semoir-ms21-dynamic\/#primaryimage"},"thumbnailUrl":"https:\/\/www.ebra-semoir.fr\/wp-content\/uploads\/2025\/12\/MS-21-Dynamic-scaled.jpg","datePublished":"2025-12-26T19:37:54+00:00","dateModified":"2026-02-15T17:58:16+00:00","description":"Semoir attel\u00e9, b\u00e9n\u00e9ficiant de dispositifs permettant de semer avec une grande pr\u00e9cision, sur 1 \u00e0 6 rangs en terre finement pr\u00e9par\u00e9e.","breadcrumb":{"@id":"https:\/\/www.ebra-semoir.fr\/produit\/semoir-ms21-dynamic\/#breadcrumb"},"inLanguage":"en-US","potentialAction":[{"@type":"ReadAction","target":["https:\/\/www.ebra-semoir.fr\/produit\/semoir-ms21-dynamic\/"]}]},{"@type":"ImageObject","inLanguage":"en-US","@id":"https:\/\/www.ebra-semoir.fr\/produit\/semoir-ms21-dynamic\/#primaryimage","url":"https:\/\/www.ebra-semoir.fr\/wp-content\/uploads\/2025\/12\/MS-21-Dynamic-scaled.jpg","contentUrl":"https:\/\/www.ebra-semoir.fr\/wp-content\/uploads\/2025\/12\/MS-21-Dynamic-scaled.jpg","width":2560,"height":1588,"caption":"Semoir MS21 Dynamic"},{"@type":"BreadcrumbList","@id":"https:\/\/www.ebra-semoir.fr\/produit\/semoir-ms21-dynamic\/#breadcrumb","itemListElement":[{"@type":"ListItem","position":1,"name":"Accueil","item":"https:\/\/www.ebra-semoir.fr\/"},{"@type":"ListItem","position":2,"name":"Boutique en ligne","item":"https:\/\/www.ebra-semoir.fr\/boutique-en-ligne\/"},{"@type":"ListItem","position":3,"name":"Semoir MS21 Dynamic"}]},{"@type":"WebSite","@id":"https:\/\/www.ebra-semoir.fr\/#website","url":"https:\/\/www.ebra-semoir.fr\/","name":"Semoirs Ebra","description":"Ebra - Les Semoirs de Pr\u00e9cision","publisher":{"@id":"https:\/\/www.ebra-semoir.fr\/#organization"},"potentialAction":[{"@type":"SearchAction","target":{"@type":"EntryPoint","urlTemplate":"https:\/\/www.ebra-semoir.fr\/?s={search_term_string}"},"query-input":{"@type":"PropertyValueSpecification","valueRequired":true,"valueName":"search_term_string"}}],"inLanguage":"en-US"},{"@type":"Organization","@id":"https:\/\/www.ebra-semoir.fr\/#organization","name":"Semoirs Ebra","url":"https:\/\/www.ebra-semoir.fr\/","logo":{"@type":"ImageObject","inLanguage":"en-US","@id":"https:\/\/www.ebra-semoir.fr\/#\/schema\/logo\/image\/","url":"https:\/\/www.ebra-semoir.fr\/wp-content\/uploads\/2018\/05\/logo-ebra-white.png","contentUrl":"https:\/\/www.ebra-semoir.fr\/wp-content\/uploads\/2018\/05\/logo-ebra-white.png","width":208,"height":78,"caption":"Semoirs Ebra"},"image":{"@id":"https:\/\/www.ebra-semoir.fr\/#\/schema\/logo\/image\/"}}]}},"_links":{"self":[{"href":"https:\/\/www.ebra-semoir.fr\/en\/wp-json\/wp\/v2\/product\/27526","targetHints":{"allow":["GET"]}}],"collection":[{"href":"https:\/\/www.ebra-semoir.fr\/en\/wp-json\/wp\/v2\/product"}],"about":[{"href":"https:\/\/www.ebra-semoir.fr\/en\/wp-json\/wp\/v2\/types\/product"}],"replies":[{"embeddable":true,"href":"https:\/\/www.ebra-semoir.fr\/en\/wp-json\/wp\/v2\/comments?post=27526"}],"version-history":[{"count":16,"href":"https:\/\/www.ebra-semoir.fr\/en\/wp-json\/wp\/v2\/product\/27526\/revisions"}],"predecessor-version":[{"id":28850,"href":"https:\/\/www.ebra-semoir.fr\/en\/wp-json\/wp\/v2\/product\/27526\/revisions\/28850"}],"wp:featuredmedia":[{"embeddable":true,"href":"https:\/\/www.ebra-semoir.fr\/en\/wp-json\/wp\/v2\/media\/27527"}],"wp:attachment":[{"href":"https:\/\/www.ebra-semoir.fr\/en\/wp-json\/wp\/v2\/media?parent=27526"}],"wp:term":[{"taxonomy":"product_brand","embeddable":true,"href":"https:\/\/www.ebra-semoir.fr\/en\/wp-json\/wp\/v2\/product_brand?post=27526"},{"taxonomy":"product_cat","embeddable":true,"href":"https:\/\/www.ebra-semoir.fr\/en\/wp-json\/wp\/v2\/product_cat?post=27526"},{"taxonomy":"product_tag","embeddable":true,"href":"https:\/\/www.ebra-semoir.fr\/en\/wp-json\/wp\/v2\/product_tag?post=27526"}],"curies":[{"name":"wp","href":"https:\/\/api.w.org\/{rel}","templated":true}]}}