{"id":27658,"date":"2025-12-28T15:48:54","date_gmt":"2025-12-28T14:48:54","guid":{"rendered":"https:\/\/www.ebra-semoir.fr\/?post_type=product&#038;p=27658"},"modified":"2026-02-16T09:23:48","modified_gmt":"2026-02-16T08:23:48","slug":"semoir-su201-expert","status":"publish","type":"product","link":"https:\/\/www.ebra-semoir.fr\/en\/product\/semoir-su201-expert\/","title":{"rendered":"Semoir SU201 Expert"},"content":{"rendered":"<p><span style=\"color: #111111;\"><span style=\"font-family: .SFUI-Regular, serif;\"><span style=\"font-size: medium;\">Le semoir attel\u00e9 <\/span><\/span><\/span><span style=\"color: #111111;\"><span style=\"font-family: .SFUI-Bold, serif;\"><span style=\"font-size: medium;\"><b>EBRA SU 201 Expert<\/b><\/span><\/span><\/span><span style=\"color: #111111;\"><span style=\"font-family: .SFUI-Regular, serif;\"><span style=\"font-size: medium;\"> combine toute la polyvalence de la s\u00e9rie SU 201 avec des <\/span><\/span><\/span><span style=\"color: #111111;\"><span style=\"font-family: .SFUI-Bold, serif;\"><span style=\"font-size: medium;\"><b>\u00e9quipements performants et des r\u00e9glages pr\u00e9cis<\/b><\/span><\/span><\/span><span style=\"color: #111111;\"><span style=\"font-family: .SFUI-Regular, serif;\"><span style=\"font-size: medium;\">, pour des semis r\u00e9guliers sur sols difficiles ou vari\u00e9s. <\/span><\/span><\/span><\/p>\n<p><span style=\"color: #111111;\"><span style=\"font-family: .SFUI-Regular, serif;\"><span style=\"font-size: medium;\">Particuli\u00e8rement adapt\u00e9 pour les cultures de plein champ dans toutes conditions exigeantes, il offre une distribution m\u00e9canique fiable, un ch\u00e2ssis robuste et des fonctionnalit\u00e9s avanc\u00e9es pour optimiser pr\u00e9cision, efficacit\u00e9 et facilit\u00e9 d\u2019utilisation derri\u00e8re tracteur.\u00a0<\/span><\/span><\/span><\/p>\n<h2 style=\"text-align: center;\">Produits associ\u00e9s<\/h2>\n<div class=\"wp-block-button has-custom-width wp-block-button__width-100\" style=\"text-align: center;\"><a class=\"wp-block-button__link has-vivid-red-background-color has-background wp-element-button\" href=\"\/en\/accessoires-pour-su-201-expert\/\">Commander les accessoires adapt\u00e9s pour ce semoir<\/a><\/div>\n<p>&nbsp;<\/p>\n<div class=\"wp-block-button has-custom-width wp-block-button__width-100\" style=\"text-align: center;\">\n<p><a class=\"wp-block-button__link has-vivid-red-background-color has-background wp-element-button\" href=\"\/en\/product\/element-seul-pour-semoir-su201-expert\/\">El\u00e9ment seul pour semoir SU201 Expert<\/a><\/p>\n<\/div>","protected":false},"excerpt":{"rendered":"<p><span style=\"color: #111111;\"><span style=\"font-family: .SFUI-Bold, serif;\"><span style=\"font-size: medium;\"><b>SU 201 Expert : semez avec pr\u00e9cision et simplicit\u00e9 toutes vos cultures, m\u00eame dans des conditions difficiles.<\/b><\/span><\/span><\/span><\/p>\n<h4>Ce semoir n&rsquo;est pas vendu en ligne actuellement.<\/h4>\n<h4>Les prix mentionn\u00e9s ci-apr\u00e8s sont indicatifs.<br \/>\nPour le commander : <span style=\"color: red; border: 4px solid red;\"><a href=\"\/en\/contact\/\"> demander un devis\u00a0 <\/a><\/span><\/h4>","protected":false},"featured_media":27659,"comment_status":"open","ping_status":"closed","template":"","meta":{"_gspb_post_css":""},"product_brand":[],"product_cat":[221],"product_tag":[],"class_list":{"0":"post-27658","1":"product","2":"type-product","3":"status-publish","4":"has-post-thumbnail","6":"product_cat-semoir","8":"entry","9":"has-media","11":"first","12":"outofstock","13":"taxable","14":"shipping-taxable","15":"purchasable","16":"product-type-variable","17":"col","18":"span_1_of_5","19":"owp-content-center","20":"owp-thumbs-layout-horizontal","21":"owp-btn-normal","22":"owp-tabs-layout-horizontal","23":"has-no-thumbnails"},"yoast_head":"<!-- This site is optimized with the Yoast SEO plugin v27.3 - https:\/\/yoast.com\/product\/yoast-seo-wordpress\/ -->\n<title>Semoir SU201 Expert - Semoirs Ebra<\/title>\n<meta name=\"description\" content=\"Semoir le plus complet de la gamme Ebra SU 201, con\u00e7ue pour semis de plein champ ou conditions difficiles. Grande pr\u00e9cision et facilit\u00e9 d&#039;utilisation\" \/>\n<meta name=\"robots\" content=\"index, follow, max-snippet:-1, max-image-preview:large, max-video-preview:-1\" \/>\n<link rel=\"canonical\" href=\"https:\/\/www.ebra-semoir.fr\/en\/product\/semoir-su201-expert\/\" \/>\n<meta property=\"og:locale\" content=\"en_US\" \/>\n<meta property=\"og:type\" content=\"article\" \/>\n<meta property=\"og:title\" content=\"Semoir SU201 Expert - Semoirs Ebra\" \/>\n<meta property=\"og:description\" content=\"Semoir le plus complet de la gamme Ebra SU 201, con\u00e7ue pour semis de plein champ ou conditions difficiles. Grande pr\u00e9cision et facilit\u00e9 d&#039;utilisation\" \/>\n<meta property=\"og:url\" content=\"https:\/\/www.ebra-semoir.fr\/en\/product\/semoir-su201-expert\/\" \/>\n<meta property=\"og:site_name\" content=\"Semoirs Ebra\" \/>\n<meta property=\"article:modified_time\" content=\"2026-02-16T08:23:48+00:00\" \/>\n<meta property=\"og:image\" content=\"https:\/\/www.ebra-semoir.fr\/wp-content\/uploads\/2025\/12\/SU-201-Expert.jpg\" \/>\n\t<meta property=\"og:image:width\" content=\"1487\" \/>\n\t<meta property=\"og:image:height\" content=\"1057\" \/>\n\t<meta property=\"og:image:type\" content=\"image\/jpeg\" \/>\n<meta name=\"twitter:card\" content=\"summary_large_image\" \/>\n<meta name=\"twitter:label1\" content=\"Est. reading time\" \/>\n\t<meta name=\"twitter:data1\" content=\"1 minute\" \/>\n<script type=\"application\/ld+json\" class=\"yoast-schema-graph\">{\"@context\":\"https:\\\/\\\/schema.org\",\"@graph\":[{\"@type\":\"WebPage\",\"@id\":\"https:\\\/\\\/www.ebra-semoir.fr\\\/produit\\\/semoir-su201-expert\\\/\",\"url\":\"https:\\\/\\\/www.ebra-semoir.fr\\\/produit\\\/semoir-su201-expert\\\/\",\"name\":\"Semoir SU201 Expert - Semoirs Ebra\",\"isPartOf\":{\"@id\":\"https:\\\/\\\/www.ebra-semoir.fr\\\/#website\"},\"primaryImageOfPage\":{\"@id\":\"https:\\\/\\\/www.ebra-semoir.fr\\\/produit\\\/semoir-su201-expert\\\/#primaryimage\"},\"image\":{\"@id\":\"https:\\\/\\\/www.ebra-semoir.fr\\\/produit\\\/semoir-su201-expert\\\/#primaryimage\"},\"thumbnailUrl\":\"https:\\\/\\\/www.ebra-semoir.fr\\\/wp-content\\\/uploads\\\/2025\\\/12\\\/SU-201-Expert.jpg\",\"datePublished\":\"2025-12-28T14:48:54+00:00\",\"dateModified\":\"2026-02-16T08:23:48+00:00\",\"description\":\"Semoir le plus complet de la gamme Ebra SU 201, con\u00e7ue pour semis de plein champ ou conditions difficiles. Grande pr\u00e9cision et facilit\u00e9 d'utilisation\",\"breadcrumb\":{\"@id\":\"https:\\\/\\\/www.ebra-semoir.fr\\\/produit\\\/semoir-su201-expert\\\/#breadcrumb\"},\"inLanguage\":\"en-US\",\"potentialAction\":[{\"@type\":\"ReadAction\",\"target\":[\"https:\\\/\\\/www.ebra-semoir.fr\\\/produit\\\/semoir-su201-expert\\\/\"]}]},{\"@type\":\"ImageObject\",\"inLanguage\":\"en-US\",\"@id\":\"https:\\\/\\\/www.ebra-semoir.fr\\\/produit\\\/semoir-su201-expert\\\/#primaryimage\",\"url\":\"https:\\\/\\\/www.ebra-semoir.fr\\\/wp-content\\\/uploads\\\/2025\\\/12\\\/SU-201-Expert.jpg\",\"contentUrl\":\"https:\\\/\\\/www.ebra-semoir.fr\\\/wp-content\\\/uploads\\\/2025\\\/12\\\/SU-201-Expert.jpg\",\"width\":1487,\"height\":1057,\"caption\":\"Semoir Ebra SU201 Expert\"},{\"@type\":\"BreadcrumbList\",\"@id\":\"https:\\\/\\\/www.ebra-semoir.fr\\\/produit\\\/semoir-su201-expert\\\/#breadcrumb\",\"itemListElement\":[{\"@type\":\"ListItem\",\"position\":1,\"name\":\"Accueil\",\"item\":\"https:\\\/\\\/www.ebra-semoir.fr\\\/\"},{\"@type\":\"ListItem\",\"position\":2,\"name\":\"Boutique en ligne\",\"item\":\"https:\\\/\\\/www.ebra-semoir.fr\\\/boutique-en-ligne\\\/\"},{\"@type\":\"ListItem\",\"position\":3,\"name\":\"Semoir SU201 Expert\"}]},{\"@type\":\"WebSite\",\"@id\":\"https:\\\/\\\/www.ebra-semoir.fr\\\/#website\",\"url\":\"https:\\\/\\\/www.ebra-semoir.fr\\\/\",\"name\":\"Semoirs Ebra\",\"description\":\"Ebra - Les Semoirs de Pr\u00e9cision\",\"publisher\":{\"@id\":\"https:\\\/\\\/www.ebra-semoir.fr\\\/#organization\"},\"potentialAction\":[{\"@type\":\"SearchAction\",\"target\":{\"@type\":\"EntryPoint\",\"urlTemplate\":\"https:\\\/\\\/www.ebra-semoir.fr\\\/?s={search_term_string}\"},\"query-input\":{\"@type\":\"PropertyValueSpecification\",\"valueRequired\":true,\"valueName\":\"search_term_string\"}}],\"inLanguage\":\"en-US\"},{\"@type\":\"Organization\",\"@id\":\"https:\\\/\\\/www.ebra-semoir.fr\\\/#organization\",\"name\":\"Semoirs Ebra\",\"url\":\"https:\\\/\\\/www.ebra-semoir.fr\\\/\",\"logo\":{\"@type\":\"ImageObject\",\"inLanguage\":\"en-US\",\"@id\":\"https:\\\/\\\/www.ebra-semoir.fr\\\/#\\\/schema\\\/logo\\\/image\\\/\",\"url\":\"https:\\\/\\\/www.ebra-semoir.fr\\\/wp-content\\\/uploads\\\/2018\\\/05\\\/logo-ebra-white.png\",\"contentUrl\":\"https:\\\/\\\/www.ebra-semoir.fr\\\/wp-content\\\/uploads\\\/2018\\\/05\\\/logo-ebra-white.png\",\"width\":208,\"height\":78,\"caption\":\"Semoirs Ebra\"},\"image\":{\"@id\":\"https:\\\/\\\/www.ebra-semoir.fr\\\/#\\\/schema\\\/logo\\\/image\\\/\"}}]}<\/script>\n<!-- \/ Yoast SEO plugin. -->","yoast_head_json":{"title":"Semoir SU201 Expert - Semoirs Ebra","description":"Semoir le plus complet de la gamme Ebra SU 201, con\u00e7ue pour semis de plein champ ou conditions difficiles. Grande pr\u00e9cision et facilit\u00e9 d'utilisation","robots":{"index":"index","follow":"follow","max-snippet":"max-snippet:-1","max-image-preview":"max-image-preview:large","max-video-preview":"max-video-preview:-1"},"canonical":"https:\/\/www.ebra-semoir.fr\/en\/product\/semoir-su201-expert\/","og_locale":"en_US","og_type":"article","og_title":"Semoir SU201 Expert - Semoirs Ebra","og_description":"Semoir le plus complet de la gamme Ebra SU 201, con\u00e7ue pour semis de plein champ ou conditions difficiles. Grande pr\u00e9cision et facilit\u00e9 d'utilisation","og_url":"https:\/\/www.ebra-semoir.fr\/en\/product\/semoir-su201-expert\/","og_site_name":"Semoirs Ebra","article_modified_time":"2026-02-16T08:23:48+00:00","og_image":[{"width":1487,"height":1057,"url":"https:\/\/www.ebra-semoir.fr\/wp-content\/uploads\/2025\/12\/SU-201-Expert.jpg","type":"image\/jpeg"}],"twitter_card":"summary_large_image","twitter_misc":{"Est. reading time":"1 minute"},"schema":{"@context":"https:\/\/schema.org","@graph":[{"@type":"WebPage","@id":"https:\/\/www.ebra-semoir.fr\/produit\/semoir-su201-expert\/","url":"https:\/\/www.ebra-semoir.fr\/produit\/semoir-su201-expert\/","name":"Semoir SU201 Expert - Semoirs Ebra","isPartOf":{"@id":"https:\/\/www.ebra-semoir.fr\/#website"},"primaryImageOfPage":{"@id":"https:\/\/www.ebra-semoir.fr\/produit\/semoir-su201-expert\/#primaryimage"},"image":{"@id":"https:\/\/www.ebra-semoir.fr\/produit\/semoir-su201-expert\/#primaryimage"},"thumbnailUrl":"https:\/\/www.ebra-semoir.fr\/wp-content\/uploads\/2025\/12\/SU-201-Expert.jpg","datePublished":"2025-12-28T14:48:54+00:00","dateModified":"2026-02-16T08:23:48+00:00","description":"Semoir le plus complet de la gamme Ebra SU 201, con\u00e7ue pour semis de plein champ ou conditions difficiles. Grande pr\u00e9cision et facilit\u00e9 d'utilisation","breadcrumb":{"@id":"https:\/\/www.ebra-semoir.fr\/produit\/semoir-su201-expert\/#breadcrumb"},"inLanguage":"en-US","potentialAction":[{"@type":"ReadAction","target":["https:\/\/www.ebra-semoir.fr\/produit\/semoir-su201-expert\/"]}]},{"@type":"ImageObject","inLanguage":"en-US","@id":"https:\/\/www.ebra-semoir.fr\/produit\/semoir-su201-expert\/#primaryimage","url":"https:\/\/www.ebra-semoir.fr\/wp-content\/uploads\/2025\/12\/SU-201-Expert.jpg","contentUrl":"https:\/\/www.ebra-semoir.fr\/wp-content\/uploads\/2025\/12\/SU-201-Expert.jpg","width":1487,"height":1057,"caption":"Semoir Ebra SU201 Expert"},{"@type":"BreadcrumbList","@id":"https:\/\/www.ebra-semoir.fr\/produit\/semoir-su201-expert\/#breadcrumb","itemListElement":[{"@type":"ListItem","position":1,"name":"Accueil","item":"https:\/\/www.ebra-semoir.fr\/"},{"@type":"ListItem","position":2,"name":"Boutique en ligne","item":"https:\/\/www.ebra-semoir.fr\/boutique-en-ligne\/"},{"@type":"ListItem","position":3,"name":"Semoir SU201 Expert"}]},{"@type":"WebSite","@id":"https:\/\/www.ebra-semoir.fr\/#website","url":"https:\/\/www.ebra-semoir.fr\/","name":"Semoirs Ebra","description":"Ebra - Les Semoirs de Pr\u00e9cision","publisher":{"@id":"https:\/\/www.ebra-semoir.fr\/#organization"},"potentialAction":[{"@type":"SearchAction","target":{"@type":"EntryPoint","urlTemplate":"https:\/\/www.ebra-semoir.fr\/?s={search_term_string}"},"query-input":{"@type":"PropertyValueSpecification","valueRequired":true,"valueName":"search_term_string"}}],"inLanguage":"en-US"},{"@type":"Organization","@id":"https:\/\/www.ebra-semoir.fr\/#organization","name":"Semoirs Ebra","url":"https:\/\/www.ebra-semoir.fr\/","logo":{"@type":"ImageObject","inLanguage":"en-US","@id":"https:\/\/www.ebra-semoir.fr\/#\/schema\/logo\/image\/","url":"https:\/\/www.ebra-semoir.fr\/wp-content\/uploads\/2018\/05\/logo-ebra-white.png","contentUrl":"https:\/\/www.ebra-semoir.fr\/wp-content\/uploads\/2018\/05\/logo-ebra-white.png","width":208,"height":78,"caption":"Semoirs Ebra"},"image":{"@id":"https:\/\/www.ebra-semoir.fr\/#\/schema\/logo\/image\/"}}]}},"_links":{"self":[{"href":"https:\/\/www.ebra-semoir.fr\/en\/wp-json\/wp\/v2\/product\/27658","targetHints":{"allow":["GET"]}}],"collection":[{"href":"https:\/\/www.ebra-semoir.fr\/en\/wp-json\/wp\/v2\/product"}],"about":[{"href":"https:\/\/www.ebra-semoir.fr\/en\/wp-json\/wp\/v2\/types\/product"}],"replies":[{"embeddable":true,"href":"https:\/\/www.ebra-semoir.fr\/en\/wp-json\/wp\/v2\/comments?post=27658"}],"version-history":[{"count":8,"href":"https:\/\/www.ebra-semoir.fr\/en\/wp-json\/wp\/v2\/product\/27658\/revisions"}],"predecessor-version":[{"id":28746,"href":"https:\/\/www.ebra-semoir.fr\/en\/wp-json\/wp\/v2\/product\/27658\/revisions\/28746"}],"wp:featuredmedia":[{"embeddable":true,"href":"https:\/\/www.ebra-semoir.fr\/en\/wp-json\/wp\/v2\/media\/27659"}],"wp:attachment":[{"href":"https:\/\/www.ebra-semoir.fr\/en\/wp-json\/wp\/v2\/media?parent=27658"}],"wp:term":[{"taxonomy":"product_brand","embeddable":true,"href":"https:\/\/www.ebra-semoir.fr\/en\/wp-json\/wp\/v2\/product_brand?post=27658"},{"taxonomy":"product_cat","embeddable":true,"href":"https:\/\/www.ebra-semoir.fr\/en\/wp-json\/wp\/v2\/product_cat?post=27658"},{"taxonomy":"product_tag","embeddable":true,"href":"https:\/\/www.ebra-semoir.fr\/en\/wp-json\/wp\/v2\/product_tag?post=27658"}],"curies":[{"name":"wp","href":"https:\/\/api.w.org\/{rel}","templated":true}]}}