{"id":27697,"date":"2025-12-28T18:11:00","date_gmt":"2025-12-28T17:11:00","guid":{"rendered":"https:\/\/www.ebra-semoir.fr\/?post_type=product&#038;p=27697"},"modified":"2026-02-16T18:06:45","modified_gmt":"2026-02-16T17:06:45","slug":"fertiliseur","status":"publish","type":"product","link":"https:\/\/www.ebra-semoir.fr\/en\/product\/fertiliseur\/","title":{"rendered":"Fertiliseur"},"content":{"rendered":"<p>Les kits fertiliseurs sont propos\u00e9s sp\u00e9cifiquement pour les semoirs Ebra.<\/p>\n<p>Ils permettent de r\u00e9aliser, en un seul passage les op\u00e9rations de semis et d&rsquo;\u00e9pandage d&rsquo;engrais, de mani\u00e8re localis\u00e9e avec pr\u00e9cision.<\/p>","protected":false},"excerpt":{"rendered":"<h4>Ce fertiliseur n&rsquo;est pas vendu en ligne actuellement.<\/h4>\n<h4>Les prix mentionn\u00e9s ci-apr\u00e8s sont indicatifs.<\/h4>\n<h4>Pour commander le fertiliseur : <span style=\"color: red; border: 4px solid red;\"><a href=\"\/en\/contact\/\"> demander un devis\u00a0 <\/a><\/span><\/h4>","protected":false},"featured_media":27698,"comment_status":"open","ping_status":"closed","template":"","meta":{"_gspb_post_css":""},"product_brand":[],"product_cat":[81],"product_tag":[],"class_list":{"0":"post-27697","1":"product","2":"type-product","3":"status-publish","4":"has-post-thumbnail","6":"product_cat-non-classe","8":"entry","9":"has-media","11":"first","12":"outofstock","13":"taxable","14":"shipping-taxable","15":"purchasable","16":"product-type-variable","17":"col","18":"span_1_of_5","19":"owp-content-center","20":"owp-thumbs-layout-horizontal","21":"owp-btn-normal","22":"owp-tabs-layout-horizontal","23":"has-no-thumbnails"},"yoast_head":"<!-- This site is optimized with the Yoast SEO plugin v27.3 - https:\/\/yoast.com\/product\/yoast-seo-wordpress\/ -->\n<title>Fertiliseur - Semoirs Ebra<\/title>\n<meta name=\"description\" content=\"Les fertiliseurs propos\u00e9s pour les semoirs Ebra permettent de r\u00e9aliser, en un seul passage les op\u00e9rations de semis et d&#039;\u00e9pandage d&#039;engrais,\" \/>\n<meta name=\"robots\" content=\"index, follow, max-snippet:-1, max-image-preview:large, max-video-preview:-1\" \/>\n<link rel=\"canonical\" href=\"https:\/\/www.ebra-semoir.fr\/en\/product\/fertiliseur\/\" \/>\n<meta property=\"og:locale\" content=\"en_US\" \/>\n<meta property=\"og:type\" content=\"article\" \/>\n<meta property=\"og:title\" content=\"Fertiliseur - Semoirs Ebra\" \/>\n<meta property=\"og:description\" content=\"Les fertiliseurs propos\u00e9s pour les semoirs Ebra permettent de r\u00e9aliser, en un seul passage les op\u00e9rations de semis et d&#039;\u00e9pandage d&#039;engrais,\" \/>\n<meta property=\"og:url\" content=\"https:\/\/www.ebra-semoir.fr\/en\/product\/fertiliseur\/\" \/>\n<meta property=\"og:site_name\" content=\"Semoirs Ebra\" \/>\n<meta property=\"article:modified_time\" content=\"2026-02-16T17:06:45+00:00\" \/>\n<meta property=\"og:image\" content=\"https:\/\/www.ebra-semoir.fr\/wp-content\/uploads\/2025\/12\/102_2790-scaled.jpg\" \/>\n\t<meta property=\"og:image:width\" content=\"2560\" \/>\n\t<meta property=\"og:image:height\" content=\"1920\" \/>\n\t<meta property=\"og:image:type\" content=\"image\/jpeg\" \/>\n<meta name=\"twitter:card\" content=\"summary_large_image\" \/>\n<meta name=\"twitter:label1\" content=\"Est. reading time\" \/>\n\t<meta name=\"twitter:data1\" content=\"1 minute\" \/>\n<script type=\"application\/ld+json\" class=\"yoast-schema-graph\">{\"@context\":\"https:\\\/\\\/schema.org\",\"@graph\":[{\"@type\":\"WebPage\",\"@id\":\"https:\\\/\\\/www.ebra-semoir.fr\\\/produit\\\/fertiliseur\\\/\",\"url\":\"https:\\\/\\\/www.ebra-semoir.fr\\\/produit\\\/fertiliseur\\\/\",\"name\":\"Fertiliseur - Semoirs Ebra\",\"isPartOf\":{\"@id\":\"https:\\\/\\\/www.ebra-semoir.fr\\\/#website\"},\"primaryImageOfPage\":{\"@id\":\"https:\\\/\\\/www.ebra-semoir.fr\\\/produit\\\/fertiliseur\\\/#primaryimage\"},\"image\":{\"@id\":\"https:\\\/\\\/www.ebra-semoir.fr\\\/produit\\\/fertiliseur\\\/#primaryimage\"},\"thumbnailUrl\":\"https:\\\/\\\/www.ebra-semoir.fr\\\/wp-content\\\/uploads\\\/2025\\\/12\\\/102_2790-scaled.jpg\",\"datePublished\":\"2025-12-28T17:11:00+00:00\",\"dateModified\":\"2026-02-16T17:06:45+00:00\",\"description\":\"Les fertiliseurs propos\u00e9s pour les semoirs Ebra permettent de r\u00e9aliser, en un seul passage les op\u00e9rations de semis et d'\u00e9pandage d'engrais,\",\"breadcrumb\":{\"@id\":\"https:\\\/\\\/www.ebra-semoir.fr\\\/produit\\\/fertiliseur\\\/#breadcrumb\"},\"inLanguage\":\"en-US\",\"potentialAction\":[{\"@type\":\"ReadAction\",\"target\":[\"https:\\\/\\\/www.ebra-semoir.fr\\\/produit\\\/fertiliseur\\\/\"]}]},{\"@type\":\"ImageObject\",\"inLanguage\":\"en-US\",\"@id\":\"https:\\\/\\\/www.ebra-semoir.fr\\\/produit\\\/fertiliseur\\\/#primaryimage\",\"url\":\"https:\\\/\\\/www.ebra-semoir.fr\\\/wp-content\\\/uploads\\\/2025\\\/12\\\/102_2790-scaled.jpg\",\"contentUrl\":\"https:\\\/\\\/www.ebra-semoir.fr\\\/wp-content\\\/uploads\\\/2025\\\/12\\\/102_2790-scaled.jpg\",\"width\":2560,\"height\":1920,\"caption\":\"KODAK DIGITAL STILL CAMERA\"},{\"@type\":\"BreadcrumbList\",\"@id\":\"https:\\\/\\\/www.ebra-semoir.fr\\\/produit\\\/fertiliseur\\\/#breadcrumb\",\"itemListElement\":[{\"@type\":\"ListItem\",\"position\":1,\"name\":\"Accueil\",\"item\":\"https:\\\/\\\/www.ebra-semoir.fr\\\/\"},{\"@type\":\"ListItem\",\"position\":2,\"name\":\"Boutique en ligne\",\"item\":\"https:\\\/\\\/www.ebra-semoir.fr\\\/boutique-en-ligne\\\/\"},{\"@type\":\"ListItem\",\"position\":3,\"name\":\"Fertiliseur\"}]},{\"@type\":\"WebSite\",\"@id\":\"https:\\\/\\\/www.ebra-semoir.fr\\\/#website\",\"url\":\"https:\\\/\\\/www.ebra-semoir.fr\\\/\",\"name\":\"Semoirs Ebra\",\"description\":\"Ebra - Les Semoirs de Pr\u00e9cision\",\"publisher\":{\"@id\":\"https:\\\/\\\/www.ebra-semoir.fr\\\/#organization\"},\"potentialAction\":[{\"@type\":\"SearchAction\",\"target\":{\"@type\":\"EntryPoint\",\"urlTemplate\":\"https:\\\/\\\/www.ebra-semoir.fr\\\/?s={search_term_string}\"},\"query-input\":{\"@type\":\"PropertyValueSpecification\",\"valueRequired\":true,\"valueName\":\"search_term_string\"}}],\"inLanguage\":\"en-US\"},{\"@type\":\"Organization\",\"@id\":\"https:\\\/\\\/www.ebra-semoir.fr\\\/#organization\",\"name\":\"Semoirs Ebra\",\"url\":\"https:\\\/\\\/www.ebra-semoir.fr\\\/\",\"logo\":{\"@type\":\"ImageObject\",\"inLanguage\":\"en-US\",\"@id\":\"https:\\\/\\\/www.ebra-semoir.fr\\\/#\\\/schema\\\/logo\\\/image\\\/\",\"url\":\"https:\\\/\\\/www.ebra-semoir.fr\\\/wp-content\\\/uploads\\\/2018\\\/05\\\/logo-ebra-white.png\",\"contentUrl\":\"https:\\\/\\\/www.ebra-semoir.fr\\\/wp-content\\\/uploads\\\/2018\\\/05\\\/logo-ebra-white.png\",\"width\":208,\"height\":78,\"caption\":\"Semoirs Ebra\"},\"image\":{\"@id\":\"https:\\\/\\\/www.ebra-semoir.fr\\\/#\\\/schema\\\/logo\\\/image\\\/\"}}]}<\/script>\n<!-- \/ Yoast SEO plugin. -->","yoast_head_json":{"title":"Fertiliseur - Semoirs Ebra","description":"Les fertiliseurs propos\u00e9s pour les semoirs Ebra permettent de r\u00e9aliser, en un seul passage les op\u00e9rations de semis et d'\u00e9pandage d'engrais,","robots":{"index":"index","follow":"follow","max-snippet":"max-snippet:-1","max-image-preview":"max-image-preview:large","max-video-preview":"max-video-preview:-1"},"canonical":"https:\/\/www.ebra-semoir.fr\/en\/product\/fertiliseur\/","og_locale":"en_US","og_type":"article","og_title":"Fertiliseur - Semoirs Ebra","og_description":"Les fertiliseurs propos\u00e9s pour les semoirs Ebra permettent de r\u00e9aliser, en un seul passage les op\u00e9rations de semis et d'\u00e9pandage d'engrais,","og_url":"https:\/\/www.ebra-semoir.fr\/en\/product\/fertiliseur\/","og_site_name":"Semoirs Ebra","article_modified_time":"2026-02-16T17:06:45+00:00","og_image":[{"width":2560,"height":1920,"url":"https:\/\/www.ebra-semoir.fr\/wp-content\/uploads\/2025\/12\/102_2790-scaled.jpg","type":"image\/jpeg"}],"twitter_card":"summary_large_image","twitter_misc":{"Est. reading time":"1 minute"},"schema":{"@context":"https:\/\/schema.org","@graph":[{"@type":"WebPage","@id":"https:\/\/www.ebra-semoir.fr\/produit\/fertiliseur\/","url":"https:\/\/www.ebra-semoir.fr\/produit\/fertiliseur\/","name":"Fertiliseur - Semoirs Ebra","isPartOf":{"@id":"https:\/\/www.ebra-semoir.fr\/#website"},"primaryImageOfPage":{"@id":"https:\/\/www.ebra-semoir.fr\/produit\/fertiliseur\/#primaryimage"},"image":{"@id":"https:\/\/www.ebra-semoir.fr\/produit\/fertiliseur\/#primaryimage"},"thumbnailUrl":"https:\/\/www.ebra-semoir.fr\/wp-content\/uploads\/2025\/12\/102_2790-scaled.jpg","datePublished":"2025-12-28T17:11:00+00:00","dateModified":"2026-02-16T17:06:45+00:00","description":"Les fertiliseurs propos\u00e9s pour les semoirs Ebra permettent de r\u00e9aliser, en un seul passage les op\u00e9rations de semis et d'\u00e9pandage d'engrais,","breadcrumb":{"@id":"https:\/\/www.ebra-semoir.fr\/produit\/fertiliseur\/#breadcrumb"},"inLanguage":"en-US","potentialAction":[{"@type":"ReadAction","target":["https:\/\/www.ebra-semoir.fr\/produit\/fertiliseur\/"]}]},{"@type":"ImageObject","inLanguage":"en-US","@id":"https:\/\/www.ebra-semoir.fr\/produit\/fertiliseur\/#primaryimage","url":"https:\/\/www.ebra-semoir.fr\/wp-content\/uploads\/2025\/12\/102_2790-scaled.jpg","contentUrl":"https:\/\/www.ebra-semoir.fr\/wp-content\/uploads\/2025\/12\/102_2790-scaled.jpg","width":2560,"height":1920,"caption":"KODAK DIGITAL STILL CAMERA"},{"@type":"BreadcrumbList","@id":"https:\/\/www.ebra-semoir.fr\/produit\/fertiliseur\/#breadcrumb","itemListElement":[{"@type":"ListItem","position":1,"name":"Accueil","item":"https:\/\/www.ebra-semoir.fr\/"},{"@type":"ListItem","position":2,"name":"Boutique en ligne","item":"https:\/\/www.ebra-semoir.fr\/boutique-en-ligne\/"},{"@type":"ListItem","position":3,"name":"Fertiliseur"}]},{"@type":"WebSite","@id":"https:\/\/www.ebra-semoir.fr\/#website","url":"https:\/\/www.ebra-semoir.fr\/","name":"Semoirs Ebra","description":"Ebra - Les Semoirs de Pr\u00e9cision","publisher":{"@id":"https:\/\/www.ebra-semoir.fr\/#organization"},"potentialAction":[{"@type":"SearchAction","target":{"@type":"EntryPoint","urlTemplate":"https:\/\/www.ebra-semoir.fr\/?s={search_term_string}"},"query-input":{"@type":"PropertyValueSpecification","valueRequired":true,"valueName":"search_term_string"}}],"inLanguage":"en-US"},{"@type":"Organization","@id":"https:\/\/www.ebra-semoir.fr\/#organization","name":"Semoirs Ebra","url":"https:\/\/www.ebra-semoir.fr\/","logo":{"@type":"ImageObject","inLanguage":"en-US","@id":"https:\/\/www.ebra-semoir.fr\/#\/schema\/logo\/image\/","url":"https:\/\/www.ebra-semoir.fr\/wp-content\/uploads\/2018\/05\/logo-ebra-white.png","contentUrl":"https:\/\/www.ebra-semoir.fr\/wp-content\/uploads\/2018\/05\/logo-ebra-white.png","width":208,"height":78,"caption":"Semoirs Ebra"},"image":{"@id":"https:\/\/www.ebra-semoir.fr\/#\/schema\/logo\/image\/"}}]}},"_links":{"self":[{"href":"https:\/\/www.ebra-semoir.fr\/en\/wp-json\/wp\/v2\/product\/27697","targetHints":{"allow":["GET"]}}],"collection":[{"href":"https:\/\/www.ebra-semoir.fr\/en\/wp-json\/wp\/v2\/product"}],"about":[{"href":"https:\/\/www.ebra-semoir.fr\/en\/wp-json\/wp\/v2\/types\/product"}],"replies":[{"embeddable":true,"href":"https:\/\/www.ebra-semoir.fr\/en\/wp-json\/wp\/v2\/comments?post=27697"}],"version-history":[{"count":5,"href":"https:\/\/www.ebra-semoir.fr\/en\/wp-json\/wp\/v2\/product\/27697\/revisions"}],"predecessor-version":[{"id":28888,"href":"https:\/\/www.ebra-semoir.fr\/en\/wp-json\/wp\/v2\/product\/27697\/revisions\/28888"}],"wp:featuredmedia":[{"embeddable":true,"href":"https:\/\/www.ebra-semoir.fr\/en\/wp-json\/wp\/v2\/media\/27698"}],"wp:attachment":[{"href":"https:\/\/www.ebra-semoir.fr\/en\/wp-json\/wp\/v2\/media?parent=27697"}],"wp:term":[{"taxonomy":"product_brand","embeddable":true,"href":"https:\/\/www.ebra-semoir.fr\/en\/wp-json\/wp\/v2\/product_brand?post=27697"},{"taxonomy":"product_cat","embeddable":true,"href":"https:\/\/www.ebra-semoir.fr\/en\/wp-json\/wp\/v2\/product_cat?post=27697"},{"taxonomy":"product_tag","embeddable":true,"href":"https:\/\/www.ebra-semoir.fr\/en\/wp-json\/wp\/v2\/product_tag?post=27697"}],"curies":[{"name":"wp","href":"https:\/\/api.w.org\/{rel}","templated":true}]}}